{"id":3042,"date":"2020-03-01T15:04:05","date_gmt":"2020-03-01T14:04:05","guid":{"rendered":"https:\/\/274105-www.web.tornado-node.net\/product\/import-placeholder-for-1441\/"},"modified":"2023-11-16T20:56:57","modified_gmt":"2023-11-16T19:56:57","slug":"eheim-sirkulasjonspumpe-compact-on","status":"publish","type":"product","link":"https:\/\/pim.fuglebutikken.no\/nb\/produkt\/eheim-sirkulasjonspumpe-compact-on\/","title":{"rendered":"Eheim Sirkulasjonspumpe Compact On"},"content":{"rendered":"<p>Eheim CompactON er en kompakt, men allikevel kraftig akvariepumpe.<br \/>\nDen kommer i flere ulike st\u00f8rrelser, med kapasitet fra 170 til 12000 liter per time.<br \/>\nKan brukes b\u00e5de i fersk- og saltvann. Egner seg b\u00e5de til sump i saltvann og utedam.<\/p>\n<p>Eheim er et anerkjent merke fra Tyskland som har v\u00e6rt p\u00e5 markedet i mange \u00e5r.<br \/>\nDe leverer driftssikkert utstyr og anbefales til akvarister p\u00e5 alle niv\u00e5.<\/p>\n<p>Vi skaffer reservedeler til de fleste Eheim modeller.<br \/>\nKontakt oss dersom du trenger rotorer, pakninger, slanger, r\u00f8r eller andre deler til din Eheim pumpe.<\/p>","protected":false},"excerpt":{"rendered":"<p>Eheim Sirkulasjonspumpe Compact On er en kompakt, men allikevel kraftig akvariepumpe.<br \/>\nDen kommer i flere ulike st\u00f8rrelser, med kapasitet fra 170 til 12000 liter per time.<br \/>\nKan brukes b\u00e5de i fersk- og saltvann. Egner seg b\u00e5de til sump i saltvann og utedam.<\/p>","protected":false},"featured_media":3058,"comment_status":"open","ping_status":"closed","template":"","meta":{"_uf_show_specific_survey":0,"_uf_disable_surveys":false},"pwb-brand":[3858],"product_brand":[],"product_cat":[280,276],"product_tag":[],"class_list":{"0":"post-3042","1":"product","2":"type-product","3":"status-publish","4":"has-post-thumbnail","6":"pwb-brand-eheim","7":"product_cat-innvendig","8":"product_cat-pumper-sirkulasjon","10":"first","11":"instock","12":"taxable","13":"shipping-taxable","14":"purchasable","15":"product-type-variable","16":"has-default-attributes"},"exclude_global_add_ons":[],"addons":[],"brands":[{"id":3858,"name":"Eheim","slug":"eheim"}],"_links":{"self":[{"href":"https:\/\/pim.fuglebutikken.no\/nb\/wp-json\/wp\/v2\/product\/3042","targetHints":{"allow":["GET"]}}],"collection":[{"href":"https:\/\/pim.fuglebutikken.no\/nb\/wp-json\/wp\/v2\/product"}],"about":[{"href":"https:\/\/pim.fuglebutikken.no\/nb\/wp-json\/wp\/v2\/types\/product"}],"replies":[{"embeddable":true,"href":"https:\/\/pim.fuglebutikken.no\/nb\/wp-json\/wp\/v2\/comments?post=3042"}],"wp:featuredmedia":[{"embeddable":true,"href":"https:\/\/pim.fuglebutikken.no\/nb\/wp-json\/wp\/v2\/media\/3058"}],"wp:attachment":[{"href":"https:\/\/pim.fuglebutikken.no\/nb\/wp-json\/wp\/v2\/media?parent=3042"}],"wp:term":[{"taxonomy":"pwb-brand","embeddable":true,"href":"https:\/\/pim.fuglebutikken.no\/nb\/wp-json\/wp\/v2\/pwb-brand?post=3042"},{"taxonomy":"product_brand","embeddable":true,"href":"https:\/\/pim.fuglebutikken.no\/nb\/wp-json\/wp\/v2\/product_brand?post=3042"},{"taxonomy":"product_cat","embeddable":true,"href":"https:\/\/pim.fuglebutikken.no\/nb\/wp-json\/wp\/v2\/product_cat?post=3042"},{"taxonomy":"product_tag","embeddable":true,"href":"https:\/\/pim.fuglebutikken.no\/nb\/wp-json\/wp\/v2\/product_tag?post=3042"}],"curies":[{"name":"wp","href":"https:\/\/api.w.org\/{rel}","templated":true}]}}