{"id":30331,"date":"2020-08-25T21:01:25","date_gmt":"2020-08-25T19:01:25","guid":{"rendered":"https:\/\/274105-www.web.tornado-node.net\/?post_type=product&#038;p=30331"},"modified":"2024-03-09T10:58:42","modified_gmt":"2024-03-09T09:58:42","slug":"utefuglautomat-soyle-1000ml-48cm-sort","status":"publish","type":"product","link":"https:\/\/pim.fuglebutikken.no\/nb\/produkt\/utefuglautomat-soyle-1000ml-48cm-sort\/","title":{"rendered":"Utefuglautomat S\u00f8yle 1000ml 48cm Sort"},"content":{"rendered":"<h2 id=\"tw-target-text\" class=\"tw-data-text tw-text-large XcVN5d tw-ta\" dir=\"ltr\" data-placeholder=\"Oversettelse\"><span class=\"Y2IQFc\" lang=\"no\">Utefuglautomat S\u00f8yle 1000ml 48cm Sort<\/span><\/h2>\n<p class=\"tw-data-text tw-text-large XcVN5d tw-ta\" dir=\"ltr\" data-placeholder=\"Oversettelse\"><span class=\"Y2IQFc\" lang=\"no\">Du kan finne et stort utvalg av f\u00f4rdispensere, fuglematere, fettkuleholdere og fuglebad for ville fugler. Produktene er laget av forskjellige materialer og kommer i forskjellige st\u00f8rrelser, design og farger. Du kan velge mellom fuglef\u00f4r og vanndispensere for oppheng eller st\u00e5ende. Dette gj\u00f8r at du kan finne det rette f\u00f4ringsstedet for hagen din og hjelpe ville fugler i deres s\u00f8ken etter mat, mens du kan observere dem p\u00e5 fritiden.<\/span><\/p>","protected":false},"excerpt":{"rendered":"<h3>Utefuglautomat S\u00f8yle 1000ml 48cm Sort<\/h3>\n<p>Utefuglautomat S\u00f8yle 1000ml 48cm Sort er en utmerket f\u00f4ringsautomat for utefugler med flere innganger for lett tilgang til mat for flere fugler.<\/p>\n<ul>\n<li>med avtagbart lokk for enkel p\u00e5fylling<\/li>\n<li>Krok for oppheng<\/li>\n<li>6 \u00e5pninger med pinne<\/li>\n<li>Volum 1 liter<\/li>\n<li>13 x 48 x 13 cm<\/li>\n<li>Utefugl automat til villfugler i plast<\/li>\n<li>Avtagbare deler i plast, lett \u00e5 rengj\u00f8re<\/li>\n<\/ul>","protected":false},"featured_media":30332,"comment_status":"closed","ping_status":"closed","template":"","meta":{"_uf_show_specific_survey":0,"_uf_disable_surveys":false},"pwb-brand":[3899],"product_brand":[],"product_cat":[4063,4064,4034,70],"product_tag":[5912],"class_list":{"0":"post-30331","1":"product","2":"type-product","3":"status-publish","4":"has-post-thumbnail","6":"pwb-brand-trixie","7":"product_cat-smadyr","8":"product_cat-utedyr","9":"product_cat-utefugl","10":"product_cat-utefuglskaler-og-automater","11":"product_tag-villfugl","13":"first","14":"outofstock","15":"taxable","16":"shipping-taxable","17":"purchasable","18":"product-type-simple"},"exclude_global_add_ons":[],"addons":[],"brands":[{"id":3899,"name":"Trixie","slug":"trixie"}],"_links":{"self":[{"href":"https:\/\/pim.fuglebutikken.no\/nb\/wp-json\/wp\/v2\/product\/30331","targetHints":{"allow":["GET"]}}],"collection":[{"href":"https:\/\/pim.fuglebutikken.no\/nb\/wp-json\/wp\/v2\/product"}],"about":[{"href":"https:\/\/pim.fuglebutikken.no\/nb\/wp-json\/wp\/v2\/types\/product"}],"replies":[{"embeddable":true,"href":"https:\/\/pim.fuglebutikken.no\/nb\/wp-json\/wp\/v2\/comments?post=30331"}],"wp:featuredmedia":[{"embeddable":true,"href":"https:\/\/pim.fuglebutikken.no\/nb\/wp-json\/wp\/v2\/media\/30332"}],"wp:attachment":[{"href":"https:\/\/pim.fuglebutikken.no\/nb\/wp-json\/wp\/v2\/media?parent=30331"}],"wp:term":[{"taxonomy":"pwb-brand","embeddable":true,"href":"https:\/\/pim.fuglebutikken.no\/nb\/wp-json\/wp\/v2\/pwb-brand?post=30331"},{"taxonomy":"product_brand","embeddable":true,"href":"https:\/\/pim.fuglebutikken.no\/nb\/wp-json\/wp\/v2\/product_brand?post=30331"},{"taxonomy":"product_cat","embeddable":true,"href":"https:\/\/pim.fuglebutikken.no\/nb\/wp-json\/wp\/v2\/product_cat?post=30331"},{"taxonomy":"product_tag","embeddable":true,"href":"https:\/\/pim.fuglebutikken.no\/nb\/wp-json\/wp\/v2\/product_tag?post=30331"}],"curies":[{"name":"wp","href":"https:\/\/api.w.org\/{rel}","templated":true}]}}