{"id":30226,"date":"2020-08-25T18:51:28","date_gmt":"2020-08-25T16:51:28","guid":{"rendered":"https:\/\/274105-www.web.tornado-node.net\/?post_type=product&#038;p=30226"},"modified":"2023-11-07T13:14:40","modified_gmt":"2023-11-07T12:14:40","slug":"jbl-protemp-varmekolbe","status":"publish","type":"product","link":"https:\/\/pim.fuglebutikken.no\/nb\/produkt\/jbl-protemp-varmekolbe\/","title":{"rendered":"JBL PROTEMP Varmekolbe"},"content":{"rendered":"<h2 id=\"tw-target-text\" class=\"tw-data-text tw-text-large XcVN5d tw-ta\" dir=\"ltr\" data-placeholder=\"Oversettelse\"><span class=\"Y2IQFc\" lang=\"no\">JBL PROTEMP Varmekolbe -Varmer opp innsiden fra utsiden<\/span><\/h2>\n<p class=\"tw-data-text tw-text-large XcVN5d tw-ta\" dir=\"ltr\" data-placeholder=\"Oversettelse\"><span class=\"Y2IQFc\" lang=\"no\">De fleste akvariefisk kommer fra tropiske farvann og trenger vanntemperaturer mellom 22 og 30 \u00b0 C. I samfunnsakvarier med fisk \/ virvell\u00f8se dyr fra forskjellige regioner har en vanntemperatur p\u00e5 24-26 \u00b0 C vist seg \u00e5 v\u00e6re effektiv. 30 \u00b0 C er bare egnet for noe fiskeoppdrett (f.eks. Diskusfisk). Mange rekearter kommer fra kj\u00f8ligere vann og t\u00e5ler ikke temperaturer p\u00e5 25-30 \u00b0 C. <\/span><\/p>\n<p class=\"tw-data-text tw-text-large XcVN5d tw-ta\" dir=\"ltr\" data-placeholder=\"Oversettelse\"><span class=\"Y2IQFc\" lang=\"no\">Vanntemperaturen b\u00f8r stilles inn med en &#8220;justerbar varmeapparat&#8221; som automatisk regulerer temperaturen. For dette form\u00e5let er det stangformede varmeovner som er festet i akvariet (JBL ProTemp s) i forskjellige wattforbruk og eksterne varmeapparater \/ in-line varmeovner som er integrert i vannet tilbake-slangen til et eksternt filter (JBL ProTemp e) i to watt. Fordelen med eksterne ovner er at det er ett mindre produkt som skal plasseres INNEN i akvariet, og fordelingen av varme i akvariet er jevnere.<\/span><span class=\"Y2IQFc\" lang=\"no\"> I tillegg viser det digitale displayet til den eksterne varmeapparatet alltid tydelig gjeldende vanntemperatur. Utend\u00f8rsovnene kan selvf\u00f8lgelig ogs\u00e5 betjenes med en egen vannpumpe. <\/span><\/p>\n<p class=\"tw-data-text tw-text-large XcVN5d tw-ta\" dir=\"ltr\" data-placeholder=\"Oversettelse\"><span class=\"Y2IQFc\" lang=\"no\">Undergravvarme brukes IKKE til \u00e5 stille inn vanntemperaturen. En undergravvarmekabel s\u00f8rger for en bedre str\u00f8m av vann gjennom underlaget til akvariet, ettersom det oppvarmede vannet ved varmekabelen stiger og kaldere vann str\u00f8mmer inn i omr\u00e5dene mellom varmekablene. Dermed skylles n\u00e6ringsstoffer til planter\u00f8ttene og sikrer optimal plantevekst.<\/span><\/p>\n<p><iframe loading=\"lazy\" title=\"JBL PROTEMP e Au\u00dfenheizer f\u00fcr Aquarien - so bleiben Strom und Technik au\u00dferhalb des Aquariums\" width=\"800\" height=\"450\" src=\"https:\/\/www.youtube.com\/embed\/OOcrhXMlt38?feature=oembed\" frameborder=\"0\" allow=\"accelerometer; autoplay; clipboard-write; encrypted-media; gyroscope; picture-in-picture; web-share\" referrerpolicy=\"strict-origin-when-cross-origin\" allowfullscreen><\/iframe><\/p>","protected":false},"excerpt":{"rendered":"<h3>JBL PROTEMP Varmekolbe<\/h3>\n<ul>\n<li>In-line varmekolbe integrert i slangen til det eksterne akvariefilteret, fjerner behovet for en varmeovn INNE i et akvarium<\/li>\n<li>Enkel installasjon: skj\u00e6r gjennom slangen fra det eksterne filteret som mater vannet tilbake til akvariet, sett inn den eksterne varmeren mellom, sett inn pluggen og still inn \u00f8nsket vanntemperatur<\/li>\n<li>Integreringen i filterkretsen sikrer en meget jevn fordeling av vanntemperaturen med en n\u00f8yaktighet p\u00e5 +\/- 0,5 \u00b0C og et koblingsintervall p\u00e5 1,0 \u00b0C i akvariet<\/li>\n<li>LED-visning av aktuell og \u00f8nsket temperatur. Utskiftbare, p\u00e5skrubare (3\/4&#8221;) slangekoblinger for 12\/16, 16\/22 og 19\/25 mm inkl. slangesikring. Total lengde 30,5 cm<\/li>\n<li>Pakkeinnhold: 1 in-line varmeapparat 300 W for akvarier fra 90-300 l (80-120 cm) med slangekoblinger for 12\/16, 16\/22 og 19\/25 mm og rengj\u00f8ringsb\u00f8rsteJBL<\/li>\n<li>PROTEMP Varmekolbe kobles til slangen p\u00e5 utvendigfilter. Slange tilkoblinger f\u00f8lger med.<\/li>\n<\/ul>","protected":false},"featured_media":90342,"comment_status":"closed","ping_status":"closed","template":"","meta":{"_uf_show_specific_survey":0,"_uf_disable_surveys":false},"pwb-brand":[3886],"product_brand":[],"product_cat":[4092,268,362],"product_tag":[6903,2957,1517],"class_list":{"0":"post-30226","1":"product","2":"type-product","3":"status-publish","4":"has-post-thumbnail","6":"pwb-brand-jbl","7":"product_cat-akvaristikk","8":"product_cat-akvarium-lys-og-varme","9":"product_cat-varmekolber","10":"product_tag-akvarievarme","11":"product_tag-utvendig","12":"product_tag-varmekolbe","14":"first","15":"instock","16":"taxable","17":"shipping-taxable","18":"purchasable","19":"product-type-variable","20":"has-default-attributes"},"exclude_global_add_ons":[],"addons":[],"brands":[{"id":3886,"name":"JBL","slug":"jbl"}],"_links":{"self":[{"href":"https:\/\/pim.fuglebutikken.no\/nb\/wp-json\/wp\/v2\/product\/30226","targetHints":{"allow":["GET"]}}],"collection":[{"href":"https:\/\/pim.fuglebutikken.no\/nb\/wp-json\/wp\/v2\/product"}],"about":[{"href":"https:\/\/pim.fuglebutikken.no\/nb\/wp-json\/wp\/v2\/types\/product"}],"replies":[{"embeddable":true,"href":"https:\/\/pim.fuglebutikken.no\/nb\/wp-json\/wp\/v2\/comments?post=30226"}],"wp:featuredmedia":[{"embeddable":true,"href":"https:\/\/pim.fuglebutikken.no\/nb\/wp-json\/wp\/v2\/media\/90342"}],"wp:attachment":[{"href":"https:\/\/pim.fuglebutikken.no\/nb\/wp-json\/wp\/v2\/media?parent=30226"}],"wp:term":[{"taxonomy":"pwb-brand","embeddable":true,"href":"https:\/\/pim.fuglebutikken.no\/nb\/wp-json\/wp\/v2\/pwb-brand?post=30226"},{"taxonomy":"product_brand","embeddable":true,"href":"https:\/\/pim.fuglebutikken.no\/nb\/wp-json\/wp\/v2\/product_brand?post=30226"},{"taxonomy":"product_cat","embeddable":true,"href":"https:\/\/pim.fuglebutikken.no\/nb\/wp-json\/wp\/v2\/product_cat?post=30226"},{"taxonomy":"product_tag","embeddable":true,"href":"https:\/\/pim.fuglebutikken.no\/nb\/wp-json\/wp\/v2\/product_tag?post=30226"}],"curies":[{"name":"wp","href":"https:\/\/api.w.org\/{rel}","templated":true}]}}