{"id":30060,"date":"2020-08-22T19:28:09","date_gmt":"2020-08-22T17:28:09","guid":{"rendered":"https:\/\/274105-www.web.tornado-node.net\/?post_type=product&#038;p=30060"},"modified":"2023-09-16T22:35:18","modified_gmt":"2023-09-16T20:35:18","slug":"orbiloc-sports-kit","status":"publish","type":"product","link":"https:\/\/pim.fuglebutikken.no\/nb\/produkt\/orbiloc-sports-kit\/","title":{"rendered":"Orbiloc Sports Kit"},"content":{"rendered":"<p>ports Kit fra Orbiloc:<br \/>\nI denne pakken f\u00e5r du med:<br \/>\n1 x Orbiloc armb\u00e5nd<br \/>\n1 x Orbiloc clip<\/p>\n<p>Orbiloc Sports Kit er laget for friluftsidrettsfolk. Enten du l\u00f8per, klatrer, padler, g\u00e5r, rir p\u00e5 hesteryggen eller noe helt annet, med Sports Kit kan du enkelt og effektivt b\u00e6re Orbiloc Safety Light p\u00e5 armen.<\/p>\n<p>Armb\u00e5ndet er laget av mykt neopren, som f\u00f8les veldig behagelig p\u00e5 huden din og ikke irriterer. Borrel\u00e5sfestet lar deg justere st\u00f8rrelsen p\u00e5 armb\u00e5ndet raskt, slik at du kan starte aktiviteten.<\/p>\n<p>Klippet fester Orbiloc sikkerhetslyset til armb\u00e5ndet og s\u00f8rger for at sikkerhetslyset holder seg tett mens du fortsetter aktiviteter. I samsvar med orbiloc sitt motto \u201cOne Fits All\u201d, kan klippet ogs\u00e5 festes til lommer, vesker, st\u00f8vler og mye mer, alt fra 24 til 40cm.<\/p>","protected":false},"excerpt":{"rendered":"<p>Orbiloc Sports Kit er laget for friluftsidrettsfolk. Enten du l\u00f8per, klatrer, padler, g\u00e5r, rir p\u00e5 hesteryggen eller noe helt annet, med Sports Kit kan du enkelt og effektivt b\u00e6re Orbiloc Safety Light p\u00e5 armen.<\/p>","protected":false},"featured_media":30061,"comment_status":"closed","ping_status":"closed","template":"","meta":{"_uf_show_specific_survey":0,"_uf_disable_surveys":false},"pwb-brand":[3951],"product_brand":[],"product_cat":[969,1107,4957,1218],"product_tag":[],"class_list":{"0":"post-30060","1":"product","2":"type-product","3":"status-publish","4":"has-post-thumbnail","6":"pwb-brand-orbilock","7":"product_cat-hund","8":"product_cat-nyttige-produkter-tilbehor","9":"product_cat-refleks-dyreeier","10":"product_cat-refleks-og-lys","12":"first","13":"instock","14":"taxable","15":"shipping-taxable","16":"purchasable","17":"product-type-simple"},"exclude_global_add_ons":[],"addons":[],"brands":[{"id":3951,"name":"Orbilock","slug":"orbilock"}],"_links":{"self":[{"href":"https:\/\/pim.fuglebutikken.no\/nb\/wp-json\/wp\/v2\/product\/30060","targetHints":{"allow":["GET"]}}],"collection":[{"href":"https:\/\/pim.fuglebutikken.no\/nb\/wp-json\/wp\/v2\/product"}],"about":[{"href":"https:\/\/pim.fuglebutikken.no\/nb\/wp-json\/wp\/v2\/types\/product"}],"replies":[{"embeddable":true,"href":"https:\/\/pim.fuglebutikken.no\/nb\/wp-json\/wp\/v2\/comments?post=30060"}],"wp:featuredmedia":[{"embeddable":true,"href":"https:\/\/pim.fuglebutikken.no\/nb\/wp-json\/wp\/v2\/media\/30061"}],"wp:attachment":[{"href":"https:\/\/pim.fuglebutikken.no\/nb\/wp-json\/wp\/v2\/media?parent=30060"}],"wp:term":[{"taxonomy":"pwb-brand","embeddable":true,"href":"https:\/\/pim.fuglebutikken.no\/nb\/wp-json\/wp\/v2\/pwb-brand?post=30060"},{"taxonomy":"product_brand","embeddable":true,"href":"https:\/\/pim.fuglebutikken.no\/nb\/wp-json\/wp\/v2\/product_brand?post=30060"},{"taxonomy":"product_cat","embeddable":true,"href":"https:\/\/pim.fuglebutikken.no\/nb\/wp-json\/wp\/v2\/product_cat?post=30060"},{"taxonomy":"product_tag","embeddable":true,"href":"https:\/\/pim.fuglebutikken.no\/nb\/wp-json\/wp\/v2\/product_tag?post=30060"}],"curies":[{"name":"wp","href":"https:\/\/api.w.org\/{rel}","templated":true}]}}