{"id":30048,"date":"2020-08-22T19:05:30","date_gmt":"2020-08-22T17:05:30","guid":{"rendered":"https:\/\/274105-www.web.tornado-node.net\/?post_type=product&#038;p=30048"},"modified":"2023-09-16T22:38:35","modified_gmt":"2023-09-16T20:38:35","slug":"orbiloc-dual-clip","status":"publish","type":"product","link":"https:\/\/pim.fuglebutikken.no\/nb\/produkt\/orbiloc-dual-clip\/","title":{"rendered":"Orbiloc Dual Clip"},"content":{"rendered":"<p>ORBILOC CLIP passer perfekt p\u00e5 jakker, redningsvester og p\u00e5 de fleste krager og selet\u00f8y. Veldig praktisk hvis du bruker ORBILOC DOG DUAL p\u00e5 forskjellige krager og trenger en rask endring fra ett til et annet.<br \/>\nORBILOC CLIP har en \u00e5pen slutt, og vil derfor ikke falle av i r\u00f8ff lek o.l. Hvis du har en veldig aktiv hund anbefaler vi at du bruker ORBILOC BUCKLE og ORBILOC gummistropp for \u00e5 v\u00e6re 100% sikker.<\/p>","protected":false},"excerpt":{"rendered":"<p>Enkelt feste til Orbiloc sikkerhetslys som lar deg feste lys over alt fra seler, halsb\u00e5nd eller tepper!.<\/p>","protected":false},"featured_media":30050,"comment_status":"closed","ping_status":"closed","template":"","meta":{"_uf_show_specific_survey":0,"_uf_disable_surveys":false},"pwb-brand":[3951],"product_brand":[],"product_cat":[969,1107,4957,1218],"product_tag":[],"class_list":{"0":"post-30048","1":"product","2":"type-product","3":"status-publish","4":"has-post-thumbnail","6":"pwb-brand-orbilock","7":"product_cat-hund","8":"product_cat-nyttige-produkter-tilbehor","9":"product_cat-refleks-dyreeier","10":"product_cat-refleks-og-lys","12":"first","13":"instock","14":"taxable","15":"shipping-taxable","16":"purchasable","17":"product-type-simple"},"exclude_global_add_ons":[],"addons":[],"brands":[{"id":3951,"name":"Orbilock","slug":"orbilock"}],"_links":{"self":[{"href":"https:\/\/pim.fuglebutikken.no\/nb\/wp-json\/wp\/v2\/product\/30048","targetHints":{"allow":["GET"]}}],"collection":[{"href":"https:\/\/pim.fuglebutikken.no\/nb\/wp-json\/wp\/v2\/product"}],"about":[{"href":"https:\/\/pim.fuglebutikken.no\/nb\/wp-json\/wp\/v2\/types\/product"}],"replies":[{"embeddable":true,"href":"https:\/\/pim.fuglebutikken.no\/nb\/wp-json\/wp\/v2\/comments?post=30048"}],"wp:featuredmedia":[{"embeddable":true,"href":"https:\/\/pim.fuglebutikken.no\/nb\/wp-json\/wp\/v2\/media\/30050"}],"wp:attachment":[{"href":"https:\/\/pim.fuglebutikken.no\/nb\/wp-json\/wp\/v2\/media?parent=30048"}],"wp:term":[{"taxonomy":"pwb-brand","embeddable":true,"href":"https:\/\/pim.fuglebutikken.no\/nb\/wp-json\/wp\/v2\/pwb-brand?post=30048"},{"taxonomy":"product_brand","embeddable":true,"href":"https:\/\/pim.fuglebutikken.no\/nb\/wp-json\/wp\/v2\/product_brand?post=30048"},{"taxonomy":"product_cat","embeddable":true,"href":"https:\/\/pim.fuglebutikken.no\/nb\/wp-json\/wp\/v2\/product_cat?post=30048"},{"taxonomy":"product_tag","embeddable":true,"href":"https:\/\/pim.fuglebutikken.no\/nb\/wp-json\/wp\/v2\/product_tag?post=30048"}],"curies":[{"name":"wp","href":"https:\/\/api.w.org\/{rel}","templated":true}]}}