{"id":29686,"date":"2020-08-11T23:25:47","date_gmt":"2020-08-11T21:25:47","guid":{"rendered":"https:\/\/274105-www.web.tornado-node.net\/?post_type=product&#038;p=29686"},"modified":"2023-08-10T00:06:29","modified_gmt":"2023-08-09T22:06:29","slug":"trollbike-falcon-hd","status":"publish","type":"product","link":"https:\/\/pim.fuglebutikken.no\/nb\/produkt\/trollbike-falcon-hd\/","title":{"rendered":"Trollbike Falcon HD"},"content":{"rendered":"<h2>Trollbike Falcon HD<\/h2>\n<p>trollbike falcon hd er en lett, men godt utstyr sparkesykkel fra TROLL.<br \/>\nSparkesykkel er et fantastisk treningsredskap som er morsomt til b\u00e5de turer, trening med eller uten hund og som alternativ til sykkelen som fremkomstmiddel.<br \/>\nTreningseffekten for b\u00e5de menneske og hund er dessuten h\u00f8yere p\u00e5 en sparkesykkel sammenlignet med tilsvarende tur p\u00e5 en tr\u00e5sykkel, og disse syklene er derfor et glimrende redskap for \u00e5 bygge eller opprettholde kondisjon og muskler frem mot jakt, konkurranser eller vinterens skiturer.<\/p>\n<p>Med demper p\u00e5 forhjulet, og kombi dekk er sykkelen utstyrt for bruk p\u00e5 b\u00e5de vei og sti. Hydrauliske skivebremser fra Shimano b\u00e5de foran og bak gj\u00f8r sykkelen godt egnet for bruk med b\u00e5de 1 og 2 hunder. Et bredt fotbrett gj\u00f8r det mulig \u00e5 ha begge beina p\u00e5 brettet ogs\u00e5 p\u00e5 denne modellen., ikke s\u00e5 ulikt kostka mushing fun. De fleste komponenter slik som bremser, demping og dekk er standard sykkeldeler og i vanlige dimensjoner slik at reservedeler og service kan fikses p\u00e5 ditt lokale sykkelverksted.<\/p>\n<h2>Tekniske spesifikasjoner:<\/h2>\n<ul>\n<li>Dekk: KENDA Small Block Eight, 26\u201d foran \/ 20\u201d bak<\/li>\n<li>Felger: Aluminium<\/li>\n<li>Bremser: Shimano ML-MT200 Hydrauliske skivebremser<\/li>\n<li>180mm bremseskive, men kan oppgraderes til 203mm<\/li>\n<li>Gaffel: Suntour XCM30 med 120mm vandring. Lock-out p\u00e5 gaffelen.<\/li>\n<li>Ramme: Aluminium<\/li>\n<li>Justerbar styrestem<\/li>\n<li>Farger: R\u00f8d Metallic<\/li>\n<li>Inkludert utstyr: MudGuard foran og helskjerm bak, st\u00f8tte, reflektor foran og bak<\/li>\n<\/ul>\n<h2>M\u00e5l<\/h2>\n<ul>\n<li>Vekt: ca 12 kg med standard utstyr<\/li>\n<li>Fotbrett 14,5cm bred og totalt 39cm langt.<\/li>\n<li>Bakkeklaring: 9cm p\u00e5 p\u00e5 h\u00f8yste h\u00f8yde, uten f\u00f8rer.<\/li>\n<li>H\u00e5ndtak h\u00f8yde: Justerbar 95 \u2013 107cm over bakken.<\/li>\n<li>Brukerh\u00f8yde: 160-190 cm<\/li>\n<li>Maks. vektbelastning: 120 kg<\/li>\n<\/ul>\n<p>Sykkelen leveres &#8220;flatpakket&#8221; i eske, forhjul, skjermer og styre m\u00e5 monteres.<\/p>","protected":false},"excerpt":{"rendered":"<div class=\"woocommerce-product-details__short-description\">\n<div class=\"woocommerce-product-details__short-description\">\n<div class=\"woocommerce-product-details__short-description\">\n<h3>Trollbike Falcon HD<\/h3>\n<p>Solid sparkesykkel fra Trollbike for bruk med eller uten hund. Dempegaffel og hydrauliske Shimano skivebremser foran og bak.<\/p>\n<p>Falcon HD er en lett, men godt utstyr sparkesykkel fra TROLL.<br \/>\nSparkesykkel er et fantastisk treningsredskap som er morsomt til b\u00e5de turer, trening med eller uten hund og som alternativ til sykkelen som fremkomstmiddel.<br \/>\nTreningseffekten for b\u00e5de menneske og hund er dessuten h\u00f8yere p\u00e5 en sparkesykkel sammenlignet med tilsvarende tur p\u00e5 en tr\u00e5sykkel, og disse syklene er derfor et glimrende redskap for \u00e5 bygge eller opprettholde kondisjon og muskler frem mot jakt, konkurranser eller vinterens skiturer.<\/p>\n<\/div>\n<\/div>\n<form class=\"variations_form cart\" style=\"box-sizing: border-box; margin-bottom: 2em; color: #212529; font-family: 'Open Sans'; font-size: 16px; font-style: normal; font-variant-ligatures: normal; font-variant-caps: normal; font-weight: 300; letter-spacing: normal; orphans: 2; text-align: left; text-indent: 0px; text-transform: none; white-space: normal; widows: 2; word-spacing: 0px; -webkit-text-stroke-width: 0px; background-color: #ffffff; text-decoration-style: initial; text-decoration-color: initial;\" action=\"https:\/\/www.troll-hundefor.no\/produkt\/kostka-mushing-fun\/\" enctype=\"multipart\/form-data\" method=\"post\" data-product_id=\"899\" data-product_variations=\"[{&quot;attributes&quot;:{&quot;attribute_farge&quot;:&quot;Mystic Grey&quot;},&quot;availability_html&quot;:&quot;&quot;,&quot;backorders_allowed&quot;:false,&quot;dimensions&quot;:{&quot;length&quot;:&quot;&quot;,&quot;width&quot;:&quot;&quot;,&quot;height&quot;:&quot;&quot;},&quot;dimensions_html&quot;:&quot;I\/A&quot;,&quot;display_price&quot;:7390,&quot;display_regular_price&quot;:7390,&quot;image&quot;:{&quot;title&quot;:&quot;Kostka Mushing Fun grey&quot;,&quot;caption&quot;:&quot;&quot;,&quot;url&quot;:&quot;https:\/\/www.troll-hundefor.no\/wp-content\/uploads\/2018\/09\/Kostka-Mushing-Fun-grey.png&quot;,&quot;alt&quot;:&quot;&quot;,&quot;src&quot;:&quot;https:\/\/www.troll-hundefor.no\/wp-content\/uploads\/2018\/09\/Kostka-Mushing-Fun-grey.png&quot;,&quot;srcset&quot;:&quot;https:\/\/www.troll-hundefor.no\/wp-content\/uploads\/2018\/09\/Kostka-Mushing-Fun-grey.png 979w, https:\/\/www.troll-hundefor.no\/wp-content\/uploads\/2018\/09\/Kostka-Mushing-Fun-grey-300x280.png 300w, https:\/\/www.troll-hundefor.no\/wp-content\/uploads\/2018\/09\/Kostka-Mushing-Fun-grey-768x716.png 768w, https:\/\/www.troll-hundefor.no\/wp-content\/uploads\/2018\/09\/Kostka-Mushing-Fun-grey-32x30.png 32w, https:\/\/www.troll-hundefor.no\/wp-content\/uploads\/2018\/09\/Kostka-Mushing-Fun-grey-800x746.png 800w&quot;,&quot;sizes&quot;:&quot;(max-width: 979px) 100vw, 979px&quot;,&quot;full_src&quot;:&quot;https:\/\/www.troll-hundefor.no\/wp-content\/uploads\/2018\/09\/Kostka-Mushing-Fun-grey.png&quot;,&quot;full_src_w&quot;:979,&quot;full_src_h&quot;:913,&quot;gallery_thumbnail_src&quot;:&quot;https:\/\/www.troll-hundefor.no\/wp-content\/uploads\/2018\/09\/Kostka-Mushing-Fun-grey-100x100.png&quot;,&quot;gallery_thumbnail_src_w&quot;:100,&quot;gallery_thumbnail_src_h&quot;:100,&quot;thumb_src&quot;:&quot;https:\/\/www.troll-hundefor.no\/wp-content\/uploads\/2018\/09\/Kostka-Mushing-Fun-grey-800x746.png&quot;,&quot;thumb_src_w&quot;:800,&quot;thumb_src_h&quot;:746,&quot;src_w&quot;:979,&quot;src_h&quot;:913},&quot;image_id&quot;:1071,&quot;is_downloadable&quot;:false,&quot;is_in_stock&quot;:true,&quot;is_purchasable&quot;:true,&quot;is_sold_individually&quot;:&quot;no&quot;,&quot;is_virtual&quot;:false,&quot;max_qty&quot;:&quot;&quot;,&quot;min_qty&quot;:1,&quot;price_html&quot;:&quot;&quot;,&quot;sku&quot;:&quot;&quot;,&quot;variation_description&quot;:&quot;&lt;p&gt;Kostka Mushing Fun &amp;#8211; Mystic Grey.&lt;\/p&gt;n&quot;,&quot;variation_id&quot;:1072,&quot;variation_is_active&quot;:true,&quot;variation_is_visible&quot;:true,&quot;weight&quot;:&quot;&quot;,&quot;weight_html&quot;:&quot;I\/A&quot;},{&quot;attributes&quot;:{&quot;attribute_farge&quot;:&quot;Neon Lemon&quot;},&quot;availability_html&quot;:&quot;&lt;p class=&quot;stock out-of-stock&quot;&gt;Tomt pu00e5 lager&lt;\/p&gt;n&quot;,&quot;backorders_allowed&quot;:false,&quot;dimensions&quot;:{&quot;length&quot;:&quot;&quot;,&quot;width&quot;:&quot;&quot;,&quot;height&quot;:&quot;&quot;},&quot;dimensions_html&quot;:&quot;I\/A&quot;,&quot;display_price&quot;:7390,&quot;display_regular_price&quot;:7390,&quot;image&quot;:{&quot;title&quot;:&quot;Mushing Max Lemon&quot;,&quot;caption&quot;:&quot;&quot;,&quot;url&quot;:&quot;https:\/\/www.troll-hundefor.no\/wp-content\/uploads\/2019\/07\/Skjermbilde-2019-07-08-kl.-11.42.17.png&quot;,&quot;alt&quot;:&quot;&quot;,&quot;src&quot;:&quot;https:\/\/www.troll-hundefor.no\/wp-content\/uploads\/2019\/07\/Skjermbilde-2019-07-08-kl.-11.42.17.png&quot;,&quot;srcset&quot;:&quot;https:\/\/www.troll-hundefor.no\/wp-content\/uploads\/2019\/07\/Skjermbilde-2019-07-08-kl.-11.42.17.png 1336w, https:\/\/www.troll-hundefor.no\/wp-content\/uploads\/2019\/07\/Skjermbilde-2019-07-08-kl.-11.42.17-300x206.png 300w, https:\/\/www.troll-hundefor.no\/wp-content\/uploads\/2019\/07\/Skjermbilde-2019-07-08-kl.-11.42.17-768x527.png 768w, https:\/\/www.troll-hundefor.no\/wp-content\/uploads\/2019\/07\/Skjermbilde-2019-07-08-kl.-11.42.17-1024x703.png 1024w, https:\/\/www.troll-hundefor.no\/wp-content\/uploads\/2019\/07\/Skjermbilde-2019-07-08-kl.-11.42.17-44x30.png 44w, https:\/\/www.troll-hundefor.no\/wp-content\/uploads\/2019\/07\/Skjermbilde-2019-07-08-kl.-11.42.17-800x549.png 800w&quot;,&quot;sizes&quot;:&quot;(max-width: 1336px) 100vw, 1336px&quot;,&quot;full_src&quot;:&quot;https:\/\/www.troll-hundefor.no\/wp-content\/uploads\/2019\/07\/Skjermbilde-2019-07-08-kl.-11.42.17.png&quot;,&quot;full_src_w&quot;:1336,&quot;full_src_h&quot;:917,&quot;gallery_thumbnail_src&quot;:&quot;https:\/\/www.troll-hundefor.no\/wp-content\/uploads\/2019\/07\/Skjermbilde-2019-07-08-kl.-11.42.17-100x100.png&quot;,&quot;gallery_thumbnail_src_w&quot;:100,&quot;gallery_thumbnail_src_h&quot;:100,&quot;thumb_src&quot;:&quot;https:\/\/www.troll-hundefor.no\/wp-content\/uploads\/2019\/07\/Skjermbilde-2019-07-08-kl.-11.42.17-800x549.png&quot;,&quot;thumb_src_w&quot;:800,&quot;thumb_src_h&quot;:549,&quot;src_w&quot;:1336,&quot;src_h&quot;:917},&quot;image_id&quot;:3872,&quot;is_downloadable&quot;:false,&quot;is_in_stock&quot;:false,&quot;is_purchasable&quot;:true,&quot;is_sold_individually&quot;:&quot;no&quot;,&quot;is_virtual&quot;:false,&quot;max_qty&quot;:&quot;&quot;,&quot;min_qty&quot;:1,&quot;price_html&quot;:&quot;&quot;,&quot;sku&quot;:&quot;&quot;,&quot;variation_description&quot;:&quot;&lt;p&gt;Kostka Mushing Fun &amp;#8211; Neon Lemon&lt;\/p&gt;n&quot;,&quot;variation_id&quot;:1073,&quot;variation_is_active&quot;:true,&quot;variation_is_visible&quot;:true,&quot;weight&quot;:&quot;&quot;,&quot;weight_html&quot;:&quot;I\/A&quot;}]\"><\/form>\n<\/div>\n<form class=\"variations_form cart\" style=\"box-sizing: border-box; margin-bottom: 2em; color: #212529; font-family: 'Open Sans'; font-size: 16px; font-style: normal; font-variant-ligatures: normal; font-variant-caps: normal; font-weight: 300; letter-spacing: normal; orphans: 2; text-align: left; text-indent: 0px; text-transform: none; white-space: normal; widows: 2; word-spacing: 0px; -webkit-text-stroke-width: 0px; background-color: #ffffff; text-decoration-style: initial; text-decoration-color: initial;\" action=\"https:\/\/www.troll-hundefor.no\/produkt\/kostka-mushing-pro\/\" enctype=\"multipart\/form-data\" method=\"post\" data-product_id=\"904\" data-product_variations=\"[{&quot;attributes&quot;:{&quot;attribute_farve&quot;:&quot;Neon Lemon&quot;},&quot;availability_html&quot;:&quot;&quot;,&quot;backorders_allowed&quot;:false,&quot;dimensions&quot;:{&quot;length&quot;:&quot;&quot;,&quot;width&quot;:&quot;&quot;,&quot;height&quot;:&quot;&quot;},&quot;dimensions_html&quot;:&quot;I\/A&quot;,&quot;display_price&quot;:10490,&quot;display_regular_price&quot;:10490,&quot;image&quot;:{&quot;title&quot;:&quot;Skjermbilde 2020-04-22 kl. 22.53.04&quot;,&quot;caption&quot;:&quot;&quot;,&quot;url&quot;:&quot;https:\/\/www.troll-hundefor.no\/wp-content\/uploads\/2018\/10\/Skjermbilde-2020-04-22-kl.-22.53.04.png&quot;,&quot;alt&quot;:&quot;&quot;,&quot;src&quot;:&quot;https:\/\/www.troll-hundefor.no\/wp-content\/uploads\/2018\/10\/Skjermbilde-2020-04-22-kl.-22.53.04.png&quot;,&quot;srcset&quot;:&quot;https:\/\/www.troll-hundefor.no\/wp-content\/uploads\/2018\/10\/Skjermbilde-2020-04-22-kl.-22.53.04.png 1089w, https:\/\/www.troll-hundefor.no\/wp-content\/uploads\/2018\/10\/Skjermbilde-2020-04-22-kl.-22.53.04-300x211.png 300w, https:\/\/www.troll-hundefor.no\/wp-content\/uploads\/2018\/10\/Skjermbilde-2020-04-22-kl.-22.53.04-1024x719.png 1024w, https:\/\/www.troll-hundefor.no\/wp-content\/uploads\/2018\/10\/Skjermbilde-2020-04-22-kl.-22.53.04-768x540.png 768w, https:\/\/www.troll-hundefor.no\/wp-content\/uploads\/2018\/10\/Skjermbilde-2020-04-22-kl.-22.53.04-43x30.png 43w, https:\/\/www.troll-hundefor.no\/wp-content\/uploads\/2018\/10\/Skjermbilde-2020-04-22-kl.-22.53.04-800x562.png 800w&quot;,&quot;sizes&quot;:&quot;(max-width: 1089px) 100vw, 1089px&quot;,&quot;full_src&quot;:&quot;https:\/\/www.troll-hundefor.no\/wp-content\/uploads\/2018\/10\/Skjermbilde-2020-04-22-kl.-22.53.04.png&quot;,&quot;full_src_w&quot;:1089,&quot;full_src_h&quot;:765,&quot;gallery_thumbnail_src&quot;:&quot;https:\/\/www.troll-hundefor.no\/wp-content\/uploads\/2018\/10\/Skjermbilde-2020-04-22-kl.-22.53.04-100x100.png&quot;,&quot;gallery_thumbnail_src_w&quot;:100,&quot;gallery_thumbnail_src_h&quot;:100,&quot;thumb_src&quot;:&quot;https:\/\/www.troll-hundefor.no\/wp-content\/uploads\/2018\/10\/Skjermbilde-2020-04-22-kl.-22.53.04-800x562.png&quot;,&quot;thumb_src_w&quot;:800,&quot;thumb_src_h&quot;:562,&quot;src_w&quot;:1089,&quot;src_h&quot;:765},&quot;image_id&quot;:7387,&quot;is_downloadable&quot;:false,&quot;is_in_stock&quot;:true,&quot;is_purchasable&quot;:true,&quot;is_sold_individually&quot;:&quot;no&quot;,&quot;is_virtual&quot;:false,&quot;max_qty&quot;:&quot;&quot;,&quot;min_qty&quot;:1,&quot;price_html&quot;:&quot;&quot;,&quot;sku&quot;:&quot;27184-P&quot;,&quot;variation_description&quot;:&quot;&lt;p&gt;KOSTKA Mushing Pro i Neon Lemon&lt;\/p&gt;n&quot;,&quot;variation_id&quot;:905,&quot;variation_is_active&quot;:true,&quot;variation_is_visible&quot;:true,&quot;weight&quot;:&quot;&quot;,&quot;weight_html&quot;:&quot;I\/A&quot;},{&quot;attributes&quot;:{&quot;attribute_farve&quot;:&quot;Mystic Grey&quot;},&quot;availability_html&quot;:&quot;&lt;p class=&quot;stock out-of-stock&quot;&gt;Tomt pu00e5 lager&lt;\/p&gt;n&quot;,&quot;backorders_allowed&quot;:false,&quot;dimensions&quot;:{&quot;length&quot;:&quot;&quot;,&quot;width&quot;:&quot;&quot;,&quot;height&quot;:&quot;&quot;},&quot;dimensions_html&quot;:&quot;I\/A&quot;,&quot;display_price&quot;:10490,&quot;display_regular_price&quot;:10490,&quot;image&quot;:{&quot;title&quot;:&quot;Kostka Mushing Pro grey&quot;,&quot;caption&quot;:&quot;&quot;,&quot;url&quot;:&quot;https:\/\/www.troll-hundefor.no\/wp-content\/uploads\/2018\/09\/Kostka-Mushing-Pro-grey.png&quot;,&quot;alt&quot;:&quot;&quot;,&quot;src&quot;:&quot;https:\/\/www.troll-hundefor.no\/wp-content\/uploads\/2018\/09\/Kostka-Mushing-Pro-grey.png&quot;,&quot;srcset&quot;:&quot;https:\/\/www.troll-hundefor.no\/wp-content\/uploads\/2018\/09\/Kostka-Mushing-Pro-grey.png 992w, https:\/\/www.troll-hundefor.no\/wp-content\/uploads\/2018\/09\/Kostka-Mushing-Pro-grey-300x267.png 300w, https:\/\/www.troll-hundefor.no\/wp-content\/uploads\/2018\/09\/Kostka-Mushing-Pro-grey-768x684.png 768w, https:\/\/www.troll-hundefor.no\/wp-content\/uploads\/2018\/09\/Kostka-Mushing-Pro-grey-34x30.png 34w, https:\/\/www.troll-hundefor.no\/wp-content\/uploads\/2018\/09\/Kostka-Mushing-Pro-grey-800x712.png 800w&quot;,&quot;sizes&quot;:&quot;(max-width: 992px) 100vw, 992px&quot;,&quot;full_src&quot;:&quot;https:\/\/www.troll-hundefor.no\/wp-content\/uploads\/2018\/09\/Kostka-Mushing-Pro-grey.png&quot;,&quot;full_src_w&quot;:992,&quot;full_src_h&quot;:883,&quot;gallery_thumbnail_src&quot;:&quot;https:\/\/www.troll-hundefor.no\/wp-content\/uploads\/2018\/09\/Kostka-Mushing-Pro-grey-100x100.png&quot;,&quot;gallery_thumbnail_src_w&quot;:100,&quot;gallery_thumbnail_src_h&quot;:100,&quot;thumb_src&quot;:&quot;https:\/\/www.troll-hundefor.no\/wp-content\/uploads\/2018\/09\/Kostka-Mushing-Pro-grey-800x712.png&quot;,&quot;thumb_src_w&quot;:800,&quot;thumb_src_h&quot;:712,&quot;src_w&quot;:992,&quot;src_h&quot;:883},&quot;image_id&quot;:1067,&quot;is_downloadable&quot;:false,&quot;is_in_stock&quot;:false,&quot;is_purchasable&quot;:true,&quot;is_sold_individually&quot;:&quot;no&quot;,&quot;is_virtual&quot;:false,&quot;max_qty&quot;:&quot;&quot;,&quot;min_qty&quot;:1,&quot;price_html&quot;:&quot;&quot;,&quot;sku&quot;:&quot;27184-G&quot;,&quot;variation_description&quot;:&quot;&lt;p&gt;KOSTKA Mushing Pro i Mystic Grey&lt;\/p&gt;n&quot;,&quot;variation_id&quot;:907,&quot;variation_is_active&quot;:true,&quot;variation_is_visible&quot;:true,&quot;weight&quot;:&quot;&quot;,&quot;weight_html&quot;:&quot;I\/A&quot;}]\"><\/form>\n","protected":false},"featured_media":29689,"comment_status":"closed","ping_status":"closed","template":"","meta":{"_uf_show_specific_survey":0,"_uf_disable_surveys":false},"pwb-brand":[3975],"product_brand":[],"product_cat":[969,2886,994,997],"product_tag":[974,1011,1081,1004],"class_list":{"0":"post-29686","1":"product","2":"type-product","3":"status-publish","4":"has-post-thumbnail","6":"pwb-brand-trollbike","7":"product_cat-hund","8":"product_cat-sparkesykkel-dogbike","9":"product_cat-trening","10":"product_cat-tur-og-sykkel","11":"product_tag-ferie","12":"product_tag-helse","13":"product_tag-overvektig","14":"product_tag-sommer-varme","16":"first","17":"instock","18":"taxable","19":"shipping-taxable","20":"purchasable","21":"product-type-simple"},"exclude_global_add_ons":[],"addons":[],"brands":[{"id":3975,"name":"Trollbike","slug":"trollbike"}],"_links":{"self":[{"href":"https:\/\/pim.fuglebutikken.no\/nb\/wp-json\/wp\/v2\/product\/29686","targetHints":{"allow":["GET"]}}],"collection":[{"href":"https:\/\/pim.fuglebutikken.no\/nb\/wp-json\/wp\/v2\/product"}],"about":[{"href":"https:\/\/pim.fuglebutikken.no\/nb\/wp-json\/wp\/v2\/types\/product"}],"replies":[{"embeddable":true,"href":"https:\/\/pim.fuglebutikken.no\/nb\/wp-json\/wp\/v2\/comments?post=29686"}],"wp:featuredmedia":[{"embeddable":true,"href":"https:\/\/pim.fuglebutikken.no\/nb\/wp-json\/wp\/v2\/media\/29689"}],"wp:attachment":[{"href":"https:\/\/pim.fuglebutikken.no\/nb\/wp-json\/wp\/v2\/media?parent=29686"}],"wp:term":[{"taxonomy":"pwb-brand","embeddable":true,"href":"https:\/\/pim.fuglebutikken.no\/nb\/wp-json\/wp\/v2\/pwb-brand?post=29686"},{"taxonomy":"product_brand","embeddable":true,"href":"https:\/\/pim.fuglebutikken.no\/nb\/wp-json\/wp\/v2\/product_brand?post=29686"},{"taxonomy":"product_cat","embeddable":true,"href":"https:\/\/pim.fuglebutikken.no\/nb\/wp-json\/wp\/v2\/product_cat?post=29686"},{"taxonomy":"product_tag","embeddable":true,"href":"https:\/\/pim.fuglebutikken.no\/nb\/wp-json\/wp\/v2\/product_tag?post=29686"}],"curies":[{"name":"wp","href":"https:\/\/api.w.org\/{rel}","templated":true}]}}