{"id":29322,"date":"2020-07-21T22:04:37","date_gmt":"2020-07-21T20:04:37","guid":{"rendered":"https:\/\/274105-www.web.tornado-node.net\/?post_type=product&#038;p=29322"},"modified":"2023-08-08T22:10:57","modified_gmt":"2023-08-08T20:10:57","slug":"fossil-rock","status":"publish","type":"product","link":"https:\/\/pim.fuglebutikken.no\/nb\/produkt\/fossil-rock\/","title":{"rendered":"Fossil Rock"},"content":{"rendered":"<p>Fossil Rock<\/p>","protected":false},"excerpt":{"rendered":"<p>Fossil Rock<\/p>\n<p>Flott dekor til terrarium. For design av akvarier og terrarier. Enkle \u00e5 rengj\u00f8re og p\u00e5virker ikke vannkvaliteten. Fossil bergarter er sv\u00e6rt holdbare og ser vakre ut i alle akvarier og terrarium. V\u00e5re fossile bergarter er naturn\u00e6re bergarter som sikrer et naturlig utseende inne i akvariet. Siden de er produsert av et trygt inert polyharpiksmateriale, p\u00e5virker de verken kjemien eller klarheten til vannet. Deres lave vekt unng\u00e5r mulig skade p\u00e5 akvariet.<\/p>\n<ul>\n<li>\u00a0egnet for akvarier og terrarier<\/li>\n<li>naturlig utseende<\/li>\n<li>p\u00e5virker ikke kjemien eller klarheten i vannet<\/li>\n<li>lav vekt og lett \u00e5 rengj\u00f8re<\/li>\n<\/ul>\n<p><img loading=\"lazy\" decoding=\"async\" class=\"alignleft size-full wp-image-59366\" src=\"https:\/\/admin.fuglebutikker.kinsta.cloud\/wp-content\/uploads\/2020\/07\/A_reptiles.jpg\" alt=\"\" width=\"152\" height=\"152\" srcset=\"\/wp-content\/uploads\/2020\/07\/A_reptiles.jpg 152w, \/wp-content\/uploads\/2020\/07\/A_reptiles-150x150.jpg 150w, \/wp-content\/uploads\/2020\/07\/A_reptiles-64x64.jpg 64w\" sizes=\"auto, (max-width: 152px) 100vw, 152px\" \/> <img loading=\"lazy\" decoding=\"async\" class=\"alignleft size-full wp-image-59367\" src=\"https:\/\/admin.fuglebutikker.kinsta.cloud\/wp-content\/uploads\/2020\/07\/A_freshwater.jpg\" alt=\"\" width=\"152\" height=\"152\" srcset=\"\/wp-content\/uploads\/2020\/07\/A_freshwater.jpg 152w, \/wp-content\/uploads\/2020\/07\/A_freshwater-150x150.jpg 150w, \/wp-content\/uploads\/2020\/07\/A_freshwater-64x64.jpg 64w\" sizes=\"auto, (max-width: 152px) 100vw, 152px\" \/><\/p>","protected":false},"featured_media":29327,"comment_status":"closed","ping_status":"closed","template":"","meta":{"_uf_show_specific_survey":0,"_uf_disable_surveys":false},"pwb-brand":[5548,3925],"product_brand":[],"product_cat":[396,256,353,451,432,423,430],"product_tag":[1721,654,2879],"class_list":{"0":"post-29322","1":"product","2":"type-product","3":"status-publish","4":"has-post-thumbnail","6":"pwb-brand-dohse-aquaristik","7":"pwb-brand-hobby-by-dohse","8":"product_cat-akvariedekor","9":"product_cat-grus-og-dekor","10":"product_cat-akvarium-som-hobby","11":"product_cat-grotter-huler","12":"product_cat-planter-dekorasjoner","13":"product_cat-reptil","14":"product_cat-reptildekor","15":"product_tag-akvariedekor","16":"product_tag-akvarium","17":"product_tag-dekorsten","19":"first","20":"instock","21":"taxable","22":"shipping-taxable","23":"purchasable","24":"product-type-variable","25":"has-default-attributes"},"exclude_global_add_ons":[],"addons":[],"brands":[{"id":5548,"name":"Dohse Aquaristik","slug":"dohse-aquaristik"},{"id":3925,"name":"Hobby by Dohse","slug":"hobby-by-dohse"}],"_links":{"self":[{"href":"https:\/\/pim.fuglebutikken.no\/nb\/wp-json\/wp\/v2\/product\/29322","targetHints":{"allow":["GET"]}}],"collection":[{"href":"https:\/\/pim.fuglebutikken.no\/nb\/wp-json\/wp\/v2\/product"}],"about":[{"href":"https:\/\/pim.fuglebutikken.no\/nb\/wp-json\/wp\/v2\/types\/product"}],"replies":[{"embeddable":true,"href":"https:\/\/pim.fuglebutikken.no\/nb\/wp-json\/wp\/v2\/comments?post=29322"}],"wp:featuredmedia":[{"embeddable":true,"href":"https:\/\/pim.fuglebutikken.no\/nb\/wp-json\/wp\/v2\/media\/29327"}],"wp:attachment":[{"href":"https:\/\/pim.fuglebutikken.no\/nb\/wp-json\/wp\/v2\/media?parent=29322"}],"wp:term":[{"taxonomy":"pwb-brand","embeddable":true,"href":"https:\/\/pim.fuglebutikken.no\/nb\/wp-json\/wp\/v2\/pwb-brand?post=29322"},{"taxonomy":"product_brand","embeddable":true,"href":"https:\/\/pim.fuglebutikken.no\/nb\/wp-json\/wp\/v2\/product_brand?post=29322"},{"taxonomy":"product_cat","embeddable":true,"href":"https:\/\/pim.fuglebutikken.no\/nb\/wp-json\/wp\/v2\/product_cat?post=29322"},{"taxonomy":"product_tag","embeddable":true,"href":"https:\/\/pim.fuglebutikken.no\/nb\/wp-json\/wp\/v2\/product_tag?post=29322"}],"curies":[{"name":"wp","href":"https:\/\/api.w.org\/{rel}","templated":true}]}}