{"id":2929,"date":"2020-03-01T15:03:40","date_gmt":"2020-03-01T14:03:40","guid":{"rendered":"https:\/\/274105-www.web.tornado-node.net\/product\/import-placeholder-for-1295\/"},"modified":"2023-12-04T19:45:33","modified_gmt":"2023-12-04T18:45:33","slug":"juwel-foringsautomat","status":"publish","type":"product","link":"https:\/\/pim.fuglebutikken.no\/nb\/produkt\/juwel-foringsautomat\/","title":{"rendered":"Juwel Foringsautomat EasyFeed"},"content":{"rendered":"<h2 id=\"tw-target-text\" class=\"tw-data-text tw-text-large XcVN5d tw-ta\" dir=\"ltr\" data-placeholder=\"Oversettelse\">Juwel Foringsautomat EasyFeed<\/h2>\n<p><img loading=\"lazy\" decoding=\"async\" class=\"size-medium wp-image-66193 alignright\" src=\"https:\/\/fuglebutikken.no\/wp-content\/uploads\/2020\/03\/Juwel-Foringsautomat-EasyFeed-500x500.png\" alt=\"Juwel Foringsautomat EasyFeed\" width=\"500\" height=\"500\" title=\"\" srcset=\"\/wp-content\/uploads\/2020\/03\/Juwel-Foringsautomat-EasyFeed-500x500.png 500w, \/wp-content\/uploads\/2020\/03\/Juwel-Foringsautomat-EasyFeed-150x150.png 150w, \/wp-content\/uploads\/2020\/03\/Juwel-Foringsautomat-EasyFeed-510x510.png 510w, \/wp-content\/uploads\/2020\/03\/Juwel-Foringsautomat-EasyFeed-160x160.png 160w, \/wp-content\/uploads\/2020\/03\/Juwel-Foringsautomat-EasyFeed-300x300.png 300w, \/wp-content\/uploads\/2020\/03\/Juwel-Foringsautomat-EasyFeed-64x64.png 64w, \/wp-content\/uploads\/2020\/03\/Juwel-Foringsautomat-EasyFeed.png 588w\" sizes=\"auto, (max-width: 500px) 100vw, 500px\" \/><\/p>\n<p><a href=\"https:\/\/akvaristikk.no\/wp-content\/uploads\/sites\/6\/2022\/10\/Juwel-Foringsautomat.pdf\" target=\"_blank\" rel=\"noopener\">Instruksjon for nedlasting<\/a> (juwel forautomat bruksanvisning)<\/p>\n<p class=\"tw-data-text tw-text-large XcVN5d tw-ta\" dir=\"ltr\" data-placeholder=\"Oversettelse\"><span class=\"Y2IQFc\" lang=\"no\">Den automatiske materen Juwel kan brukes i ethvert akvarium. Praktisk f\u00f4ringsautomat fra Juwel som gir kontrollert f\u00f4ring av dine fisker. Juwel Feeder f\u00f4ringsautomat gj\u00f8r det enkelt \u00e5 f\u00f4re fiskene selv n\u00e5r du er p\u00e5 ferie. Passer alle Juwels akvarium med en holder til f\u00f4ringsautomaten i akvariumsbelysningen.<\/span><\/p>\n<p>Ved \u00e5 bruke riktig monteringsst\u00f8tte, kan den monteres spesielt enkelt og raskt p\u00e5 ethvert Juwel-akvarium.<\/p>\n<p class=\"tw-data-text tw-text-large XcVN5d tw-ta\" dir=\"ltr\" data-placeholder=\"Oversettelse\"><span class=\"Y2IQFc\" lang=\"no\">Den kan programmeres for to f\u00f4ringssykluser om dagen, slik at du kan mate fisken din med seks timers mellomrom.<\/span><\/p>\n<div class=\"jhH5U\">\n<div id=\"tw-ob\" class=\"tw-src-ltr\">\n<div class=\"oSioSc\">\n<div id=\"tw-target\">\n<div id=\"kAz1tf\" class=\"g9WsWb\">\n<div id=\"tw-target-text-container\" class=\"tw-ta-container hide-focus-ring tw-nfl\">\n<p id=\"tw-target-text\" class=\"tw-data-text tw-text-large XcVN5d tw-ta\" dir=\"ltr\" data-placeholder=\"Oversettelse\"><span class=\"Y2IQFc\" lang=\"no\"><img loading=\"lazy\" decoding=\"async\" class=\"size-medium wp-image-66192 alignleft\" src=\"https:\/\/fuglebutikken.no\/wp-content\/uploads\/2020\/03\/Juwel-Foringsautomat-EasyFeed..-500x500.jpg\" alt=\"Juwel Foringsautomat EasyFeed\" width=\"500\" height=\"500\" title=\"\" srcset=\"\/wp-content\/uploads\/2020\/03\/Juwel-Foringsautomat-EasyFeed..-500x500.jpg 500w, \/wp-content\/uploads\/2020\/03\/Juwel-Foringsautomat-EasyFeed..-150x150.jpg 150w, \/wp-content\/uploads\/2020\/03\/Juwel-Foringsautomat-EasyFeed..-510x510.jpg 510w, \/wp-content\/uploads\/2020\/03\/Juwel-Foringsautomat-EasyFeed..-160x160.jpg 160w, \/wp-content\/uploads\/2020\/03\/Juwel-Foringsautomat-EasyFeed..-300x300.jpg 300w, \/wp-content\/uploads\/2020\/03\/Juwel-Foringsautomat-EasyFeed..-64x64.jpg 64w, \/wp-content\/uploads\/2020\/03\/Juwel-Foringsautomat-EasyFeed...jpg 588w\" sizes=\"auto, (max-width: 500px) 100vw, 500px\" \/><br \/>\n<\/span><\/p>\n<p class=\"tw-data-text tw-text-large XcVN5d tw-ta\" dir=\"ltr\" data-placeholder=\"Oversettelse\"><span class=\"Y2IQFc\" lang=\"no\">Volumet p\u00e5 den justerbare matebeholderen er designet for opptil 60 matinger. F\u00f4r i pelletsform er ideelt for bruk i automatiske matere. <\/span><span class=\"Y2IQFc\" lang=\"no\">\u00a0Juwel-automatmateren drives av AA batterier.<\/span><\/p>\n<\/div>\n<div class=\"iYB33c\">\n<div id=\"tw-tmenu\" class=\"tw-menu\"><\/div>\n<\/div>\n<\/div>\n<\/div>\n<\/div>\n<\/div>\n<div id=\"tw-images\"><\/div>\n<div class=\"dURPtb\"><\/div>\n<\/div>\n<p>&nbsp;<\/p>\n<p>&nbsp;<\/p>\n<p><span class=\"Y2IQFc\" lang=\"no\">For milj\u00f8er med spesielt h\u00f8y luftfuktighet er den automatiske Juwel-materen designet slik at trommelen kan ventileres med en\u00a0<\/span><\/p>\n<p><img loading=\"lazy\" decoding=\"async\" class=\"size-medium wp-image-66191 alignright\" src=\"https:\/\/fuglebutikken.no\/wp-content\/uploads\/2020\/03\/Juwel-Foringsautomat-EasyFeed....-500x500.jpg\" alt=\"Juwel Foringsautomat EasyFeed\" width=\"500\" height=\"500\" title=\"\" srcset=\"\/wp-content\/uploads\/2020\/03\/Juwel-Foringsautomat-EasyFeed....-500x500.jpg 500w, \/wp-content\/uploads\/2020\/03\/Juwel-Foringsautomat-EasyFeed....-150x150.jpg 150w, \/wp-content\/uploads\/2020\/03\/Juwel-Foringsautomat-EasyFeed....-510x510.jpg 510w, \/wp-content\/uploads\/2020\/03\/Juwel-Foringsautomat-EasyFeed....-160x160.jpg 160w, \/wp-content\/uploads\/2020\/03\/Juwel-Foringsautomat-EasyFeed....-300x300.jpg 300w, \/wp-content\/uploads\/2020\/03\/Juwel-Foringsautomat-EasyFeed....-64x64.jpg 64w, \/wp-content\/uploads\/2020\/03\/Juwel-Foringsautomat-EasyFeed.....jpg 588w\" sizes=\"auto, (max-width: 500px) 100vw, 500px\" \/><span class=\"Y2IQFc\" lang=\"no\">v<\/span><span class=\"Y2IQFc\" lang=\"no\">anlig luftpumpe.<\/span><\/p>\n<p>&nbsp;<\/p>\n<p>&nbsp;<\/p>\n<p>&nbsp;<\/p>\n<p>&nbsp;<\/p>\n<p>&nbsp;<\/p>\n<p>&nbsp;<\/p>\n<p>&nbsp;<\/p>\n<p>&nbsp;<\/p>\n<p>&nbsp;<\/p>\n<p>Juwel f\u00f2rautomat og eheim forautomat er de meste solgte f\u00f2rautomater hos oss grunnet god kvalitet og praktiske l\u00f8sninger.<\/p>","protected":false},"excerpt":{"rendered":"<h3>Juwel Foringsautomat EasyFeed<\/h3>\n<p>Juwel Foringsautomat er en automatisk mater. Juwel f\u00f4rautomat fisk er det perfekte tilleggsutstyr til akvariet ditt. Hvert Juwel-akvarium er allerede laget for enkel montering av denne automatiske materen, noe som gj\u00f8r den klar til bruk umiddelbart. F\u00f4rautomat til akvarium er optimalt ogs\u00e5 ved korte frav\u00e6r fra akvariet ditt.<\/p>\n<ul>\n<li>15x7x7cm<\/li>\n<li>Drives av 2 stk AA batterier<\/li>\n<li>Tillater programmering av opptil to f\u00f4ringssykluser per dag<\/li>\n<\/ul>\n<div class=\"jhH5U\">\n<div id=\"tw-ob\" class=\"tw-src-ltr\">\n<div class=\"oSioSc\">\n<div id=\"tw-target\">\n<div id=\"kAz1tf\" class=\"g9WsWb\">\n<div class=\"iYB33c\">\n<div id=\"tw-tmenu\" class=\"tw-menu\"><\/div>\n<\/div>\n<\/div>\n<\/div>\n<\/div>\n<\/div>\n<div id=\"tw-images\"><\/div>\n<div class=\"dURPtb\"><\/div>\n<div>\n<div><\/div>\n<\/div>\n<\/div>","protected":false},"featured_media":63429,"comment_status":"open","ping_status":"closed","template":"","meta":{"_uf_show_specific_survey":0,"_uf_disable_surveys":false},"pwb-brand":[4024],"product_brand":[],"product_cat":[4092,279],"product_tag":[6773,1912,6900],"class_list":{"0":"post-2929","1":"product","2":"type-product","3":"status-publish","4":"has-post-thumbnail","6":"pwb-brand-juwel","7":"product_cat-akvaristikk","8":"product_cat-automat","9":"product_tag-akvarievedlikehold","10":"product_tag-forautomat","11":"product_tag-fortilbehor-for-akvarium","13":"first","14":"instock","15":"downloadable","16":"taxable","17":"shipping-taxable","18":"purchasable","19":"product-type-simple"},"exclude_global_add_ons":[],"addons":[],"brands":[{"id":4024,"name":"Juwel","slug":"juwel"}],"_links":{"self":[{"href":"https:\/\/pim.fuglebutikken.no\/nb\/wp-json\/wp\/v2\/product\/2929","targetHints":{"allow":["GET"]}}],"collection":[{"href":"https:\/\/pim.fuglebutikken.no\/nb\/wp-json\/wp\/v2\/product"}],"about":[{"href":"https:\/\/pim.fuglebutikken.no\/nb\/wp-json\/wp\/v2\/types\/product"}],"replies":[{"embeddable":true,"href":"https:\/\/pim.fuglebutikken.no\/nb\/wp-json\/wp\/v2\/comments?post=2929"}],"wp:featuredmedia":[{"embeddable":true,"href":"https:\/\/pim.fuglebutikken.no\/nb\/wp-json\/wp\/v2\/media\/63429"}],"wp:attachment":[{"href":"https:\/\/pim.fuglebutikken.no\/nb\/wp-json\/wp\/v2\/media?parent=2929"}],"wp:term":[{"taxonomy":"pwb-brand","embeddable":true,"href":"https:\/\/pim.fuglebutikken.no\/nb\/wp-json\/wp\/v2\/pwb-brand?post=2929"},{"taxonomy":"product_brand","embeddable":true,"href":"https:\/\/pim.fuglebutikken.no\/nb\/wp-json\/wp\/v2\/product_brand?post=2929"},{"taxonomy":"product_cat","embeddable":true,"href":"https:\/\/pim.fuglebutikken.no\/nb\/wp-json\/wp\/v2\/product_cat?post=2929"},{"taxonomy":"product_tag","embeddable":true,"href":"https:\/\/pim.fuglebutikken.no\/nb\/wp-json\/wp\/v2\/product_tag?post=2929"}],"curies":[{"name":"wp","href":"https:\/\/api.w.org\/{rel}","templated":true}]}}