{"id":29,"date":"2020-02-22T18:08:36","date_gmt":"2020-02-22T17:08:36","guid":{"rendered":"https:\/\/274105-www.web.tornado-node.net\/product\/import-placeholder-for-106\/"},"modified":"2023-07-29T17:30:26","modified_gmt":"2023-07-29T15:30:26","slug":"redekasse-undulat","status":"publish","type":"product","link":"https:\/\/pim.fuglebutikken.no\/nb\/produkt\/redekasse-undulat\/","title":{"rendered":"Redekasse undulat"},"content":{"rendered":"<h2>Redekasse undulat<\/h2>\n<p>Ved \u00e5 bruke kasser der det er 12-15 cm opp til \u00e5pningen unng\u00e5r man at nysgjerrige unger klatrer ut og detter ned p\u00e5 burbunn.<br \/>\nKassene b\u00f8r ha en grop, slik eggene ligger noenlunde samlet<\/p>\n<p>Undulater i det fri bygg ikke reir, men finner en sprekke\/hole som de gnager\/rydder og lager klart til de skal legge egg.<\/p>\n<p>Legg gjerne inn spon\/alspon i hekke kassene. Ikke for at fuglene skal ha det lunt \u00e5 ligge mykt, men for \u00e5 etterlikne naturen og trigge hekke lysten med at de f\u00e5r rydde spon ut av kassa. Varier spormengden etter behov. Er du redd for at de hekker for tidlig legger du inn st\u00f8rre mengde spon.<\/p>","protected":false},"excerpt":{"rendered":"<h3>Redekasse undulat<\/h3>\n<ul>\n<li>Med sittepinne\/landingspinne.<\/li>\n<li>Med hule til egg og unger.<\/li>\n<li>Topp\u00e5pning for lettere rengj\u00f8ring<\/li>\n<li>Plasseres gjerne p\u00e5 bunn i buret<\/li>\n<\/ul>","protected":false},"featured_media":59,"comment_status":"closed","ping_status":"closed","template":"","meta":{"_uf_show_specific_survey":0,"_uf_disable_surveys":false},"pwb-brand":[3899],"product_brand":[],"product_cat":[18,16,32],"product_tag":[6466,6465],"class_list":{"0":"post-29","1":"product","2":"type-product","3":"status-publish","4":"has-post-thumbnail","6":"pwb-brand-trixie","7":"product_cat-bur-tilbehor","8":"product_cat-fugl","9":"product_cat-fuglerede-kasser","10":"product_tag-bomaterial-fgel","11":"product_tag-reden","13":"first","14":"instock","15":"taxable","16":"shipping-taxable","17":"purchasable","18":"product-type-variable","19":"has-default-attributes"},"exclude_global_add_ons":[],"addons":[],"brands":[{"id":3899,"name":"Trixie","slug":"trixie"}],"_links":{"self":[{"href":"https:\/\/pim.fuglebutikken.no\/nb\/wp-json\/wp\/v2\/product\/29","targetHints":{"allow":["GET"]}}],"collection":[{"href":"https:\/\/pim.fuglebutikken.no\/nb\/wp-json\/wp\/v2\/product"}],"about":[{"href":"https:\/\/pim.fuglebutikken.no\/nb\/wp-json\/wp\/v2\/types\/product"}],"replies":[{"embeddable":true,"href":"https:\/\/pim.fuglebutikken.no\/nb\/wp-json\/wp\/v2\/comments?post=29"}],"wp:featuredmedia":[{"embeddable":true,"href":"https:\/\/pim.fuglebutikken.no\/nb\/wp-json\/wp\/v2\/media\/59"}],"wp:attachment":[{"href":"https:\/\/pim.fuglebutikken.no\/nb\/wp-json\/wp\/v2\/media?parent=29"}],"wp:term":[{"taxonomy":"pwb-brand","embeddable":true,"href":"https:\/\/pim.fuglebutikken.no\/nb\/wp-json\/wp\/v2\/pwb-brand?post=29"},{"taxonomy":"product_brand","embeddable":true,"href":"https:\/\/pim.fuglebutikken.no\/nb\/wp-json\/wp\/v2\/product_brand?post=29"},{"taxonomy":"product_cat","embeddable":true,"href":"https:\/\/pim.fuglebutikken.no\/nb\/wp-json\/wp\/v2\/product_cat?post=29"},{"taxonomy":"product_tag","embeddable":true,"href":"https:\/\/pim.fuglebutikken.no\/nb\/wp-json\/wp\/v2\/product_tag?post=29"}],"curies":[{"name":"wp","href":"https:\/\/api.w.org\/{rel}","templated":true}]}}