{"id":2877,"date":"2020-03-01T15:03:26","date_gmt":"2020-03-01T14:03:26","guid":{"rendered":"https:\/\/274105-www.web.tornado-node.net\/product\/import-placeholder-for-1218\/"},"modified":"2023-12-11T21:54:33","modified_gmt":"2023-12-11T20:54:33","slug":"juwel-biocarb","status":"publish","type":"product","link":"https:\/\/pim.fuglebutikken.no\/nb\/produkt\/juwel-biocarb\/","title":{"rendered":"Juwel BioCarb Filtermateriale"},"content":{"rendered":"<h2>Juwel BioCarb Filtermateriale<\/h2>\n<ul>\n<li>Fungerer som et mekanisk forfilter<\/li>\n<li>Beskytter andre filtermedier mot rask tilsmussing<\/li>\n<li>Laget av restfritt polyestermateriale<\/li>\n<li>Egnet for bruk i ferskvanns- og saltvannsakvarier<\/li>\n<\/ul>\n<p>Carbon Sponge Bioflow, disse egenskapene samlet gj\u00f8r dette filter mediet perfekt for \u00e5 filtrere bort medisin rester ved eventuelle kur ved sykdom i akvariet. Anbefales sterkt n\u00e5r kuren er ferdig, slik at man f\u00e5r tilbake b\u00e5de klarheten og renheten i vannet, samt eventuell lukt.<\/p>\n<p>Den kommer i flere st\u00f8rrelser, tilpasset hver enkelt filtermodell. Og pakken inneholder 2 enheter.<\/p>\n<p>Man b\u00f8r ogs\u00e5 merke seg at kullfiltre har en begrenset levetid, som styres av opptaktsmengden. N\u00e5r filteret er &#8220;mettet&#8221; og &#8220;oppbrukt&#8221; vil den begynne \u00e5 l\u00f8se ut stoffene den har tatt opp. Dette kan ta alt mellom 2 og 4 uker.<\/p>\n<p>Det er ikke n\u00f8dvendig \u00e5 benytte kullfiltrering til vanlig, men mange av oss som driver med aquascaping og \u00f8nsker mest mulig klart vann, ved f.eks. fotografering og fremvisning, benytter oss av dette for et best mulig resultat. For vanlige akvarister vil bruken av denne v\u00e6re mest aktuell ved sykdom og medisinering i akvariet.<\/p>","protected":false},"excerpt":{"rendered":"<h3>Juwel BioCarb Filtermateriale<\/h3>\n<p>Juwel BioCarb Filtermateriale absorberer vond lukt og fjerner turbiditet samt giftige forbindelser i akvariet, slik at vannet blir krystallklart. Svampeformen gir en stor filtreringsoverflate, noe som s\u00f8rger for at alt vannet blir filtrert gjennom hele mediet. Dette er mye mer effektivt enn \u00e5 bruke kull i tablettform eller i poser, da kontaktoverflaten blir sv\u00e6rt redusert ved slike formater.<\/p>\n<ul>\n<li>Absorberer vond lukt og turbiditet samt giftige forbindelser.<\/li>\n<li>Sikrer krystallklart vann.<\/li>\n<li>N\u00f8ytraliserer og filtrerer bort medisin rester.<\/li>\n<li>Egnet for bruk i ferskvann og saltvannsakvarier.<\/li>\n<li>2 kullsvamp filtre per pakke.<\/li>\n<li>B\u00f8r byttes hver m\u00e5ned<\/li>\n<\/ul>","protected":false},"featured_media":93877,"comment_status":"open","ping_status":"closed","template":"","meta":{"_uf_show_specific_survey":0,"_uf_disable_surveys":false},"pwb-brand":[4024],"product_brand":[],"product_cat":[293,4092,276],"product_tag":[2085,6847],"class_list":{"0":"post-2877","1":"product","2":"type-product","3":"status-publish","4":"has-post-thumbnail","6":"pwb-brand-juwel","7":"product_cat-filtermatriale","8":"product_cat-akvaristikk","9":"product_cat-pumper-sirkulasjon","10":"product_tag-filtermateriale","11":"product_tag-pumper-og-filtre-for-akvarium","13":"first","14":"instock","15":"taxable","16":"shipping-taxable","17":"purchasable","18":"product-type-variable","19":"has-default-attributes"},"exclude_global_add_ons":[],"addons":[],"brands":[{"id":4024,"name":"Juwel","slug":"juwel"}],"_links":{"self":[{"href":"https:\/\/pim.fuglebutikken.no\/nb\/wp-json\/wp\/v2\/product\/2877","targetHints":{"allow":["GET"]}}],"collection":[{"href":"https:\/\/pim.fuglebutikken.no\/nb\/wp-json\/wp\/v2\/product"}],"about":[{"href":"https:\/\/pim.fuglebutikken.no\/nb\/wp-json\/wp\/v2\/types\/product"}],"replies":[{"embeddable":true,"href":"https:\/\/pim.fuglebutikken.no\/nb\/wp-json\/wp\/v2\/comments?post=2877"}],"wp:featuredmedia":[{"embeddable":true,"href":"https:\/\/pim.fuglebutikken.no\/nb\/wp-json\/wp\/v2\/media\/93877"}],"wp:attachment":[{"href":"https:\/\/pim.fuglebutikken.no\/nb\/wp-json\/wp\/v2\/media?parent=2877"}],"wp:term":[{"taxonomy":"pwb-brand","embeddable":true,"href":"https:\/\/pim.fuglebutikken.no\/nb\/wp-json\/wp\/v2\/pwb-brand?post=2877"},{"taxonomy":"product_brand","embeddable":true,"href":"https:\/\/pim.fuglebutikken.no\/nb\/wp-json\/wp\/v2\/product_brand?post=2877"},{"taxonomy":"product_cat","embeddable":true,"href":"https:\/\/pim.fuglebutikken.no\/nb\/wp-json\/wp\/v2\/product_cat?post=2877"},{"taxonomy":"product_tag","embeddable":true,"href":"https:\/\/pim.fuglebutikken.no\/nb\/wp-json\/wp\/v2\/product_tag?post=2877"}],"curies":[{"name":"wp","href":"https:\/\/api.w.org\/{rel}","templated":true}]}}