{"id":28510,"date":"2020-07-13T16:34:21","date_gmt":"2020-07-13T14:34:21","guid":{"rendered":"https:\/\/274105-www.web.tornado-node.net\/?post_type=product&#038;p=28510"},"modified":"2021-12-20T23:19:05","modified_gmt":"2021-12-20T22:19:05","slug":"trixie-katteseng-mimi-o50cm","status":"publish","type":"product","link":"https:\/\/pim.fuglebutikken.no\/nb\/produkt\/trixie-katteseng-mimi-o50cm\/","title":{"rendered":"Trixie katteseng Mimi \u00d850cm"},"content":{"rendered":"<p>Med bl\u00f8dt plysbetr\u00e6k. Polyester-fleecefyld. Vendbar pude i to designs. Aftageligt betr\u00e6k. Skridsikker bund<\/p>","protected":false},"excerpt":{"rendered":"<p>Med bl\u00f8dt plysbetr\u00e6k. Polyester-fleecefyld. Vendbar pude i to designs. Aftageligt betr\u00e6k. Skridsikker bund<\/p>","protected":false},"featured_media":28511,"comment_status":"closed","ping_status":"closed","template":"","meta":{"_uf_show_specific_survey":0,"_uf_disable_surveys":false},"pwb-brand":[3899],"product_brand":[],"product_cat":[665,719],"product_tag":[],"class_list":{"0":"post-28510","1":"product","2":"type-product","3":"status-publish","4":"has-post-thumbnail","6":"pwb-brand-trixie","7":"product_cat-katt","8":"product_cat-huler","10":"first","11":"instock","12":"taxable","13":"shipping-taxable","14":"purchasable","15":"product-type-simple"},"exclude_global_add_ons":[],"addons":[],"brands":[{"id":3899,"name":"Trixie","slug":"trixie"}],"_links":{"self":[{"href":"https:\/\/pim.fuglebutikken.no\/nb\/wp-json\/wp\/v2\/product\/28510","targetHints":{"allow":["GET"]}}],"collection":[{"href":"https:\/\/pim.fuglebutikken.no\/nb\/wp-json\/wp\/v2\/product"}],"about":[{"href":"https:\/\/pim.fuglebutikken.no\/nb\/wp-json\/wp\/v2\/types\/product"}],"replies":[{"embeddable":true,"href":"https:\/\/pim.fuglebutikken.no\/nb\/wp-json\/wp\/v2\/comments?post=28510"}],"wp:featuredmedia":[{"embeddable":true,"href":"https:\/\/pim.fuglebutikken.no\/nb\/wp-json\/wp\/v2\/media\/28511"}],"wp:attachment":[{"href":"https:\/\/pim.fuglebutikken.no\/nb\/wp-json\/wp\/v2\/media?parent=28510"}],"wp:term":[{"taxonomy":"pwb-brand","embeddable":true,"href":"https:\/\/pim.fuglebutikken.no\/nb\/wp-json\/wp\/v2\/pwb-brand?post=28510"},{"taxonomy":"product_brand","embeddable":true,"href":"https:\/\/pim.fuglebutikken.no\/nb\/wp-json\/wp\/v2\/product_brand?post=28510"},{"taxonomy":"product_cat","embeddable":true,"href":"https:\/\/pim.fuglebutikken.no\/nb\/wp-json\/wp\/v2\/product_cat?post=28510"},{"taxonomy":"product_tag","embeddable":true,"href":"https:\/\/pim.fuglebutikken.no\/nb\/wp-json\/wp\/v2\/product_tag?post=28510"}],"curies":[{"name":"wp","href":"https:\/\/api.w.org\/{rel}","templated":true}]}}