{"id":277,"date":"2020-02-22T18:10:15","date_gmt":"2020-02-22T17:10:15","guid":{"rendered":"https:\/\/274105-www.web.tornado-node.net\/product\/import-placeholder-for-542\/"},"modified":"2025-05-25T11:46:05","modified_gmt":"2025-05-25T09:46:05","slug":"fuglemater-ror-large","status":"publish","type":"product","link":"https:\/\/pim.fuglebutikken.no\/nb\/produkt\/fuglemater-ror-large\/","title":{"rendered":"Fuglemater r\u00f8r large"},"content":{"rendered":"<h2 class=\"product_title entry-title\">Fuglemater r\u00f8r large<\/h2>","protected":false},"excerpt":{"rendered":"<h3>Fuglemater r\u00f8r large<\/h3>\n<p>Sylindrisk fuglemater. Gir lett tilgang til maten som fuglene selv kan f\u00e5 tilgang til gjennom de ulike \u00e5pningene. Fuglemateren er enkel \u00e5 fylle, alt du trenger \u00e5 gj\u00f8re er \u00e5 l\u00f8fte p\u00e5 lokket og helle i maten.<\/p>\n<ul>\n<li style=\"list-style-type: none;\">\n<ul>\n<li>30cm<\/li>\n<li>Perfekt til sm\u00e5fuglene<\/li>\n<li>Passer fint til fr\u00f8<\/li>\n<li>Enkel \u00e5 henge opp<\/li>\n<\/ul>\n<\/li>\n<\/ul>","protected":false},"featured_media":32990,"comment_status":"closed","ping_status":"closed","template":"","meta":{"_uf_show_specific_survey":0,"_uf_disable_surveys":false},"pwb-brand":[3954],"product_brand":[],"product_cat":[16,4063,4064,4034,29,70],"product_tag":[5912],"class_list":{"0":"post-277","1":"product","2":"type-product","3":"status-publish","4":"has-post-thumbnail","6":"pwb-brand-ozami","7":"product_cat-fugl","8":"product_cat-smadyr","9":"product_cat-utedyr","10":"product_cat-utefugl","11":"product_cat-utefugl-dyr","12":"product_cat-utefuglskaler-og-automater","13":"product_tag-villfugl","15":"first","16":"instock","17":"taxable","18":"shipping-taxable","19":"purchasable","20":"product-type-simple"},"exclude_global_add_ons":[],"addons":[],"brands":[{"id":3954,"name":"Ozami","slug":"ozami"}],"_links":{"self":[{"href":"https:\/\/pim.fuglebutikken.no\/nb\/wp-json\/wp\/v2\/product\/277","targetHints":{"allow":["GET"]}}],"collection":[{"href":"https:\/\/pim.fuglebutikken.no\/nb\/wp-json\/wp\/v2\/product"}],"about":[{"href":"https:\/\/pim.fuglebutikken.no\/nb\/wp-json\/wp\/v2\/types\/product"}],"replies":[{"embeddable":true,"href":"https:\/\/pim.fuglebutikken.no\/nb\/wp-json\/wp\/v2\/comments?post=277"}],"wp:featuredmedia":[{"embeddable":true,"href":"https:\/\/pim.fuglebutikken.no\/nb\/wp-json\/wp\/v2\/media\/32990"}],"wp:attachment":[{"href":"https:\/\/pim.fuglebutikken.no\/nb\/wp-json\/wp\/v2\/media?parent=277"}],"wp:term":[{"taxonomy":"pwb-brand","embeddable":true,"href":"https:\/\/pim.fuglebutikken.no\/nb\/wp-json\/wp\/v2\/pwb-brand?post=277"},{"taxonomy":"product_brand","embeddable":true,"href":"https:\/\/pim.fuglebutikken.no\/nb\/wp-json\/wp\/v2\/product_brand?post=277"},{"taxonomy":"product_cat","embeddable":true,"href":"https:\/\/pim.fuglebutikken.no\/nb\/wp-json\/wp\/v2\/product_cat?post=277"},{"taxonomy":"product_tag","embeddable":true,"href":"https:\/\/pim.fuglebutikken.no\/nb\/wp-json\/wp\/v2\/product_tag?post=277"}],"curies":[{"name":"wp","href":"https:\/\/api.w.org\/{rel}","templated":true}]}}