{"id":27338,"date":"2020-06-05T16:52:41","date_gmt":"2020-06-05T14:52:41","guid":{"rendered":"https:\/\/274105-www.web.tornado-node.net\/?post_type=product&#038;p=27338"},"modified":"2023-09-05T06:47:32","modified_gmt":"2023-09-05T04:47:32","slug":"trixie-protective-sock-silicone","status":"publish","type":"product","link":"https:\/\/pim.fuglebutikken.no\/nb\/produkt\/trixie-protective-sock-silicone\/","title":{"rendered":"Trixie Protective Sock silicone"},"content":{"rendered":"<p>Trixie Protective Sock Silicone bidrar til \u00e5 holde s\u00e5r og bandasjer t\u00f8rre og rene, samt reduserer risikonen for infeksjon. Er enkel \u00e5 tilpasse ved \u00e5 klippe til \u00f8nsket lengde og flytte stroppene. Kommer i pakke \u00e0 1 stk. (Se produktbeskrivelse for mer info om hvordan velge st\u00f8rrelse)<\/p>\n<p>Trixie Protective Sock silicone kan brukes til b\u00e5de hund og katt.<\/p>\n<p>Kommer i pakke \u00e0 1 stk.<\/p>\n<ul>\n<li>Laget av silikon<\/li>\n<li>Fleksibelt materiale gir fullt bevegelsesomr\u00e5de<\/li>\n<li>Holder s\u00e5r og bandasjer t\u00f8rre og rene<\/li>\n<li>Passer forben og bakben<\/li>\n<li>Enkel \u00e5 tilpasse<\/li>\n<li>Lufttett, ikke for kontinuerlig bruk<\/li>\n<li>T\u00e5ler ikke biting eller kloring<\/li>\n<\/ul>\n<p><strong>Hvordan velge rett st\u00f8rrelse: <\/strong><br \/>\nM\u00e5l den bredeste delen av poten mens hunden st\u00e5r (ta hensyn til bandasjer). Den beskyttende sokken skal v\u00e6re ca 1 cm bredere.<br \/>\nS\u00f8rg for tilstrekkelig med blodtilf\u00f8rsel ved \u00e5 ikke stramme stroppene for mye.<\/p>\n<table border=\"1\" cellspacing=\"1\" cellpadding=\"1\">\n<tbody>\n<tr>\n<td><strong>St\u00f8rrelse:<\/strong><\/td>\n<td><strong>M\u00e5l:<\/strong><\/td>\n<td><strong>Eksempel p\u00e5 rase:<\/strong><\/td>\n<\/tr>\n<tr>\n<td>S<\/td>\n<td>6 cm\/30 cm<\/td>\n<td>Jack Russell Terrier<\/td>\n<\/tr>\n<tr>\n<td>M<\/td>\n<td>8 cm \/35 cm<\/td>\n<td>Cocker Spaniel<\/td>\n<\/tr>\n<tr>\n<td>L<\/td>\n<td>10 cm\/ 40cm<\/td>\n<td>Golden Retriver<\/td>\n<\/tr>\n<tr>\n<td>XL<\/td>\n<td>12 cm\/45 cm<\/td>\n<td>German Shepherd<\/td>\n<\/tr>\n<\/tbody>\n<\/table>","protected":false},"excerpt":{"rendered":"<p>Trixie Protective Sock silicone<\/p>","protected":false},"featured_media":59181,"comment_status":"open","ping_status":"closed","template":"","meta":{"_uf_show_specific_survey":0,"_uf_disable_surveys":false},"pwb-brand":[3899],"product_brand":[],"product_cat":[969,1159,3485,4222,1160],"product_tag":[],"class_list":{"0":"post-27338","1":"product","2":"type-product","3":"status-publish","4":"has-post-thumbnail","6":"pwb-brand-trixie","7":"product_cat-hund","8":"product_cat-dekken-hundeklaer-og-poter","9":"product_cat-hundens-apotek","10":"product_cat-hundepoter","11":"product_cat-potesokker","13":"first","14":"instock","15":"taxable","16":"shipping-taxable","17":"purchasable","18":"product-type-variable","19":"has-default-attributes"},"exclude_global_add_ons":[],"addons":[],"brands":[{"id":3899,"name":"Trixie","slug":"trixie"}],"_links":{"self":[{"href":"https:\/\/pim.fuglebutikken.no\/nb\/wp-json\/wp\/v2\/product\/27338","targetHints":{"allow":["GET"]}}],"collection":[{"href":"https:\/\/pim.fuglebutikken.no\/nb\/wp-json\/wp\/v2\/product"}],"about":[{"href":"https:\/\/pim.fuglebutikken.no\/nb\/wp-json\/wp\/v2\/types\/product"}],"replies":[{"embeddable":true,"href":"https:\/\/pim.fuglebutikken.no\/nb\/wp-json\/wp\/v2\/comments?post=27338"}],"wp:featuredmedia":[{"embeddable":true,"href":"https:\/\/pim.fuglebutikken.no\/nb\/wp-json\/wp\/v2\/media\/59181"}],"wp:attachment":[{"href":"https:\/\/pim.fuglebutikken.no\/nb\/wp-json\/wp\/v2\/media?parent=27338"}],"wp:term":[{"taxonomy":"pwb-brand","embeddable":true,"href":"https:\/\/pim.fuglebutikken.no\/nb\/wp-json\/wp\/v2\/pwb-brand?post=27338"},{"taxonomy":"product_brand","embeddable":true,"href":"https:\/\/pim.fuglebutikken.no\/nb\/wp-json\/wp\/v2\/product_brand?post=27338"},{"taxonomy":"product_cat","embeddable":true,"href":"https:\/\/pim.fuglebutikken.no\/nb\/wp-json\/wp\/v2\/product_cat?post=27338"},{"taxonomy":"product_tag","embeddable":true,"href":"https:\/\/pim.fuglebutikken.no\/nb\/wp-json\/wp\/v2\/product_tag?post=27338"}],"curies":[{"name":"wp","href":"https:\/\/api.w.org\/{rel}","templated":true}]}}