{"id":2664,"date":"2020-03-01T15:02:37","date_gmt":"2020-03-01T14:02:37","guid":{"rendered":"https:\/\/274105-www.web.tornado-node.net\/product\/import-placeholder-for-907\/"},"modified":"2023-12-07T10:47:14","modified_gmt":"2023-12-07T09:47:14","slug":"tropica-premium","status":"publish","type":"product","link":"https:\/\/pim.fuglebutikken.no\/nb\/produkt\/tropica-premium\/","title":{"rendered":"Tropica Premium Plantegj\u00f8dning"},"content":{"rendered":"<h2>Tropica Premium Plantegj\u00f8dning<\/h2>\n<p>En meget bra flytende plantegj\u00f8dning til akvarier. Denne inneholder de fleste sporstoffene som plantene trenger, og bidrar til vekst hos plantene.<\/p>\n<p>Tropica Premium plantegj\u00f8dning inneholder ikke nitrogen, i motsetning til Tropica Specialised plantegj\u00f8dning. Premium er best egnet til planter i selskapsakvarier der f\u00f4ring og avfall fra fisk er nitrogenkilde. I akvarier med mye planter og lite fisk, anbefaler vi Tropica Specialised.<\/p>\n<p id=\"tw-target-text\" class=\"tw-data-text tw-text-large tw-ta\" dir=\"ltr\" data-placeholder=\"Oversettelse\"><span class=\"Y2IQFc\" lang=\"no\">Premium Nutrition tilsettes hver uke ved vannskifte. Pumpeflasken dispenserer 2 ml per trykk. Vi anbefaler 6 mL (3 pumper per 50 L vann per uke), men anbefaler at dette settes i henhold til anleggets krav. For eksempel indikerer bleke blader ofte mangel p\u00e5 n\u00e6ring, men kan ogs\u00e5 skyldes d\u00e5rlig vekst. Echinodorus bleheri vil ofte vise mangel p\u00e5 mikron\u00e6ringsstoffer. Regelmessig dosering med Premium Nutrition kan gjenopprette gr\u00f8nne og frodige blader. V\u00e6r imidlertid oppmerksom p\u00e5 at Premium Fertilizer er en gj\u00f8dsel og ikke en medisin for d\u00f8ende planter. Det anbefales at minimum 25 % av akvarievannet skiftes annenhver uke. Hvis det oppst\u00e5r u\u00f8nsket algevekst, anbefaler vi \u00e5 \u00f8ke hyppigheten av vannskifte (opptil 50 %) og plante flere vannplanter med rask vekst som Hygrophila, Vallisneria og Egeria.<\/span><\/p>\n<p><a href=\"https:\/\/youtu.be\/6Afqbb8fskY\" target=\"_blank\" rel=\"noopener\">https:\/\/youtu.be\/6Afqbb8fskY<\/a><\/p>","protected":false},"excerpt":{"rendered":"<h3>Tropica Premium Plantegj\u00f8dning<\/h3>\n<p>En meget bra flytende plantegj\u00f8dning til akvarier. Denne inneholder de fleste sporstoffene som plantene trenger, og bidrar til vekst hos plantene.<\/p>\n<p id=\"tw-target-text\" class=\"tw-data-text tw-text-large tw-ta\" dir=\"ltr\" data-placeholder=\"Oversettelse\"><span class=\"Y2IQFc\" lang=\"no\">Premium Nutrition uten nitrogen og fosfor for akvarier med mange fisker <\/span><\/p>\n<ul>\n<li class=\"tw-data-text tw-text-large tw-ta\" dir=\"ltr\" data-placeholder=\"Oversettelse\"><span class=\"Y2IQFc\" lang=\"no\">Inneholder jern, magnesium og vitale mikron\u00e6ringsstoffer <\/span><\/li>\n<li class=\"tw-data-text tw-text-large tw-ta\" dir=\"ltr\" data-placeholder=\"Oversettelse\"><span class=\"Y2IQFc\" lang=\"no\">Inneholder ikke nitrogen og fosfor <\/span><\/li>\n<li class=\"tw-data-text tw-text-large tw-ta\" dir=\"ltr\" data-placeholder=\"Oversettelse\"><span class=\"Y2IQFc\" lang=\"no\">Egnet for akvarier med f\u00e5 eller saktevoksende planter og mange fisker<\/span><\/li>\n<\/ul>","protected":false},"featured_media":93318,"comment_status":"open","ping_status":"closed","template":"","meta":{"_uf_show_specific_survey":0,"_uf_disable_surveys":false},"pwb-brand":[3977],"product_brand":[],"product_cat":[2256,325],"product_tag":[],"class_list":{"0":"post-2664","1":"product","2":"type-product","3":"status-publish","4":"has-post-thumbnail","6":"pwb-brand-tropica","7":"product_cat-plantenaering-og-co2-anlegg","8":"product_cat-akv-vedlikehold","10":"first","11":"instock","12":"taxable","13":"shipping-taxable","14":"purchasable","15":"product-type-variable","16":"has-default-attributes"},"exclude_global_add_ons":[],"addons":[],"brands":[{"id":3977,"name":"Tropica","slug":"tropica"}],"_links":{"self":[{"href":"https:\/\/pim.fuglebutikken.no\/nb\/wp-json\/wp\/v2\/product\/2664","targetHints":{"allow":["GET"]}}],"collection":[{"href":"https:\/\/pim.fuglebutikken.no\/nb\/wp-json\/wp\/v2\/product"}],"about":[{"href":"https:\/\/pim.fuglebutikken.no\/nb\/wp-json\/wp\/v2\/types\/product"}],"replies":[{"embeddable":true,"href":"https:\/\/pim.fuglebutikken.no\/nb\/wp-json\/wp\/v2\/comments?post=2664"}],"wp:featuredmedia":[{"embeddable":true,"href":"https:\/\/pim.fuglebutikken.no\/nb\/wp-json\/wp\/v2\/media\/93318"}],"wp:attachment":[{"href":"https:\/\/pim.fuglebutikken.no\/nb\/wp-json\/wp\/v2\/media?parent=2664"}],"wp:term":[{"taxonomy":"pwb-brand","embeddable":true,"href":"https:\/\/pim.fuglebutikken.no\/nb\/wp-json\/wp\/v2\/pwb-brand?post=2664"},{"taxonomy":"product_brand","embeddable":true,"href":"https:\/\/pim.fuglebutikken.no\/nb\/wp-json\/wp\/v2\/product_brand?post=2664"},{"taxonomy":"product_cat","embeddable":true,"href":"https:\/\/pim.fuglebutikken.no\/nb\/wp-json\/wp\/v2\/product_cat?post=2664"},{"taxonomy":"product_tag","embeddable":true,"href":"https:\/\/pim.fuglebutikken.no\/nb\/wp-json\/wp\/v2\/product_tag?post=2664"}],"curies":[{"name":"wp","href":"https:\/\/api.w.org\/{rel}","templated":true}]}}