{"id":2632,"date":"2020-03-01T15:02:30","date_gmt":"2020-03-01T14:02:30","guid":{"rendered":"https:\/\/274105-www.web.tornado-node.net\/product\/import-placeholder-for-3436\/"},"modified":"2023-08-08T22:55:20","modified_gmt":"2023-08-08T20:55:20","slug":"tropica-naeringskapsler","status":"publish","type":"product","link":"https:\/\/pim.fuglebutikken.no\/nb\/produkt\/tropica-naeringskapsler\/","title":{"rendered":"Tropica n\u00e6ringskapsler"},"content":{"rendered":"<p>Tropica Nutrition Capsules er sm\u00e5 kapsler med n\u00e6ringsstoffer for planter. Kapslene l\u00f8ser seg opp over tid, og er langtidsvirkende.<br \/>\nKapslene dyttes ned i grusen med en pinsett. De b\u00f8r plasseres i n\u00e6rheten av r\u00f8ttene til plantene.<\/p>\n<p>Kapslene er spesielt godt egnet til <em>Echinodorus<\/em> amazonsverdplanter, men ogs\u00e5 andre stengelplanter for eksempel <em>Ludwigia repens<\/em>. Kapslene kan gi betydelig vekst\u00f8kning p\u00e5 <em>Echinodorus <\/em>og andre planter som hovedsaklig tar opp n\u00e6ring igjennom r\u00f8ttene.<\/p>\n<p>Anbefales!<\/p>","protected":false},"excerpt":{"rendered":"<p>Tropica Nutrition Capsules er sm\u00e5 kapsler med n\u00e6ringsstoffer for planter. Kapslene l\u00f8ser seg opp over tid, og er langtidsvirkende. Kapslene dyttes ned i grusen med en pinsett. De b\u00f8r plasseres i n\u00e6rheten av r\u00f8ttene til plantene. Kapslene er spesielt godt egnet til Echinodorus amazonsverdplanter, men ogs\u00e5 andre stengelplanter for eksempel Ludwigia repens. Kapslene kan gi [&hellip;]<\/p>\n","protected":false},"featured_media":3828,"comment_status":"open","ping_status":"closed","template":"","meta":{"_uf_show_specific_survey":0,"_uf_disable_surveys":false},"pwb-brand":[3977],"product_brand":[],"product_cat":[353,2256,325],"product_tag":[2255],"class_list":{"0":"post-2632","1":"product","2":"type-product","3":"status-publish","4":"has-post-thumbnail","6":"pwb-brand-tropica","7":"product_cat-akvarium-som-hobby","8":"product_cat-plantenaering-og-co2-anlegg","9":"product_cat-akv-vedlikehold","10":"product_tag-plantenaering","12":"first","13":"outofstock","14":"taxable","15":"shipping-taxable","16":"purchasable","17":"product-type-simple"},"exclude_global_add_ons":[],"addons":[],"brands":[{"id":3977,"name":"Tropica","slug":"tropica"}],"_links":{"self":[{"href":"https:\/\/pim.fuglebutikken.no\/nb\/wp-json\/wp\/v2\/product\/2632","targetHints":{"allow":["GET"]}}],"collection":[{"href":"https:\/\/pim.fuglebutikken.no\/nb\/wp-json\/wp\/v2\/product"}],"about":[{"href":"https:\/\/pim.fuglebutikken.no\/nb\/wp-json\/wp\/v2\/types\/product"}],"replies":[{"embeddable":true,"href":"https:\/\/pim.fuglebutikken.no\/nb\/wp-json\/wp\/v2\/comments?post=2632"}],"wp:featuredmedia":[{"embeddable":true,"href":"https:\/\/pim.fuglebutikken.no\/nb\/wp-json\/wp\/v2\/media\/3828"}],"wp:attachment":[{"href":"https:\/\/pim.fuglebutikken.no\/nb\/wp-json\/wp\/v2\/media?parent=2632"}],"wp:term":[{"taxonomy":"pwb-brand","embeddable":true,"href":"https:\/\/pim.fuglebutikken.no\/nb\/wp-json\/wp\/v2\/pwb-brand?post=2632"},{"taxonomy":"product_brand","embeddable":true,"href":"https:\/\/pim.fuglebutikken.no\/nb\/wp-json\/wp\/v2\/product_brand?post=2632"},{"taxonomy":"product_cat","embeddable":true,"href":"https:\/\/pim.fuglebutikken.no\/nb\/wp-json\/wp\/v2\/product_cat?post=2632"},{"taxonomy":"product_tag","embeddable":true,"href":"https:\/\/pim.fuglebutikken.no\/nb\/wp-json\/wp\/v2\/product_tag?post=2632"}],"curies":[{"name":"wp","href":"https:\/\/api.w.org\/{rel}","templated":true}]}}