{"id":2574,"date":"2020-03-01T15:02:22","date_gmt":"2020-03-01T14:02:22","guid":{"rendered":"https:\/\/274105-www.web.tornado-node.net\/product\/import-placeholder-for-856\/"},"modified":"2023-11-22T11:41:42","modified_gmt":"2023-11-22T10:41:42","slug":"tetra-torumin","status":"publish","type":"product","link":"https:\/\/pim.fuglebutikken.no\/nb\/produkt\/tetra-torumin\/","title":{"rendered":"Tetra Torumin"},"content":{"rendered":"<div id=\"tw-ob\" class=\"tw-src-ltr\">\n<div class=\"oSioSc\">\n<div id=\"tw-target\">\n<div id=\"kAz1tf\" class=\"g9WsWb\">\n<div id=\"tw-target-text-container\" class=\"tw-ta-container hide-focus-ring tw-nfl\">\n<ul>\n<li id=\"tw-target-text\" class=\"tw-data-text tw-text-large XcVN5d tw-ta\" data-placeholder=\"Oversettelse\"><span lang=\"no\">Bioaktive ingredienser \u00f8ker vitaliteten og den naturlige fargen p\u00e5 fisken <\/span><\/li>\n<li class=\"tw-data-text tw-text-large XcVN5d tw-ta\" data-placeholder=\"Oversettelse\"><span lang=\"no\">Naturlige tanniner og humussyrer st\u00f8tter fiskens velv\u00e6re og motstandskraft <\/span><\/li>\n<li class=\"tw-data-text tw-text-large XcVN5d tw-ta\" data-placeholder=\"Oversettelse\"><span lang=\"no\">Stabiliserer naturlig vannets pH-verdi <\/span><\/li>\n<li class=\"tw-data-text tw-text-large XcVN5d tw-ta\" data-placeholder=\"Oversettelse\"><span lang=\"no\">N\u00e6re naturlige vannforhold reduserer niv\u00e5et av fiskestress <\/span><\/li>\n<li class=\"tw-data-text tw-text-large XcVN5d tw-ta\" data-placeholder=\"Oversettelse\"><span lang=\"no\">Tilrettelegger for akklimatisering, avl og stell av sensitive og verdifulle arter av svartvannsfisk <\/span><\/li>\n<li class=\"tw-data-text tw-text-large XcVN5d tw-ta\" data-placeholder=\"Oversettelse\"><span lang=\"no\">Forbedrer vannkvaliteten med naturlige plantekolloider <\/span><\/li>\n<li class=\"tw-data-text tw-text-large XcVN5d tw-ta\" data-placeholder=\"Oversettelse\"><span lang=\"no\">Jod hjelper til med \u00e5 forberede fisk for parring og st\u00f8tter gyting <\/span><\/li>\n<li class=\"tw-data-text tw-text-large XcVN5d tw-ta\" data-placeholder=\"Oversettelse\"><span lang=\"no\">Naturlig torvekstrakt gir vannet en svak brun skj\u00e6r, som reduserer lysmengden og dermed ogs\u00e5 reduserer algeveksten <\/span><\/li>\n<li class=\"tw-data-text tw-text-large XcVN5d tw-ta\" data-placeholder=\"Oversettelse\"><span lang=\"no\">N\u00f8ye utvalgte makro- og sporstoffer fremmer plantevekst <\/span><\/li>\n<li class=\"tw-data-text tw-text-large XcVN5d tw-ta\" data-placeholder=\"Oversettelse\"><span lang=\"no\">Garantert fosfatfritt! <\/span><\/li>\n<li class=\"tw-data-text tw-text-large XcVN5d tw-ta\" data-placeholder=\"Oversettelse\"><span lang=\"no\">Unik, sv\u00e6rt b\u00e6rekraftig produksjonsprosess <\/span><\/li>\n<li class=\"tw-data-text tw-text-large XcVN5d tw-ta\" data-placeholder=\"Oversettelse\"><span lang=\"no\">Ideell for bruk med all ferskvannsfisk som diskusfisk, angelfish, steinbit, neonfisk eller s\u00f8ramerikansk siklider, samt reker og krepsdyr<\/span><\/li>\n<\/ul>\n<\/div>\n<\/div>\n<\/div>\n<\/div>\n<\/div>\n<div class=\"dURPtb\"><\/div>","protected":false},"excerpt":{"rendered":"<p>Tetra Torumin skaper \u00f8yeblikkelig vann som er identisk med naturlig forekommende tropisk vann (kjent som svart vann), akkurat som vannet som fisken m\u00f8ter i deres naturlige habitat. Torvekstrakter omdanner akvarievannet til krystallklart tropisk vann der fisk kan f\u00f8le seg vel og fullstendig vise sin egen spesifikke oppf\u00f8rsel og egenskaper.<\/p>","protected":false},"featured_media":2596,"comment_status":"open","ping_status":"closed","template":"","meta":{"_uf_show_specific_survey":0,"_uf_disable_surveys":false},"pwb-brand":[3970],"product_brand":[],"product_cat":[353,1453,1447,325],"product_tag":[],"class_list":{"0":"post-2574","1":"product","2":"type-product","3":"status-publish","4":"has-post-thumbnail","6":"pwb-brand-tetra","7":"product_cat-akvarium-som-hobby","8":"product_cat-dyr-som-hobby","9":"product_cat-vannbehandling-akv","10":"product_cat-akv-vedlikehold","12":"first","13":"instock","14":"taxable","15":"shipping-taxable","16":"purchasable","17":"product-type-variable","18":"has-default-attributes"},"exclude_global_add_ons":[],"addons":[],"brands":[{"id":3970,"name":"Tetra","slug":"tetra"}],"_links":{"self":[{"href":"https:\/\/pim.fuglebutikken.no\/nb\/wp-json\/wp\/v2\/product\/2574","targetHints":{"allow":["GET"]}}],"collection":[{"href":"https:\/\/pim.fuglebutikken.no\/nb\/wp-json\/wp\/v2\/product"}],"about":[{"href":"https:\/\/pim.fuglebutikken.no\/nb\/wp-json\/wp\/v2\/types\/product"}],"replies":[{"embeddable":true,"href":"https:\/\/pim.fuglebutikken.no\/nb\/wp-json\/wp\/v2\/comments?post=2574"}],"wp:featuredmedia":[{"embeddable":true,"href":"https:\/\/pim.fuglebutikken.no\/nb\/wp-json\/wp\/v2\/media\/2596"}],"wp:attachment":[{"href":"https:\/\/pim.fuglebutikken.no\/nb\/wp-json\/wp\/v2\/media?parent=2574"}],"wp:term":[{"taxonomy":"pwb-brand","embeddable":true,"href":"https:\/\/pim.fuglebutikken.no\/nb\/wp-json\/wp\/v2\/pwb-brand?post=2574"},{"taxonomy":"product_brand","embeddable":true,"href":"https:\/\/pim.fuglebutikken.no\/nb\/wp-json\/wp\/v2\/product_brand?post=2574"},{"taxonomy":"product_cat","embeddable":true,"href":"https:\/\/pim.fuglebutikken.no\/nb\/wp-json\/wp\/v2\/product_cat?post=2574"},{"taxonomy":"product_tag","embeddable":true,"href":"https:\/\/pim.fuglebutikken.no\/nb\/wp-json\/wp\/v2\/product_tag?post=2574"}],"curies":[{"name":"wp","href":"https:\/\/api.w.org\/{rel}","templated":true}]}}