{"id":2568,"date":"2020-03-01T15:02:22","date_gmt":"2020-03-01T14:02:22","guid":{"rendered":"https:\/\/274105-www.web.tornado-node.net\/product\/import-placeholder-for-841\/"},"modified":"2023-12-04T18:18:15","modified_gmt":"2023-12-04T17:18:15","slug":"tetra-crystalwater","status":"publish","type":"product","link":"https:\/\/pim.fuglebutikken.no\/nb\/produkt\/tetra-crystalwater\/","title":{"rendered":"Tetra Crystalwater"},"content":{"rendered":"<ul>\n<li>Eliminerer uklarhet fra akvarievann i l\u00f8pet av noen f\u00e5 timer<\/li>\n<li>N\u00f8ye utvalgte mineraler fjerner forsiktig alle slags smusspartikler<\/li>\n<li>Innledende effekter synlige etter to til tre timer<\/li>\n<li>Krystallklart vann innen seks til tolv timer<\/li>\n<li>Passer til alle ferskvannsakvarier<\/li>\n<li>Ikke egnet for akvarier som inneholder virvell\u00f8se dyr som snegler, reker og andre krepsdyr<\/li>\n<\/ul>","protected":false},"excerpt":{"rendered":"<p>Tetra Crystalwater klarner akvarievannet hurtig og sikkert for flytende partikler som grumser vannet og gj\u00f8r det krystallklart. Effekten begynner \u00e5 vise seg i l\u00f8pet av 2 timer, etter 12 timer er vannet krystallklart.<\/p>\n<p>Flasken holder til 200 liter vann, dosering 5 ml pr. 10 liter vann. Midlet binder partiklene til st\u00f8rre enheter som s\u00e5 enten filtreres ut eller faller til bunnen, resultatet er renere vann og penere akvarium.<\/p>\n<p>https:\/\/youtu.be\/wBvW1Hn2JrI<\/p>\n<div id=\"centerColumn\" class=\"disableTopPMargin\">\n<div id=\"sharetool\" class=\"screenOnly centerElement addthis_toolbox addthis_default_style addthis_32x32_style\">\n<div class=\"atclear\"><\/div>\n<\/div>\n<div class=\"clearFix\"><\/div>\n<\/div>\n<div id=\"sideColumns\" class=\"screenOnly\">\n<div id=\"leftColumn\" class=\"disableTopPMargin tightMargin\">\n<div id=\"search\" class=\"sideElement\">\n<div><\/div>\n<\/div>\n<\/div>\n<\/div>","protected":false},"featured_media":2592,"comment_status":"open","ping_status":"closed","template":"","meta":{"_uf_show_specific_survey":0,"_uf_disable_surveys":false},"pwb-brand":[3970],"product_brand":[],"product_cat":[353,1447,325],"product_tag":[],"class_list":{"0":"post-2568","1":"product","2":"type-product","3":"status-publish","4":"has-post-thumbnail","6":"pwb-brand-tetra","7":"product_cat-akvarium-som-hobby","8":"product_cat-vannbehandling-akv","9":"product_cat-akv-vedlikehold","11":"first","12":"instock","13":"taxable","14":"shipping-taxable","15":"purchasable","16":"product-type-variable","17":"has-default-attributes"},"exclude_global_add_ons":[],"addons":[],"brands":[{"id":3970,"name":"Tetra","slug":"tetra"}],"_links":{"self":[{"href":"https:\/\/pim.fuglebutikken.no\/nb\/wp-json\/wp\/v2\/product\/2568","targetHints":{"allow":["GET"]}}],"collection":[{"href":"https:\/\/pim.fuglebutikken.no\/nb\/wp-json\/wp\/v2\/product"}],"about":[{"href":"https:\/\/pim.fuglebutikken.no\/nb\/wp-json\/wp\/v2\/types\/product"}],"replies":[{"embeddable":true,"href":"https:\/\/pim.fuglebutikken.no\/nb\/wp-json\/wp\/v2\/comments?post=2568"}],"wp:featuredmedia":[{"embeddable":true,"href":"https:\/\/pim.fuglebutikken.no\/nb\/wp-json\/wp\/v2\/media\/2592"}],"wp:attachment":[{"href":"https:\/\/pim.fuglebutikken.no\/nb\/wp-json\/wp\/v2\/media?parent=2568"}],"wp:term":[{"taxonomy":"pwb-brand","embeddable":true,"href":"https:\/\/pim.fuglebutikken.no\/nb\/wp-json\/wp\/v2\/pwb-brand?post=2568"},{"taxonomy":"product_brand","embeddable":true,"href":"https:\/\/pim.fuglebutikken.no\/nb\/wp-json\/wp\/v2\/product_brand?post=2568"},{"taxonomy":"product_cat","embeddable":true,"href":"https:\/\/pim.fuglebutikken.no\/nb\/wp-json\/wp\/v2\/product_cat?post=2568"},{"taxonomy":"product_tag","embeddable":true,"href":"https:\/\/pim.fuglebutikken.no\/nb\/wp-json\/wp\/v2\/product_tag?post=2568"}],"curies":[{"name":"wp","href":"https:\/\/api.w.org\/{rel}","templated":true}]}}