{"id":2565,"date":"2020-03-01T15:02:22","date_gmt":"2020-03-01T14:02:22","guid":{"rendered":"https:\/\/274105-www.web.tornado-node.net\/product\/import-placeholder-for-837\/"},"modified":"2023-12-08T21:43:39","modified_gmt":"2023-12-08T20:43:39","slug":"tetra-easybalance","status":"publish","type":"product","link":"https:\/\/pim.fuglebutikken.no\/nb\/produkt\/tetra-easybalance\/","title":{"rendered":"Tetra Easybalance"},"content":{"rendered":"<h2>Tetra Easybalance<\/h2>\n<p>Tetra EasyBalance stabiliserer de viktige vannverdiene pH og KH, og reduserer mengden av skadelige stoffer som fosfat og nitrat p\u00e5 en b\u00e6rekraftig m\u00e5te. Dette kan redusere antall n\u00f8dvendige vannskift og forlenge perioden frem til neste vannskifte (helt eller delvis) med opptil seks m\u00e5neder. I dette tilfellet er m\u00e5nedlige delvise vannskift ikke lenger n\u00f8dvendig, noe som ogs\u00e5 reduserer vannforbruket. I tillegg beriker Tetra EasyBalance akvarievannet med viktige vitaminer, sporstoffer og mineraler for fisk og planter. Dette betyr at \u00f8kosystemet i akvariet forblir sunt og balansert. Produktet forenkler ogs\u00e5 vedlikehold av akvarier med bl\u00f8tt vann, f.eks. de som inneholder diskosfisk &#8211; ved \u00e5 stabilisere pH- og KH-verdiene blir intervallet mellom de n\u00f8dvendige delvise vannskiftene lengre.<\/p>\n<p><strong>Dosering<\/strong><br \/>\nRist godt f\u00f8r bruk. Tilsett 2,5 ml per 10 liter akvarievann hver uke. Det er viktig \u00e5 bruke Tetra EasyBalance ukentlig for \u00e5 forlenge tiden til neste vannskifte. Merk: De lyse denitrifiserende granulatene er synlige i produktet og synker til bunnen av tanken. De er ufarlige for fisk, selv om de svelges. S\u00f8rg for at det er tilstrekkelig tilf\u00f8rsel av oksygen ved \u00e5 bruke en Tetra APS luftpumpe. Tetra EasyBalance er ikke en vannbalsamer. Bruk Tetra AquaSafe hver gang du legger til nytt vann fra springen.<\/p>\n<p><iframe loading=\"lazy\" title=\"EasyBalance | Stabilises important water values for up to six months\" width=\"800\" height=\"450\" src=\"https:\/\/www.youtube.com\/embed\/LYT5gcYLac0?feature=oembed\" frameborder=\"0\" allow=\"accelerometer; autoplay; clipboard-write; encrypted-media; gyroscope; picture-in-picture; web-share\" referrerpolicy=\"strict-origin-when-cross-origin\" allowfullscreen><\/iframe><\/p>","protected":false},"excerpt":{"rendered":"<h3>Tetra Easybalance<\/h3>\n<p>Tetra Easybalance stabiliserer viktige vannverdier i opptil seks m\u00e5neder, og forlenger tiden til neste vannbytte. Inneholder ekstra vitaminer og mineraler for \u00e5 holde fisken aktiv og sunn.<\/p>\n<ul>\n<li>Stabiliserer viktige karbonathardheter (KH) og pH-vannverdier<\/li>\n<li>Forenkler vedlikehold av akvariet: ikke like stort behov vannbytter med en moderat fiskebestand<\/li>\n<li>T\u00e5ler lengre perioder mellom (delvis) vannskift<\/li>\n<li>Reduserer fosfat og nitrat i vannet<\/li>\n<li>Inneholder viktige vitaminer og mineraler for sunn fisk og planter<\/li>\n<li>Minimerer skader av vann fra springen<\/li>\n<li>Passer til alle ferskvannsakvarier<\/li>\n<li>Ideell for \u00e5 forenkle vedlikeholdet av vannkvalitet.<\/li>\n<\/ul>","protected":false},"featured_media":66575,"comment_status":"open","ping_status":"closed","template":"","meta":{"_uf_show_specific_survey":0,"_uf_disable_surveys":false},"pwb-brand":[3970],"product_brand":[],"product_cat":[353,1447,325],"product_tag":[4289],"class_list":{"0":"post-2565","1":"product","2":"type-product","3":"status-publish","4":"has-post-thumbnail","6":"pwb-brand-tetra","7":"product_cat-akvarium-som-hobby","8":"product_cat-vannbehandling-akv","9":"product_cat-akv-vedlikehold","10":"product_tag-marskampanje","12":"first","13":"instock","14":"taxable","15":"shipping-taxable","16":"purchasable","17":"product-type-variable","18":"has-default-attributes"},"exclude_global_add_ons":[],"addons":[],"brands":[{"id":3970,"name":"Tetra","slug":"tetra"}],"_links":{"self":[{"href":"https:\/\/pim.fuglebutikken.no\/nb\/wp-json\/wp\/v2\/product\/2565","targetHints":{"allow":["GET"]}}],"collection":[{"href":"https:\/\/pim.fuglebutikken.no\/nb\/wp-json\/wp\/v2\/product"}],"about":[{"href":"https:\/\/pim.fuglebutikken.no\/nb\/wp-json\/wp\/v2\/types\/product"}],"replies":[{"embeddable":true,"href":"https:\/\/pim.fuglebutikken.no\/nb\/wp-json\/wp\/v2\/comments?post=2565"}],"wp:featuredmedia":[{"embeddable":true,"href":"https:\/\/pim.fuglebutikken.no\/nb\/wp-json\/wp\/v2\/media\/66575"}],"wp:attachment":[{"href":"https:\/\/pim.fuglebutikken.no\/nb\/wp-json\/wp\/v2\/media?parent=2565"}],"wp:term":[{"taxonomy":"pwb-brand","embeddable":true,"href":"https:\/\/pim.fuglebutikken.no\/nb\/wp-json\/wp\/v2\/pwb-brand?post=2565"},{"taxonomy":"product_brand","embeddable":true,"href":"https:\/\/pim.fuglebutikken.no\/nb\/wp-json\/wp\/v2\/product_brand?post=2565"},{"taxonomy":"product_cat","embeddable":true,"href":"https:\/\/pim.fuglebutikken.no\/nb\/wp-json\/wp\/v2\/product_cat?post=2565"},{"taxonomy":"product_tag","embeddable":true,"href":"https:\/\/pim.fuglebutikken.no\/nb\/wp-json\/wp\/v2\/product_tag?post=2565"}],"curies":[{"name":"wp","href":"https:\/\/api.w.org\/{rel}","templated":true}]}}