{"id":2506,"date":"2020-03-01T15:02:07","date_gmt":"2020-03-01T14:02:07","guid":{"rendered":"https:\/\/274105-www.web.tornado-node.net\/product\/import-placeholder-for-788\/"},"modified":"2024-09-09T06:58:05","modified_gmt":"2024-09-09T04:58:05","slug":"happy-life-happy-carbo","status":"publish","type":"product","link":"https:\/\/pim.fuglebutikken.no\/nb\/produkt\/happy-life-happy-carbo\/","title":{"rendered":"HAPPY LIFE Happy Carbo"},"content":{"rendered":"","protected":false},"excerpt":{"rendered":"<p>HAPPY LIFE Happy Carbo<\/p>\n<section>\n<div class=\"row\">\n<div class=\"col-md-12 col-sm-12 col-xs-12\">\n<div class=\"product_about_data\">\n<p>Happy-Life Carbo er en effektiv kilde til karbon for alle akvarieplanter. Denne gj\u00f8dsel kan brukes b\u00e5de med CO2 gj\u00f8dsel og uten. Da dette produktet sikrer konstant karbonforsyning, kan du se gode suksesser etter noen uker. Etter hvert som veksten av akvatiske planter \u00f8ker, blir de betydelig mer robuste, f.eks. Mot alger.<\/p>\n<\/div>\n<\/div>\n<\/div>\n<\/section>\n<div class=\"productlist\"><\/div>","protected":false},"featured_media":2534,"comment_status":"open","ping_status":"closed","template":"","meta":{"_uf_show_specific_survey":0,"_uf_disable_surveys":false},"pwb-brand":[],"product_brand":[],"product_cat":[353,2256,325],"product_tag":[],"class_list":{"0":"post-2506","1":"product","2":"type-product","3":"status-publish","4":"has-post-thumbnail","6":"product_cat-akvarium-som-hobby","7":"product_cat-plantenaering-og-co2-anlegg","8":"product_cat-akv-vedlikehold","10":"first","11":"instock","12":"taxable","13":"shipping-taxable","14":"purchasable","15":"product-type-variable","16":"has-default-attributes"},"exclude_global_add_ons":[],"addons":[],"brands":[],"_links":{"self":[{"href":"https:\/\/pim.fuglebutikken.no\/nb\/wp-json\/wp\/v2\/product\/2506","targetHints":{"allow":["GET"]}}],"collection":[{"href":"https:\/\/pim.fuglebutikken.no\/nb\/wp-json\/wp\/v2\/product"}],"about":[{"href":"https:\/\/pim.fuglebutikken.no\/nb\/wp-json\/wp\/v2\/types\/product"}],"replies":[{"embeddable":true,"href":"https:\/\/pim.fuglebutikken.no\/nb\/wp-json\/wp\/v2\/comments?post=2506"}],"wp:featuredmedia":[{"embeddable":true,"href":"https:\/\/pim.fuglebutikken.no\/nb\/wp-json\/wp\/v2\/media\/2534"}],"wp:attachment":[{"href":"https:\/\/pim.fuglebutikken.no\/nb\/wp-json\/wp\/v2\/media?parent=2506"}],"wp:term":[{"taxonomy":"pwb-brand","embeddable":true,"href":"https:\/\/pim.fuglebutikken.no\/nb\/wp-json\/wp\/v2\/pwb-brand?post=2506"},{"taxonomy":"product_brand","embeddable":true,"href":"https:\/\/pim.fuglebutikken.no\/nb\/wp-json\/wp\/v2\/product_brand?post=2506"},{"taxonomy":"product_cat","embeddable":true,"href":"https:\/\/pim.fuglebutikken.no\/nb\/wp-json\/wp\/v2\/product_cat?post=2506"},{"taxonomy":"product_tag","embeddable":true,"href":"https:\/\/pim.fuglebutikken.no\/nb\/wp-json\/wp\/v2\/product_tag?post=2506"}],"curies":[{"name":"wp","href":"https:\/\/api.w.org\/{rel}","templated":true}]}}