{"id":2473,"date":"2020-03-01T15:02:00","date_gmt":"2020-03-01T14:02:00","guid":{"rendered":"https:\/\/274105-www.web.tornado-node.net\/product\/import-placeholder-for-698\/"},"modified":"2023-08-10T00:16:45","modified_gmt":"2023-08-09T22:16:45","slug":"tropical-soft-line-africa-herbivore","status":"publish","type":"product","link":"https:\/\/pim.fuglebutikken.no\/nb\/produkt\/tropical-soft-line-africa-herbivore\/","title":{"rendered":"Tropical Soft Line Africa Herbivore"},"content":{"rendered":"<p>Hovedf\u00f4r for akvariefisk.<\/p>\n<p>Ingredienser:<\/p>\n<p>alger (Spirulina platensis 20%, Laminaria digitata 4,1%, Chlorella vulgaris 2,8%, Lithothamnium calcareum 1,2%), vegetabilske biprodukter (inkludert unge skudd av alfalfa 8,6%), vegetabilske proteinekstrakter, frukt 2 , 3%, frokostblandinger, fisk og fiskeprodukter (sildemel), bl\u00f8tdyr og krepsdyr (inkludert krillmel 6%, blekksprutmel 4%, calanus finmarchicus 1,7% mel), insekter (larvemel 5%), gj\u00e6r, oljer og fett, mineraler.<\/p>\n<p>Tilsetningsstoffer (per kg):<\/p>\n<p>Vitaminer, provitaminer og kjemisk veldefinerte stoffer med lignende effekt: vitamin A 39 000 IE, vitamin D3 2300 IE, vitamin E 150 mg, vitamin C 570 mg, L-karnitin 250 mg. Sporelementforbindelser: E1 (Fe) 40,6 mg, E6 (Zn) 11,3 mg, E5 (Mn) 8,4 mg, E4 (Cu) 2,0 mg, E2 (I) 0,24 mg, E8 (Se) 0,24 mg, E7 (Mo) 0,05 mg. Fargestoffer. Antioksidanter.<\/p>\n<p>Analytiske komponenter:<\/p>\n<p>r\u00e5protein 40,0%, r\u00e5olje og r\u00e5fett 8,0%, vegetabilsk fiber 5,5%, vann * 10,5%.<\/p>","protected":false},"excerpt":{"rendered":"<p>Tropical Soft Line Africa Herbivore er et mykt f\u00f4r i form av synkende chips for planteetende og altetende fisk fra Afrika<\/p>\n<p>inneholder alger (Spirulina platensis 20% Laminaria digitata 4,1%, Chlorella vulgaris 2,8%, Lithothamnium calcareum 1,2%), som er en kilde til proteiner, mineraler, stoffer som st\u00f8tter immunforsvaret og prebiotika<\/p>\n<p>regulerer ford\u00f8yelsen og forhindrer betennelse i mage-tarmkanalen p\u00e5 grunn av dets h\u00f8ye fiberinnhold (f.eks. fra frukt og lucerne), sj\u00f8mat kitin og algklorofyll<\/p>\n<p>forbedrer fargene p\u00e5 fisken<\/p>\n<p>fremmer fettmetabolisme<\/p>\n<p>MATING: flere ganger daglig i sm\u00e5 porsjoner. Rist forsiktig f\u00f8r bruk for \u00e5 forhindre dannelse av klumper.<\/p>","protected":false},"featured_media":2494,"comment_status":"open","ping_status":"closed","template":"","meta":{"_uf_show_specific_survey":0,"_uf_disable_surveys":false},"pwb-brand":[5166],"product_brand":[],"product_cat":[353,3114,2292,230],"product_tag":[],"class_list":{"0":"post-2473","1":"product","2":"type-product","3":"status-publish","4":"has-post-thumbnail","6":"pwb-brand-tropical","7":"product_cat-akvarium-som-hobby","8":"product_cat-ciklidefor","9":"product_cat-fiskemat","10":"product_cat-tropical-mat","12":"first","13":"instock","14":"taxable","15":"shipping-taxable","16":"purchasable","17":"product-type-simple"},"exclude_global_add_ons":[],"addons":[],"brands":[{"id":5166,"name":"Tropical","slug":"tropical"}],"_links":{"self":[{"href":"https:\/\/pim.fuglebutikken.no\/nb\/wp-json\/wp\/v2\/product\/2473","targetHints":{"allow":["GET"]}}],"collection":[{"href":"https:\/\/pim.fuglebutikken.no\/nb\/wp-json\/wp\/v2\/product"}],"about":[{"href":"https:\/\/pim.fuglebutikken.no\/nb\/wp-json\/wp\/v2\/types\/product"}],"replies":[{"embeddable":true,"href":"https:\/\/pim.fuglebutikken.no\/nb\/wp-json\/wp\/v2\/comments?post=2473"}],"wp:featuredmedia":[{"embeddable":true,"href":"https:\/\/pim.fuglebutikken.no\/nb\/wp-json\/wp\/v2\/media\/2494"}],"wp:attachment":[{"href":"https:\/\/pim.fuglebutikken.no\/nb\/wp-json\/wp\/v2\/media?parent=2473"}],"wp:term":[{"taxonomy":"pwb-brand","embeddable":true,"href":"https:\/\/pim.fuglebutikken.no\/nb\/wp-json\/wp\/v2\/pwb-brand?post=2473"},{"taxonomy":"product_brand","embeddable":true,"href":"https:\/\/pim.fuglebutikken.no\/nb\/wp-json\/wp\/v2\/product_brand?post=2473"},{"taxonomy":"product_cat","embeddable":true,"href":"https:\/\/pim.fuglebutikken.no\/nb\/wp-json\/wp\/v2\/product_cat?post=2473"},{"taxonomy":"product_tag","embeddable":true,"href":"https:\/\/pim.fuglebutikken.no\/nb\/wp-json\/wp\/v2\/product_tag?post=2473"}],"curies":[{"name":"wp","href":"https:\/\/api.w.org\/{rel}","templated":true}]}}