{"id":2410,"date":"2020-03-01T15:00:39","date_gmt":"2020-03-01T14:00:39","guid":{"rendered":"https:\/\/274105-www.web.tornado-node.net\/product\/import-placeholder-for-634\/"},"modified":"2023-11-22T18:51:49","modified_gmt":"2023-11-22T17:51:49","slug":"tropical-red-mico-100ml","status":"publish","type":"product","link":"https:\/\/pim.fuglebutikken.no\/nb\/produkt\/tropical-red-mico-100ml\/","title":{"rendered":"Tropical Red Mico 100ml"},"content":{"rendered":"","protected":false},"excerpt":{"rendered":"<p>Tropical Red Mico 100ml<\/p>\n<p>Fryset\u00f8rkede fj\u00e6rmygglarver &#8211; insekter av familien Chironomidae. Naturlig f\u00f4r til altetende og kj\u00f8ttetende fisk. F\u00f4ret er ekstremt popul\u00e6rt og spises ivrig. Kilde til lett ford\u00f8yelig protein. Imidlertid kan det i fersk eller til og med frossen form v\u00e6re en kilde til farlige patogener. Fryset\u00f8rkeprosessen eliminerer effektivt alle organismer som kan v\u00e6re \u00e5rsaken til fiskesykdommer i akvariet. Fryset\u00f8rking hjelper ogs\u00e5 med \u00e5 beholde vitaminer, umettede fettsyrer, protein og andre n\u00e6ringsstoffer fra fj\u00e6rmygglarver, noe som gj\u00f8r Red Mico til et verdifullt, naturlig f\u00f4r for akvariefisk. Det kan gis i t\u00f8rr form eller etter bl\u00f8tlegging. Vi anbefaler ogs\u00e5 andre fryset\u00f8rkede f\u00f4r under Tropical-merket: Tubi Cubi og FD Brine Shrimp.<\/p>","protected":false},"featured_media":31551,"comment_status":"open","ping_status":"closed","template":"","meta":{"_uf_show_specific_survey":0,"_uf_disable_surveys":false},"pwb-brand":[5166],"product_brand":[],"product_cat":[353,2292,230],"product_tag":[6422],"class_list":{"0":"post-2410","1":"product","2":"type-product","3":"status-publish","4":"has-post-thumbnail","6":"pwb-brand-tropical","7":"product_cat-akvarium-som-hobby","8":"product_cat-fiskemat","9":"product_cat-tropical-mat","10":"product_tag-frystorkat-frskfoder-fiskfoder","12":"first","13":"instock","14":"taxable","15":"shipping-taxable","16":"purchasable","17":"product-type-simple"},"exclude_global_add_ons":[],"addons":[],"brands":[{"id":5166,"name":"Tropical","slug":"tropical"}],"_links":{"self":[{"href":"https:\/\/pim.fuglebutikken.no\/nb\/wp-json\/wp\/v2\/product\/2410","targetHints":{"allow":["GET"]}}],"collection":[{"href":"https:\/\/pim.fuglebutikken.no\/nb\/wp-json\/wp\/v2\/product"}],"about":[{"href":"https:\/\/pim.fuglebutikken.no\/nb\/wp-json\/wp\/v2\/types\/product"}],"replies":[{"embeddable":true,"href":"https:\/\/pim.fuglebutikken.no\/nb\/wp-json\/wp\/v2\/comments?post=2410"}],"wp:featuredmedia":[{"embeddable":true,"href":"https:\/\/pim.fuglebutikken.no\/nb\/wp-json\/wp\/v2\/media\/31551"}],"wp:attachment":[{"href":"https:\/\/pim.fuglebutikken.no\/nb\/wp-json\/wp\/v2\/media?parent=2410"}],"wp:term":[{"taxonomy":"pwb-brand","embeddable":true,"href":"https:\/\/pim.fuglebutikken.no\/nb\/wp-json\/wp\/v2\/pwb-brand?post=2410"},{"taxonomy":"product_brand","embeddable":true,"href":"https:\/\/pim.fuglebutikken.no\/nb\/wp-json\/wp\/v2\/product_brand?post=2410"},{"taxonomy":"product_cat","embeddable":true,"href":"https:\/\/pim.fuglebutikken.no\/nb\/wp-json\/wp\/v2\/product_cat?post=2410"},{"taxonomy":"product_tag","embeddable":true,"href":"https:\/\/pim.fuglebutikken.no\/nb\/wp-json\/wp\/v2\/product_tag?post=2410"}],"curies":[{"name":"wp","href":"https:\/\/api.w.org\/{rel}","templated":true}]}}