{"id":2279,"date":"2020-03-01T14:59:58","date_gmt":"2020-03-01T13:59:58","guid":{"rendered":"https:\/\/274105-www.web.tornado-node.net\/product\/import-placeholder-for-502\/"},"modified":"2023-11-23T12:47:24","modified_gmt":"2023-11-23T11:47:24","slug":"tropical-koi-growth-colour-pellet-size-s","status":"publish","type":"product","link":"https:\/\/pim.fuglebutikken.no\/nb\/produkt\/tropical-koi-growth-colour-pellet-size-s\/","title":{"rendered":"Tropical KOI Silkwarm &#038; Astaxanthin Size S"},"content":{"rendered":"<p>Koi Silkworm &amp; Astaxanthin st\u00f8rrelse S er et f\u00f4r i form av en flytende, fin pellet for daglig f\u00f4ring av koi karpe i varme \u00e5rstider, ved en vanntemperatur p\u00e5 15-30\u00b0C. Den unike, balanserte sammensetningen av r\u00e5varer (inkludert 10 % silkeormpupper), rik p\u00e5 h\u00f8ykvalitets, lett ford\u00f8yelige proteiner, akselererer veksten av fisk, bidrar til utviklingen av en fantastisk kroppsform og oppn\u00e5r tilstanden som er typisk for utstillingsfisk. Diettformelen med lavt karbohydrater fremmer muskelvekst og reduserer fettlagring, som er et vanlig og u\u00f8nsket fenomen hos koi. I tillegg har den et eksepsjonelt h\u00f8yt innhold av astaxanthin og karotenoider fra naturlige kilder, inkl. ringblomster, paprika og spirulina forsterker raskt de r\u00f8de, gule og oransje fargene p\u00e5 fisken.<\/p>","protected":false},"excerpt":{"rendered":"<p>Tropical KOI Silkwarm &amp; Astaxanthin<\/p>\n<p>Fargeforbedrende mat til Koi og annen damfisk. Farge- og vitalitetsforbedrende flytende pellets for daglig mating av medium og stor koi. Hvis de brukes regelmessig, forsterker de fiskens farging.<\/p>","protected":false},"featured_media":66452,"comment_status":"open","ping_status":"closed","template":"","meta":{"_uf_show_specific_survey":0,"_uf_disable_surveys":false},"pwb-brand":[5166],"product_brand":[],"product_cat":[353,2257,2292,2259,230],"product_tag":[],"class_list":{"0":"post-2279","1":"product","2":"type-product","3":"status-publish","4":"has-post-thumbnail","6":"pwb-brand-tropical","7":"product_cat-akvarium-som-hobby","8":"product_cat-dam","9":"product_cat-fiskemat","10":"product_cat-koi-mat","11":"product_cat-tropical-mat","13":"first","14":"instock","15":"taxable","16":"shipping-taxable","17":"purchasable","18":"product-type-variable","19":"has-default-attributes"},"exclude_global_add_ons":[],"addons":[],"brands":[{"id":5166,"name":"Tropical","slug":"tropical"}],"_links":{"self":[{"href":"https:\/\/pim.fuglebutikken.no\/nb\/wp-json\/wp\/v2\/product\/2279","targetHints":{"allow":["GET"]}}],"collection":[{"href":"https:\/\/pim.fuglebutikken.no\/nb\/wp-json\/wp\/v2\/product"}],"about":[{"href":"https:\/\/pim.fuglebutikken.no\/nb\/wp-json\/wp\/v2\/types\/product"}],"replies":[{"embeddable":true,"href":"https:\/\/pim.fuglebutikken.no\/nb\/wp-json\/wp\/v2\/comments?post=2279"}],"wp:featuredmedia":[{"embeddable":true,"href":"https:\/\/pim.fuglebutikken.no\/nb\/wp-json\/wp\/v2\/media\/66452"}],"wp:attachment":[{"href":"https:\/\/pim.fuglebutikken.no\/nb\/wp-json\/wp\/v2\/media?parent=2279"}],"wp:term":[{"taxonomy":"pwb-brand","embeddable":true,"href":"https:\/\/pim.fuglebutikken.no\/nb\/wp-json\/wp\/v2\/pwb-brand?post=2279"},{"taxonomy":"product_brand","embeddable":true,"href":"https:\/\/pim.fuglebutikken.no\/nb\/wp-json\/wp\/v2\/product_brand?post=2279"},{"taxonomy":"product_cat","embeddable":true,"href":"https:\/\/pim.fuglebutikken.no\/nb\/wp-json\/wp\/v2\/product_cat?post=2279"},{"taxonomy":"product_tag","embeddable":true,"href":"https:\/\/pim.fuglebutikken.no\/nb\/wp-json\/wp\/v2\/product_tag?post=2279"}],"curies":[{"name":"wp","href":"https:\/\/api.w.org\/{rel}","templated":true}]}}