{"id":2270,"date":"2020-03-01T14:59:58","date_gmt":"2020-03-01T13:59:58","guid":{"rendered":"https:\/\/274105-www.web.tornado-node.net\/product\/import-placeholder-for-486\/"},"modified":"2023-12-05T15:41:32","modified_gmt":"2023-12-05T14:41:32","slug":"tropical-pond-mixed-sticks","status":"publish","type":"product","link":"https:\/\/pim.fuglebutikken.no\/nb\/produkt\/tropical-pond-mixed-sticks\/","title":{"rendered":"Tropical Pond Mixed Sticks"},"content":{"rendered":"","protected":false},"excerpt":{"rendered":"<p>Tropical Pond Mixed Sticks er grunnleggende flytende pinner med flere ingredienser som er utformet for \u00e5 gi koi, gullfisk og andre dyp cyprinider med alle deres daglige ern\u00e6ringsbehov. Disse forskjellige flytende pinnene hjelper til med \u00e5 forhindre forurensning ved overf\u00f4ring, da du enkelt kan overv\u00e5ke hvor mye mat som har blitt eller ikke har blitt spist.<\/p>\n<div class=\"jhH5U\">\n<div id=\"tw-ob\" class=\"tw-src-ltr\">\n<div class=\"oSioSc\">\n<div id=\"tw-target\">\n<div id=\"kAz1tf\" class=\"g9WsWb\">\n<div id=\"tw-target-text-container\" class=\"tw-ta-container hide-focus-ring tw-nfl\">\n<p class=\"tw-data-text tw-text-large XcVN5d tw-ta\" dir=\"ltr\" data-placeholder=\"Oversettelse\"><span lang=\"no\">Naturlige fargeforbedringer innen Pond Sticks Mixed hjelper til med \u00e5 f\u00e5 frem str\u00e5lende r\u00f8d og gullfarging i fisken din med regelmessig f\u00f4ring. Tropical har med vilje senket fosforinnholdet i denne maten for \u00e5 redusere risikoen for algevekst.<\/span><\/p>\n<\/div>\n<\/div>\n<\/div>\n<\/div>\n<\/div>\n<div class=\"dURPtb\"><\/div>\n<div>\n<div><\/div>\n<\/div>\n<\/div>","protected":false},"featured_media":2298,"comment_status":"open","ping_status":"closed","template":"","meta":{"_uf_show_specific_survey":0,"_uf_disable_surveys":false},"pwb-brand":[5166],"product_brand":[],"product_cat":[353,2257,2292,2259,230],"product_tag":[],"class_list":{"0":"post-2270","1":"product","2":"type-product","3":"status-publish","4":"has-post-thumbnail","6":"pwb-brand-tropical","7":"product_cat-akvarium-som-hobby","8":"product_cat-dam","9":"product_cat-fiskemat","10":"product_cat-koi-mat","11":"product_cat-tropical-mat","13":"first","14":"instock","15":"taxable","16":"shipping-taxable","17":"purchasable","18":"product-type-variable","19":"has-default-attributes"},"exclude_global_add_ons":[],"addons":[],"brands":[{"id":5166,"name":"Tropical","slug":"tropical"}],"_links":{"self":[{"href":"https:\/\/pim.fuglebutikken.no\/nb\/wp-json\/wp\/v2\/product\/2270","targetHints":{"allow":["GET"]}}],"collection":[{"href":"https:\/\/pim.fuglebutikken.no\/nb\/wp-json\/wp\/v2\/product"}],"about":[{"href":"https:\/\/pim.fuglebutikken.no\/nb\/wp-json\/wp\/v2\/types\/product"}],"replies":[{"embeddable":true,"href":"https:\/\/pim.fuglebutikken.no\/nb\/wp-json\/wp\/v2\/comments?post=2270"}],"wp:featuredmedia":[{"embeddable":true,"href":"https:\/\/pim.fuglebutikken.no\/nb\/wp-json\/wp\/v2\/media\/2298"}],"wp:attachment":[{"href":"https:\/\/pim.fuglebutikken.no\/nb\/wp-json\/wp\/v2\/media?parent=2270"}],"wp:term":[{"taxonomy":"pwb-brand","embeddable":true,"href":"https:\/\/pim.fuglebutikken.no\/nb\/wp-json\/wp\/v2\/pwb-brand?post=2270"},{"taxonomy":"product_brand","embeddable":true,"href":"https:\/\/pim.fuglebutikken.no\/nb\/wp-json\/wp\/v2\/product_brand?post=2270"},{"taxonomy":"product_cat","embeddable":true,"href":"https:\/\/pim.fuglebutikken.no\/nb\/wp-json\/wp\/v2\/product_cat?post=2270"},{"taxonomy":"product_tag","embeddable":true,"href":"https:\/\/pim.fuglebutikken.no\/nb\/wp-json\/wp\/v2\/product_tag?post=2270"}],"curies":[{"name":"wp","href":"https:\/\/api.w.org\/{rel}","templated":true}]}}