{"id":2227,"date":"2020-03-01T14:59:44","date_gmt":"2020-03-01T13:59:44","guid":{"rendered":"https:\/\/274105-www.web.tornado-node.net\/product\/import-placeholder-for-451\/"},"modified":"2023-12-08T20:25:12","modified_gmt":"2023-12-08T19:25:12","slug":"tropical-3-i-1-100ml-mix","status":"publish","type":"product","link":"https:\/\/pim.fuglebutikken.no\/nb\/produkt\/tropical-3-i-1-100ml-mix\/","title":{"rendered":"Tropical 3 i 1 100ml Mix"},"content":{"rendered":"","protected":false},"excerpt":{"rendered":"<p>Tropical 3 i 1 100ml Mix<\/p>\n<p>Tre i en sett.<\/p>\n<ul>\n<li>Supervit gir et komplett flak mat med flere ingredienser designet for daglig f\u00f4ring av all akvariefisk<\/li>\n<li>Vitalty &amp; Color gir et proteinrikt f\u00f4r i flakform med en fargeforbedrende og revitaliserende effekt. F\u00f4ret er ment for daglig f\u00f4ring av altetende og kj\u00f8ttetende akvariefisk, spesielt for oppdrettsfisk som krever fargeforbedring og fisk som vokser intensivt eller i gyteperioder.<\/li>\n<li>Green Algae Wafers er en mat i form av synkende vafler med tilsetning av spirulina, tangalger og Ketapang-blader til daglig f\u00f4ring av planteetende og altetende medlemmer av familien Loricariidae.<\/li>\n<\/ul>\n<p>&nbsp;<\/p>","protected":false},"featured_media":2255,"comment_status":"open","ping_status":"closed","template":"","meta":{"_uf_show_specific_survey":0,"_uf_disable_surveys":false},"pwb-brand":[5166],"product_brand":[],"product_cat":[353,2292,3110,230],"product_tag":[6416],"class_list":{"0":"post-2227","1":"product","2":"type-product","3":"status-publish","4":"has-post-thumbnail","6":"pwb-brand-tropical","7":"product_cat-akvarium-som-hobby","8":"product_cat-fiskemat","9":"product_cat-flakfor","10":"product_cat-tropical-mat","11":"product_tag-flingor-fiskfoder","13":"first","14":"instock","15":"taxable","16":"shipping-taxable","17":"purchasable","18":"product-type-simple"},"exclude_global_add_ons":[],"addons":[],"brands":[{"id":5166,"name":"Tropical","slug":"tropical"}],"_links":{"self":[{"href":"https:\/\/pim.fuglebutikken.no\/nb\/wp-json\/wp\/v2\/product\/2227","targetHints":{"allow":["GET"]}}],"collection":[{"href":"https:\/\/pim.fuglebutikken.no\/nb\/wp-json\/wp\/v2\/product"}],"about":[{"href":"https:\/\/pim.fuglebutikken.no\/nb\/wp-json\/wp\/v2\/types\/product"}],"replies":[{"embeddable":true,"href":"https:\/\/pim.fuglebutikken.no\/nb\/wp-json\/wp\/v2\/comments?post=2227"}],"wp:featuredmedia":[{"embeddable":true,"href":"https:\/\/pim.fuglebutikken.no\/nb\/wp-json\/wp\/v2\/media\/2255"}],"wp:attachment":[{"href":"https:\/\/pim.fuglebutikken.no\/nb\/wp-json\/wp\/v2\/media?parent=2227"}],"wp:term":[{"taxonomy":"pwb-brand","embeddable":true,"href":"https:\/\/pim.fuglebutikken.no\/nb\/wp-json\/wp\/v2\/pwb-brand?post=2227"},{"taxonomy":"product_brand","embeddable":true,"href":"https:\/\/pim.fuglebutikken.no\/nb\/wp-json\/wp\/v2\/product_brand?post=2227"},{"taxonomy":"product_cat","embeddable":true,"href":"https:\/\/pim.fuglebutikken.no\/nb\/wp-json\/wp\/v2\/product_cat?post=2227"},{"taxonomy":"product_tag","embeddable":true,"href":"https:\/\/pim.fuglebutikken.no\/nb\/wp-json\/wp\/v2\/product_tag?post=2227"}],"curies":[{"name":"wp","href":"https:\/\/api.w.org\/{rel}","templated":true}]}}