{"id":2196,"date":"2020-03-01T14:59:32","date_gmt":"2020-03-01T13:59:32","guid":{"rendered":"https:\/\/274105-www.web.tornado-node.net\/product\/import-placeholder-for-436\/"},"modified":"2023-11-22T17:48:32","modified_gmt":"2023-11-22T16:48:32","slug":"tropical-hi-algae","status":"publish","type":"product","link":"https:\/\/pim.fuglebutikken.no\/nb\/produkt\/tropical-hi-algae\/","title":{"rendered":"Tropical Hi-Algae Discs XXL 1000ml"},"content":{"rendered":"<h2>Tropical Hi-Algae Discs XXL 1000ml<\/h2>\n<p><iframe loading=\"lazy\" title=\"TROPICAL HI-ALGAE DISC XXL - Special food for large bottom-feeding fish\" width=\"800\" height=\"450\" src=\"https:\/\/www.youtube.com\/embed\/aLS3CMJK-yM?feature=oembed\" frameborder=\"0\" allow=\"accelerometer; autoplay; clipboard-write; encrypted-media; gyroscope; picture-in-picture; web-share\" referrerpolicy=\"strict-origin-when-cross-origin\" allowfullscreen><\/iframe><\/p>","protected":false},"excerpt":{"rendered":"<h2>Tropical Hi-Algae Discs XXL 1000ml<\/h2>\n<p>MAT MED ALGER TIL STOR BUNN SPISENDE FISKER<br \/>\nTropical Hi-Algae Discs XXL 1000ml er ekstra store tabletter for algespisere.<\/p>\n<ul>\n<li>mat i form av synkeskiver med h\u00f8yt innhold av alger (52,4 %) for store arter av planteetende og altetende bunnmatende fisk<\/li>\n<li>inneholder 5 algearter: spirulina (Spirulina platensis), chlorella (Chlorella vulgaris), Lithothamnium calcareum og tarealger \u2013 Ascophyllum nodosum og Laminaria digitata<\/li>\n<li>umettede fettsyrer, protein (rikt p\u00e5 essensielle aminosyrer) og vitaminer fra spirulina og chlorella, sammen med vitaminer, makron\u00e6ringsstoffer og sporstoffer fra tarealger og Lithothamnium calcareum (inkludert jod, krom, selen og jern) s\u00f8rger for utmerket tilstand, intensiv vekst og vitalitet hos fisk<\/li>\n<li>Kostfiber fra alger, eikebarkmel og kitin regulerer ford\u00f8yelsen<\/li>\n<li>mat stimulerer utviklingen av gunstig bakterieflora i mage-tarmkanalen<\/li>\n<li>forbedrer fiskens immunitet<\/li>\n<li>p\u00e5 grunn av sine styrkende egenskaper kan den brukes til \u00e5 f\u00f4re syke og svekkede fisker og under akklimatiseringsperioden eller restitusjon etter medisinsk behandling<\/li>\n<li>1000ml\/500gr.<\/li>\n<\/ul>","protected":false},"featured_media":73183,"comment_status":"open","ping_status":"closed","template":"","meta":{"_uf_show_specific_survey":0,"_uf_disable_surveys":false},"pwb-brand":[5166],"product_brand":[],"product_cat":[353,2292,3112,230],"product_tag":[6421],"class_list":{"0":"post-2196","1":"product","2":"type-product","3":"status-publish","4":"has-post-thumbnail","6":"pwb-brand-tropical","7":"product_cat-akvarium-som-hobby","8":"product_cat-fiskemat","9":"product_cat-tabletter","10":"product_cat-tropical-mat","11":"product_tag-tabletter-linser-fiskfoder","13":"first","14":"instock","15":"taxable","16":"shipping-taxable","17":"purchasable","18":"product-type-simple"},"exclude_global_add_ons":[],"addons":[],"brands":[{"id":5166,"name":"Tropical","slug":"tropical"}],"_links":{"self":[{"href":"https:\/\/pim.fuglebutikken.no\/nb\/wp-json\/wp\/v2\/product\/2196","targetHints":{"allow":["GET"]}}],"collection":[{"href":"https:\/\/pim.fuglebutikken.no\/nb\/wp-json\/wp\/v2\/product"}],"about":[{"href":"https:\/\/pim.fuglebutikken.no\/nb\/wp-json\/wp\/v2\/types\/product"}],"replies":[{"embeddable":true,"href":"https:\/\/pim.fuglebutikken.no\/nb\/wp-json\/wp\/v2\/comments?post=2196"}],"wp:featuredmedia":[{"embeddable":true,"href":"https:\/\/pim.fuglebutikken.no\/nb\/wp-json\/wp\/v2\/media\/73183"}],"wp:attachment":[{"href":"https:\/\/pim.fuglebutikken.no\/nb\/wp-json\/wp\/v2\/media?parent=2196"}],"wp:term":[{"taxonomy":"pwb-brand","embeddable":true,"href":"https:\/\/pim.fuglebutikken.no\/nb\/wp-json\/wp\/v2\/pwb-brand?post=2196"},{"taxonomy":"product_brand","embeddable":true,"href":"https:\/\/pim.fuglebutikken.no\/nb\/wp-json\/wp\/v2\/product_brand?post=2196"},{"taxonomy":"product_cat","embeddable":true,"href":"https:\/\/pim.fuglebutikken.no\/nb\/wp-json\/wp\/v2\/product_cat?post=2196"},{"taxonomy":"product_tag","embeddable":true,"href":"https:\/\/pim.fuglebutikken.no\/nb\/wp-json\/wp\/v2\/product_tag?post=2196"}],"curies":[{"name":"wp","href":"https:\/\/api.w.org\/{rel}","templated":true}]}}