{"id":2190,"date":"2020-03-01T14:59:31","date_gmt":"2020-03-01T13:59:31","guid":{"rendered":"https:\/\/274105-www.web.tornado-node.net\/product\/import-placeholder-for-430\/"},"modified":"2023-11-22T17:57:17","modified_gmt":"2023-11-22T16:57:17","slug":"tropical-mini-wafers-mix","status":"publish","type":"product","link":"https:\/\/pim.fuglebutikken.no\/nb\/produkt\/tropical-mini-wafers-mix\/","title":{"rendered":"Tropical Mini Wafers Mix"},"content":{"rendered":"","protected":false},"excerpt":{"rendered":"<p>Tropical Mini Wafers Mix<\/p>\n<p>Er en spesiell, komplett mat i form av gr\u00f8nne og r\u00f8de synkende wafere for bunnf\u00f4rere i flerartede tanker. De gr\u00f8nne skivene er en kilde til verdifulle spirulinaalger og fiber, mens de r\u00f8de skivene inneholder immunstimulator BETA-1.3 \/ 1.6-GLUCAN og astaxanthin. De to skivene til sammen gir et variert kosthold rikt p\u00e5 n\u00e6ringsstoffer, vitaminer og sporstoffer. Som en ekstra fordel oppl\u00f8ses ikke vaflene i vann, og det er derfor ingen fare for uklarhet.<\/p>\n<p>Regelmessig f\u00f4ring med Tropical Mini Wafers Mix holder fisk i utmerket tilstand, forsterker immunforsvaret og forbedrer fargen. Tilsetningen av zeolitt \u200b\u200bfremmer et sunt ford\u00f8yelsessystem og frigj\u00f8ring av giftstoffer fra fiskens kropper. Tropical Mini Wafers Mix er ogs\u00e5 en utmerket mat for ferskvann og marine krepsdyr, ettersom astaxanthin har en gunstig effekt p\u00e5 multeprosessen.<\/p>\n<div class=\"jhH5U\">\n<div id=\"tw-images\"><\/div>\n<div class=\"dURPtb\"><\/div>\n<div>\n<div><\/div>\n<\/div>\n<\/div>","protected":false},"featured_media":2213,"comment_status":"open","ping_status":"closed","template":"","meta":{"_uf_show_specific_survey":0,"_uf_disable_surveys":false},"pwb-brand":[5166],"product_brand":[],"product_cat":[353,2292,3112,230],"product_tag":[],"class_list":{"0":"post-2190","1":"product","2":"type-product","3":"status-publish","4":"has-post-thumbnail","6":"pwb-brand-tropical","7":"product_cat-akvarium-som-hobby","8":"product_cat-fiskemat","9":"product_cat-tabletter","10":"product_cat-tropical-mat","12":"first","13":"instock","14":"taxable","15":"shipping-taxable","16":"purchasable","17":"product-type-variable","18":"has-default-attributes"},"exclude_global_add_ons":[],"addons":[],"brands":[{"id":5166,"name":"Tropical","slug":"tropical"}],"_links":{"self":[{"href":"https:\/\/pim.fuglebutikken.no\/nb\/wp-json\/wp\/v2\/product\/2190","targetHints":{"allow":["GET"]}}],"collection":[{"href":"https:\/\/pim.fuglebutikken.no\/nb\/wp-json\/wp\/v2\/product"}],"about":[{"href":"https:\/\/pim.fuglebutikken.no\/nb\/wp-json\/wp\/v2\/types\/product"}],"replies":[{"embeddable":true,"href":"https:\/\/pim.fuglebutikken.no\/nb\/wp-json\/wp\/v2\/comments?post=2190"}],"wp:featuredmedia":[{"embeddable":true,"href":"https:\/\/pim.fuglebutikken.no\/nb\/wp-json\/wp\/v2\/media\/2213"}],"wp:attachment":[{"href":"https:\/\/pim.fuglebutikken.no\/nb\/wp-json\/wp\/v2\/media?parent=2190"}],"wp:term":[{"taxonomy":"pwb-brand","embeddable":true,"href":"https:\/\/pim.fuglebutikken.no\/nb\/wp-json\/wp\/v2\/pwb-brand?post=2190"},{"taxonomy":"product_brand","embeddable":true,"href":"https:\/\/pim.fuglebutikken.no\/nb\/wp-json\/wp\/v2\/product_brand?post=2190"},{"taxonomy":"product_cat","embeddable":true,"href":"https:\/\/pim.fuglebutikken.no\/nb\/wp-json\/wp\/v2\/product_cat?post=2190"},{"taxonomy":"product_tag","embeddable":true,"href":"https:\/\/pim.fuglebutikken.no\/nb\/wp-json\/wp\/v2\/product_tag?post=2190"}],"curies":[{"name":"wp","href":"https:\/\/api.w.org\/{rel}","templated":true}]}}