{"id":2146,"date":"2020-03-01T14:59:18","date_gmt":"2020-03-01T13:59:18","guid":{"rendered":"https:\/\/274105-www.web.tornado-node.net\/product\/import-placeholder-for-380\/"},"modified":"2023-11-22T16:59:35","modified_gmt":"2023-11-22T15:59:35","slug":"tropical-cichlid-herbivore-medium-pellet","status":"publish","type":"product","link":"https:\/\/pim.fuglebutikken.no\/nb\/produkt\/tropical-cichlid-herbivore-medium-pellet\/","title":{"rendered":"Tropical Cichlid Herbivore Medium Pellet"},"content":{"rendered":"<h2>Tropical Cichlid Herbivore Medium Pellet<\/h2>","protected":false},"excerpt":{"rendered":"<h3>Tropical Cichlid Herbivore Medium Pellet<\/h3>\n<p>Tropical Cichlid Herbivore Medium Pellet er en mat i form av flytende pellets med tilsetning av spirulina for daglig f\u00f4ring av store planteetende ciklider som Uaru amphiacanthoides, Vieja maculicauda, \u200b\u200bVieja bifasciata. Anbefales ogs\u00e5 som supplerende mat for store altetende ciklider. H\u00f8yt innhold av fiber regulerer ford\u00f8yelsesprosesser og beskytter lang tarm mot inflammatoriske tilstander. Karotenoider fra spirulina forbedrer fargen p\u00e5 fisk. Tilsetningen av zeolitt \u200b\u200bfremmer et sunt ford\u00f8yelsessystem og frigj\u00f8ring av giftstoffer fra fiskens kropper.<\/p>\n<div class=\"jhH5U\">\n<div>\n<div><\/div>\n<\/div>\n<\/div>","protected":false},"featured_media":2165,"comment_status":"open","ping_status":"closed","template":"","meta":{"_uf_show_specific_survey":0,"_uf_disable_surveys":false},"pwb-brand":[5166],"product_brand":[],"product_cat":[4092,3114,2292,3117,230],"product_tag":[],"class_list":{"0":"post-2146","1":"product","2":"type-product","3":"status-publish","4":"has-post-thumbnail","6":"pwb-brand-tropical","7":"product_cat-akvaristikk","8":"product_cat-ciklidefor","9":"product_cat-fiskemat","10":"product_cat-pellets-sticks","11":"product_cat-tropical-mat","13":"first","14":"instock","15":"taxable","16":"shipping-taxable","17":"purchasable","18":"product-type-variable","19":"has-default-attributes"},"exclude_global_add_ons":[],"addons":[],"brands":[{"id":5166,"name":"Tropical","slug":"tropical"}],"_links":{"self":[{"href":"https:\/\/pim.fuglebutikken.no\/nb\/wp-json\/wp\/v2\/product\/2146","targetHints":{"allow":["GET"]}}],"collection":[{"href":"https:\/\/pim.fuglebutikken.no\/nb\/wp-json\/wp\/v2\/product"}],"about":[{"href":"https:\/\/pim.fuglebutikken.no\/nb\/wp-json\/wp\/v2\/types\/product"}],"replies":[{"embeddable":true,"href":"https:\/\/pim.fuglebutikken.no\/nb\/wp-json\/wp\/v2\/comments?post=2146"}],"wp:featuredmedia":[{"embeddable":true,"href":"https:\/\/pim.fuglebutikken.no\/nb\/wp-json\/wp\/v2\/media\/2165"}],"wp:attachment":[{"href":"https:\/\/pim.fuglebutikken.no\/nb\/wp-json\/wp\/v2\/media?parent=2146"}],"wp:term":[{"taxonomy":"pwb-brand","embeddable":true,"href":"https:\/\/pim.fuglebutikken.no\/nb\/wp-json\/wp\/v2\/pwb-brand?post=2146"},{"taxonomy":"product_brand","embeddable":true,"href":"https:\/\/pim.fuglebutikken.no\/nb\/wp-json\/wp\/v2\/product_brand?post=2146"},{"taxonomy":"product_cat","embeddable":true,"href":"https:\/\/pim.fuglebutikken.no\/nb\/wp-json\/wp\/v2\/product_cat?post=2146"},{"taxonomy":"product_tag","embeddable":true,"href":"https:\/\/pim.fuglebutikken.no\/nb\/wp-json\/wp\/v2\/product_tag?post=2146"}],"curies":[{"name":"wp","href":"https:\/\/api.w.org\/{rel}","templated":true}]}}