{"id":1993,"date":"2020-03-01T14:58:48","date_gmt":"2020-03-01T13:58:48","guid":{"rendered":"https:\/\/274105-www.web.tornado-node.net\/product\/import-placeholder-for-232\/"},"modified":"2023-11-28T18:10:17","modified_gmt":"2023-11-28T17:10:17","slug":"tetra-tabimin","status":"publish","type":"product","link":"https:\/\/pim.fuglebutikken.no\/nb\/produkt\/tetra-tabimin\/","title":{"rendered":"Tetra Tabimin"},"content":{"rendered":"<div id=\"centerColumn\" class=\"disableTopPMargin\">\n<div>\n<div id=\"productPageDescriptionTabs\" class=\"centerElement\">\n<div class=\"tabContent\">\n<div id=\"tabDescription1\" class=\"tabBody productPageBody selectedTabBody\" role=\"tabpanel\">\n<h2>Tetra Tabimin<\/h2>\n<p>Hovedf\u00f4ret spesielt for bunnlevende fisker som maller, smerlinger og karpefisker, med alle livsviktige n\u00e6ringsemner. Pelletsen synker til bunnen s\u00e5 du bestemmer n\u00f8yaktig hvor du skal f\u00f4re noe som\u00a0gj\u00f8r det mulig \u00e5 f\u00f4re skye fisker p\u00e5 sine gjemmesteder.<\/p>\n<p>Stablisert C-vitamin \u00f8ker motstandskraften mot sykdom, fremmer god vekst og forhindrer mangelsykdommer. Inneholder alle livsviktige n\u00e6ringsemner, vitaminer, mineraler\u00a0og sporstoffer.<\/p>\n<p class=\"ng-binding\">Det balanserade tablettfodret Tetra TabiMin erbjuder bottenmatande och skygg fisk med optimal och varierad kost. Tabletterna sjunker snabbt och kan placeras strategiskt vid behov f\u00f6r att till\u00e5ta blyg fisk att \u00e4ta utan att bli st\u00f6rd. Tack vare tablettformen frig\u00f6rs maten l\u00e5ngsamt i vattnet. Tetra TabiMin multitabletterna har tv\u00e5 f\u00e4rger. Den bruna sidan inneh\u00e5ller alger och dess v\u00e4rdefulla mineraler. Den gula\/beigea sidan inneh\u00e5ller h\u00f6gkvalitativ fiskolja som en k\u00e4lla till omega-3-fettsyror, karotenoider f\u00f6r att f\u00f6rb\u00e4ttra f\u00e4rgens livfullhet samt viktiga mineraler och sp\u00e5r\u00e4mnen. Tillsatsen av r\u00e4kor g\u00f6r maten \u00e4nnu mer v\u00e4lsmakande f\u00f6r fisken. Regelbunden utfodring med Tetra TabiMin fr\u00e4mjar god h\u00e4lsa, f\u00e4rgsprakande och vitalitet.<\/p>\n<p class=\"ng-binding\">Mj\u00f6lk och mejeriprodukter, Fisk och fiskbiprodukter, Vegetabiliska \u00e4ggvite-extrakt, Spannm\u00e5l, J\u00e4st, Bl\u00f6tdjur och kr\u00e4ftdjur (R\u00e4kor 5%), Olja och fett, Socker, Alger, Mineral\u00e4mnen.R\u00e5protein 40,0%, R\u00e5olja och r\u00e5fett 6,0%, V\u00e4xttr\u00e5d 2,0%, Fukthalt 9,0%.Vitaminer, provitaminer och kemiskt v\u00e4ldefinierade \u00e4mnen med likartad effekt: A-vitamin 22280 IE\/kg, D3-vitamin 1390 IE\/kg. F\u00f6reningar av sp\u00e5relement: E5 Mangan 30 mg\/kg, E6 Zink 18 mg\/kg, E1 J\u00e4rn 12 mg\/kg. F\u00e4rg\u00e4mnen, Antioxidanter.<\/p>\n<p><img loading=\"lazy\" decoding=\"async\" class=\"aligncenter wp-image-66182 size-full\" src=\"https:\/\/fuglebutikken.no\/wp-content\/uploads\/2020\/03\/Tetra-Tabimin-bak.jpg\" alt=\"Tetra Tabimin bak\" width=\"1449\" height=\"530\" title=\"\" srcset=\"\/wp-content\/uploads\/2020\/03\/Tetra-Tabimin-bak.jpg 1449w, \/wp-content\/uploads\/2020\/03\/Tetra-Tabimin-bak-500x183.jpg 500w, \/wp-content\/uploads\/2020\/03\/Tetra-Tabimin-bak-768x281.jpg 768w, \/wp-content\/uploads\/2020\/03\/Tetra-Tabimin-bak-600x219.jpg 600w, \/wp-content\/uploads\/2020\/03\/Tetra-Tabimin-bak-64x23.jpg 64w\" sizes=\"auto, (max-width: 1449px) 100vw, 1449px\" \/><\/p>\n<\/div>\n<\/div>\n<\/div>\n<\/div>\n<div class=\"clearFix\"><\/div>\n<\/div>\n<div id=\"sideColumns\" class=\"screenOnly\">\n<div id=\"leftColumn\" class=\"disableTopPMargin tightMargin\">\n<div id=\"search\" class=\"sideElement\">\n<div><\/div>\n<\/div>\n<\/div>\n<\/div>","protected":false},"excerpt":{"rendered":"<h3>Tetra Tabimin<\/h3>\n<p>Tetra Tabimin er f\u00f4rtabletter for alle kj\u00f8ttetende bunnlevende fisker.<br \/>\nDe egner seg meget godt for Corydoras pansermaller, botia og reker.<\/p>\n<ul>\n<li>Tabl tetra tabimin er Optimal, variert n\u00e6ring for bunnspisende og sky fisk<\/li>\n<li>Tablettene synker raskt, kan plasseres hvor som helst og slipper f\u00f4ret sakte<\/li>\n<li>To blandinger av mat i en multi-tablett &#8211; f\u00e6rre tabletter er n\u00f8dvendig for f\u00f4ring<\/li>\n<li>Ny multi-tablett forumla inneholder reker for ytterligere \u00e5 oppmuntre fisken din til \u00e5 spise dem<\/li>\n<li>Den nye sammensetningen i multi-tablettform inneholder reker for bedre smak<\/li>\n<li>Vitamin C styrker immunforsvaret, fremmer sunn vekst og forhindrer ern\u00e6ringsmessige mangler<\/li>\n<li>Inneholder alle n\u00e6ringsstoffene, vitaminene og sporelementene fisk trenger<\/li>\n<\/ul>","protected":false},"featured_media":66183,"comment_status":"open","ping_status":"closed","template":"","meta":{"_uf_show_specific_survey":0,"_uf_disable_surveys":false},"pwb-brand":[3970],"product_brand":[],"product_cat":[4092,2292,3112,231],"product_tag":[1796],"class_list":{"0":"post-1993","1":"product","2":"type-product","3":"status-publish","4":"has-post-thumbnail","6":"pwb-brand-tetra","7":"product_cat-akvaristikk","8":"product_cat-fiskemat","9":"product_cat-tabletter","10":"product_cat-tetra-fiskefor","11":"product_tag-fiskefor","13":"first","14":"instock","15":"taxable","16":"shipping-taxable","17":"purchasable","18":"product-type-variable","19":"has-default-attributes"},"exclude_global_add_ons":[],"addons":[],"brands":[{"id":3970,"name":"Tetra","slug":"tetra"}],"_links":{"self":[{"href":"https:\/\/pim.fuglebutikken.no\/nb\/wp-json\/wp\/v2\/product\/1993","targetHints":{"allow":["GET"]}}],"collection":[{"href":"https:\/\/pim.fuglebutikken.no\/nb\/wp-json\/wp\/v2\/product"}],"about":[{"href":"https:\/\/pim.fuglebutikken.no\/nb\/wp-json\/wp\/v2\/types\/product"}],"replies":[{"embeddable":true,"href":"https:\/\/pim.fuglebutikken.no\/nb\/wp-json\/wp\/v2\/comments?post=1993"}],"wp:featuredmedia":[{"embeddable":true,"href":"https:\/\/pim.fuglebutikken.no\/nb\/wp-json\/wp\/v2\/media\/66183"}],"wp:attachment":[{"href":"https:\/\/pim.fuglebutikken.no\/nb\/wp-json\/wp\/v2\/media?parent=1993"}],"wp:term":[{"taxonomy":"pwb-brand","embeddable":true,"href":"https:\/\/pim.fuglebutikken.no\/nb\/wp-json\/wp\/v2\/pwb-brand?post=1993"},{"taxonomy":"product_brand","embeddable":true,"href":"https:\/\/pim.fuglebutikken.no\/nb\/wp-json\/wp\/v2\/product_brand?post=1993"},{"taxonomy":"product_cat","embeddable":true,"href":"https:\/\/pim.fuglebutikken.no\/nb\/wp-json\/wp\/v2\/product_cat?post=1993"},{"taxonomy":"product_tag","embeddable":true,"href":"https:\/\/pim.fuglebutikken.no\/nb\/wp-json\/wp\/v2\/product_tag?post=1993"}],"curies":[{"name":"wp","href":"https:\/\/api.w.org\/{rel}","templated":true}]}}