{"id":1985,"date":"2020-03-01T14:58:48","date_gmt":"2020-03-01T13:58:48","guid":{"rendered":"https:\/\/274105-www.web.tornado-node.net\/product\/import-placeholder-for-219\/"},"modified":"2023-11-22T11:56:38","modified_gmt":"2023-11-22T10:56:38","slug":"tetra-discus-10l","status":"publish","type":"product","link":"https:\/\/pim.fuglebutikken.no\/nb\/produkt\/tetra-discus-10l\/","title":{"rendered":"Tetra Discus 10L"},"content":{"rendered":"","protected":false},"excerpt":{"rendered":"<p>Tetra Discus 10L<\/p>\n<div id=\"centerColumn\" class=\"disableTopPMargin\">\n<div>\n<div id=\"productPageDescriptionTabs\" class=\"centerElement\">\n<div class=\"tabContent\">\n<div id=\"tabDescription1\" class=\"tabBody productPageBody selectedTabBody\" role=\"tabpanel\">\n<p>Optimalt tilpasset hovedf\u00f4r til Discus, spesielt tilpasset i farge, form og n\u00e6ringssammensettning. Inneholder alle viktige n\u00e6ringsemner, vitaminer og sporelementer. F\u00f4ret synker langsomt som gir fisken artsriktig spising. Stabilisert C-vitamin gir \u00f8kt motstandskraft, fremmer god tilvekst og forhindrer mangelsykdommer.<\/p>\n<\/div>\n<\/div>\n<\/div>\n<\/div>\n<div id=\"sharetool\" class=\"screenOnly centerElement addthis_toolbox addthis_default_style addthis_32x32_style\">\n<div class=\"atclear\"><\/div>\n<\/div>\n<div class=\"clearFix\"><\/div>\n<\/div>\n<div id=\"sideColumns\" class=\"screenOnly\">\n<div id=\"leftColumn\" class=\"disableTopPMargin tightMargin\">\n<div id=\"search\" class=\"sideElement\">\n<div><\/div>\n<\/div>\n<\/div>\n<\/div>","protected":false},"featured_media":2015,"comment_status":"open","ping_status":"closed","template":"","meta":{"_uf_show_specific_survey":0,"_uf_disable_surveys":false},"pwb-brand":[3970],"product_brand":[],"product_cat":[2292,3111,231],"product_tag":[6417],"class_list":{"0":"post-1985","1":"product","2":"type-product","3":"status-publish","4":"has-post-thumbnail","6":"pwb-brand-tetra","7":"product_cat-fiskemat","8":"product_cat-granulat","9":"product_cat-tetra-fiskefor","10":"product_tag-granulat-fiskfoder","12":"first","13":"instock","14":"taxable","15":"shipping-taxable","16":"purchasable","17":"product-type-simple"},"exclude_global_add_ons":[],"addons":[],"brands":[{"id":3970,"name":"Tetra","slug":"tetra"}],"_links":{"self":[{"href":"https:\/\/pim.fuglebutikken.no\/nb\/wp-json\/wp\/v2\/product\/1985","targetHints":{"allow":["GET"]}}],"collection":[{"href":"https:\/\/pim.fuglebutikken.no\/nb\/wp-json\/wp\/v2\/product"}],"about":[{"href":"https:\/\/pim.fuglebutikken.no\/nb\/wp-json\/wp\/v2\/types\/product"}],"replies":[{"embeddable":true,"href":"https:\/\/pim.fuglebutikken.no\/nb\/wp-json\/wp\/v2\/comments?post=1985"}],"wp:featuredmedia":[{"embeddable":true,"href":"https:\/\/pim.fuglebutikken.no\/nb\/wp-json\/wp\/v2\/media\/2015"}],"wp:attachment":[{"href":"https:\/\/pim.fuglebutikken.no\/nb\/wp-json\/wp\/v2\/media?parent=1985"}],"wp:term":[{"taxonomy":"pwb-brand","embeddable":true,"href":"https:\/\/pim.fuglebutikken.no\/nb\/wp-json\/wp\/v2\/pwb-brand?post=1985"},{"taxonomy":"product_brand","embeddable":true,"href":"https:\/\/pim.fuglebutikken.no\/nb\/wp-json\/wp\/v2\/product_brand?post=1985"},{"taxonomy":"product_cat","embeddable":true,"href":"https:\/\/pim.fuglebutikken.no\/nb\/wp-json\/wp\/v2\/product_cat?post=1985"},{"taxonomy":"product_tag","embeddable":true,"href":"https:\/\/pim.fuglebutikken.no\/nb\/wp-json\/wp\/v2\/product_tag?post=1985"}],"curies":[{"name":"wp","href":"https:\/\/api.w.org\/{rel}","templated":true}]}}