{"id":1983,"date":"2020-03-01T14:58:47","date_gmt":"2020-03-01T13:58:47","guid":{"rendered":"https:\/\/274105-www.web.tornado-node.net\/product\/import-placeholder-for-218\/"},"modified":"2023-11-29T09:45:43","modified_gmt":"2023-11-29T08:45:43","slug":"tetra-discus-bits-1l-granulat","status":"publish","type":"product","link":"https:\/\/pim.fuglebutikken.no\/nb\/produkt\/tetra-discus-bits-1l-granulat\/","title":{"rendered":"Tetra Discus\/Bits 1L Granulat"},"content":{"rendered":"<h2>Tetra Discus\/Bits 1L Granulat<\/h2>\n<p>Tetra Discus, ogs\u00e5 kalt Tetra Bits, er topp granulatf\u00f4r til discus. Det synker med perfekt hastighet og har en sterk r\u00f8dfarge som appelerer til discus.<\/p>\n<p>F\u00f4ret passer ogs\u00e5 sv\u00e6rt bra til andre typer kj\u00f8ttetende cichlider, barber, botia, corydoras og reker. Mange av de st\u00f8rre tetra-artene spiser ogs\u00e5 Tetra Discus.<\/p>\n<p>Granulat f\u00f4r er ypperlig til f\u00f4rautomater.<\/p>\n<p id=\"tw-target-text\" class=\"tw-data-text tw-text-large tw-ta\" dir=\"ltr\" data-placeholder=\"Oversettelse\" data-ved=\"2ahUKEwjcgaW-udeCAxXwPxAIHe-PBS4Q3ewLegQIBRAQ\"><strong><span class=\"Y2IQFc\" lang=\"no\">Detaljer <\/span><\/strong><\/p>\n<p class=\"tw-data-text tw-text-large tw-ta\" dir=\"ltr\" data-placeholder=\"Oversettelse\" data-ved=\"2ahUKEwjcgaW-udeCAxXwPxAIHe-PBS4Q3ewLegQIBRAQ\"><span class=\"Y2IQFc\" lang=\"no\">SAMMENSETNING Fisk og fiskebiprodukter, Vegetabilske eggehviteekstrakter, Korn, Vegetabilske biprodukter, Bl\u00f8tdyr og krepsdyr, Gj\u00e6r, Mineraler, Sukker (Oligofruktose 1,2%), Alger, Olje og fett. <\/span><\/p>\n<p class=\"tw-data-text tw-text-large tw-ta\" dir=\"ltr\" data-placeholder=\"Oversettelse\" data-ved=\"2ahUKEwjcgaW-udeCAxXwPxAIHe-PBS4Q3ewLegQIBRAQ\"><span class=\"Y2IQFc\" lang=\"no\">ANALYTISKE BESTANDDELER R\u00e5protein 47,5 %, R\u00e5fett 6,5 %, Plantefiber 2,0 %, Fuktighetsinnhold 6,0 \u200b\u200b%. <\/span><\/p>\n<p class=\"tw-data-text tw-text-large tw-ta\" dir=\"ltr\" data-placeholder=\"Oversettelse\" data-ved=\"2ahUKEwjcgaW-udeCAxXwPxAIHe-PBS4Q3ewLegQIBRAQ\"><span class=\"Y2IQFc\" lang=\"no\">TILSETNINGER (PER KG) Vitaminer: Vitamin D3 1860 IE\/kg. Sporelementer: Mangan (mangan (II) sulfat, monohydrat) 67 mg\/kg, Sink (sinksulfat, monohydrat) 40 mg\/kg, Jern (jern (II) sulfat, monohydrat) 26 mg\/kg. Fargestoffer, konserveringsmidler, antioksidanter.<\/span><\/p>","protected":false},"excerpt":{"rendered":"<h3>Tetra Discus\/Bits 1L Granulat<\/h3>\n<div id=\"centerColumn\" class=\"disableTopPMargin\">\n<div>\n<div id=\"productPageDescriptionTabs\" class=\"centerElement\">\n<div class=\"tabContent\">\n<div id=\"tabDescription1\" class=\"tabBody productPageBody selectedTabBody\" role=\"tabpanel\">\n<p>Optimalt tilpasset hovedf\u00f4r til Diskus, spesielt tilpasset i farge, form og n\u00e6ringssammensettning. Inneholder alle viktige n\u00e6ringsemner, vitaminer og sporelementer. F\u00f4ret synker langsomt som gir fisken artsriktig spising. Stabilisert C-vitamin gir \u00f8kt motstandskraft, fremmer god tilvekst og forhindrer mangelsykdommer. Ingen risiko for sykdomsbringere som i f.eks. frossentf\u00f4r.<\/p>\n<\/div>\n<\/div>\n<\/div>\n<\/div>\n<div id=\"sharetool\" class=\"screenOnly centerElement addthis_toolbox addthis_default_style addthis_32x32_style\">\n<div class=\"atclear\"><\/div>\n<\/div>\n<div class=\"clearFix\"><\/div>\n<\/div>\n<div id=\"sideColumns\" class=\"screenOnly\">\n<div id=\"leftColumn\" class=\"disableTopPMargin tightMargin\">\n<div id=\"search\" class=\"sideElement\">\n<div><\/div>\n<\/div>\n<\/div>\n<\/div>","protected":false},"featured_media":2014,"comment_status":"open","ping_status":"closed","template":"","meta":{"_uf_show_specific_survey":0,"_uf_disable_surveys":false},"pwb-brand":[3970],"product_brand":[],"product_cat":[2292,3111,231],"product_tag":[6417],"class_list":{"0":"post-1983","1":"product","2":"type-product","3":"status-publish","4":"has-post-thumbnail","6":"pwb-brand-tetra","7":"product_cat-fiskemat","8":"product_cat-granulat","9":"product_cat-tetra-fiskefor","10":"product_tag-granulat-fiskfoder","12":"first","13":"instock","14":"taxable","15":"shipping-taxable","16":"purchasable","17":"product-type-simple"},"exclude_global_add_ons":[],"addons":[],"brands":[{"id":3970,"name":"Tetra","slug":"tetra"}],"_links":{"self":[{"href":"https:\/\/pim.fuglebutikken.no\/nb\/wp-json\/wp\/v2\/product\/1983","targetHints":{"allow":["GET"]}}],"collection":[{"href":"https:\/\/pim.fuglebutikken.no\/nb\/wp-json\/wp\/v2\/product"}],"about":[{"href":"https:\/\/pim.fuglebutikken.no\/nb\/wp-json\/wp\/v2\/types\/product"}],"replies":[{"embeddable":true,"href":"https:\/\/pim.fuglebutikken.no\/nb\/wp-json\/wp\/v2\/comments?post=1983"}],"wp:featuredmedia":[{"embeddable":true,"href":"https:\/\/pim.fuglebutikken.no\/nb\/wp-json\/wp\/v2\/media\/2014"}],"wp:attachment":[{"href":"https:\/\/pim.fuglebutikken.no\/nb\/wp-json\/wp\/v2\/media?parent=1983"}],"wp:term":[{"taxonomy":"pwb-brand","embeddable":true,"href":"https:\/\/pim.fuglebutikken.no\/nb\/wp-json\/wp\/v2\/pwb-brand?post=1983"},{"taxonomy":"product_brand","embeddable":true,"href":"https:\/\/pim.fuglebutikken.no\/nb\/wp-json\/wp\/v2\/product_brand?post=1983"},{"taxonomy":"product_cat","embeddable":true,"href":"https:\/\/pim.fuglebutikken.no\/nb\/wp-json\/wp\/v2\/product_cat?post=1983"},{"taxonomy":"product_tag","embeddable":true,"href":"https:\/\/pim.fuglebutikken.no\/nb\/wp-json\/wp\/v2\/product_tag?post=1983"}],"curies":[{"name":"wp","href":"https:\/\/api.w.org\/{rel}","templated":true}]}}