{"id":1964,"date":"2020-03-01T14:58:40","date_gmt":"2020-03-01T13:58:40","guid":{"rendered":"https:\/\/274105-www.web.tornado-node.net\/product\/import-placeholder-for-217\/"},"modified":"2023-11-22T12:40:42","modified_gmt":"2023-11-22T11:40:42","slug":"tetra-discus-250ml","status":"publish","type":"product","link":"https:\/\/pim.fuglebutikken.no\/nb\/produkt\/tetra-discus-250ml\/","title":{"rendered":"Tetra Discus 250ml"},"content":{"rendered":"","protected":false},"excerpt":{"rendered":"<p>Tetra Discus 250ml<\/p>\n<p>Hovedstr\u00f8m i granulatformat.<br \/>\n&#8211; spesialtilpasset i farge, form og sammensetning til diskusfiskens ern\u00e6ringsmessige behov<br \/>\n&#8211; inneholder alle viktige n\u00e6ringsstoffer, vitaminer og sporstoffer<br \/>\n&#8211; f\u00f4r, som avtar sakte, gir et artsspesifikt f\u00f4rinntak<br \/>\n&#8211; stabilisert C-vitamin \u00f8ker motstanden, fremmer god vekst og forhindrer mangelsykdommer p\u00e5 grunn av feil ern\u00e6ring<br \/>\n&#8211; ingen sykdomsfare gjennom patogener sammenlignet med frossent f\u00f4r<br \/>\n&#8211; fremmer trivsel, naturlig fargeprakt og god vekst<\/p>","protected":false},"featured_media":1982,"comment_status":"open","ping_status":"closed","template":"","meta":{"_uf_show_specific_survey":0,"_uf_disable_surveys":false},"pwb-brand":[3970],"product_brand":[],"product_cat":[2292,3111,231],"product_tag":[6417],"class_list":{"0":"post-1964","1":"product","2":"type-product","3":"status-publish","4":"has-post-thumbnail","6":"pwb-brand-tetra","7":"product_cat-fiskemat","8":"product_cat-granulat","9":"product_cat-tetra-fiskefor","10":"product_tag-granulat-fiskfoder","12":"first","13":"instock","14":"taxable","15":"shipping-taxable","16":"purchasable","17":"product-type-simple"},"exclude_global_add_ons":[],"addons":[],"brands":[{"id":3970,"name":"Tetra","slug":"tetra"}],"_links":{"self":[{"href":"https:\/\/pim.fuglebutikken.no\/nb\/wp-json\/wp\/v2\/product\/1964","targetHints":{"allow":["GET"]}}],"collection":[{"href":"https:\/\/pim.fuglebutikken.no\/nb\/wp-json\/wp\/v2\/product"}],"about":[{"href":"https:\/\/pim.fuglebutikken.no\/nb\/wp-json\/wp\/v2\/types\/product"}],"replies":[{"embeddable":true,"href":"https:\/\/pim.fuglebutikken.no\/nb\/wp-json\/wp\/v2\/comments?post=1964"}],"wp:featuredmedia":[{"embeddable":true,"href":"https:\/\/pim.fuglebutikken.no\/nb\/wp-json\/wp\/v2\/media\/1982"}],"wp:attachment":[{"href":"https:\/\/pim.fuglebutikken.no\/nb\/wp-json\/wp\/v2\/media?parent=1964"}],"wp:term":[{"taxonomy":"pwb-brand","embeddable":true,"href":"https:\/\/pim.fuglebutikken.no\/nb\/wp-json\/wp\/v2\/pwb-brand?post=1964"},{"taxonomy":"product_brand","embeddable":true,"href":"https:\/\/pim.fuglebutikken.no\/nb\/wp-json\/wp\/v2\/product_brand?post=1964"},{"taxonomy":"product_cat","embeddable":true,"href":"https:\/\/pim.fuglebutikken.no\/nb\/wp-json\/wp\/v2\/product_cat?post=1964"},{"taxonomy":"product_tag","embeddable":true,"href":"https:\/\/pim.fuglebutikken.no\/nb\/wp-json\/wp\/v2\/product_tag?post=1964"}],"curies":[{"name":"wp","href":"https:\/\/api.w.org\/{rel}","templated":true}]}}