{"id":1960,"date":"2020-03-01T14:58:40","date_gmt":"2020-03-01T13:58:40","guid":{"rendered":"https:\/\/274105-www.web.tornado-node.net\/product\/import-placeholder-for-209\/"},"modified":"2023-11-29T09:35:41","modified_gmt":"2023-11-29T08:35:41","slug":"tetra-cichlid-colour-mini-500ml","status":"publish","type":"product","link":"https:\/\/pim.fuglebutikken.no\/nb\/produkt\/tetra-cichlid-colour-mini-500ml\/","title":{"rendered":"Tetra Cichlid Colour Mini 500ml"},"content":{"rendered":"<h2>Tetra Cichlid Colour Mini 500ml<\/h2>\n<p id=\"tw-target-text\" class=\"tw-data-text tw-text-large tw-ta\" dir=\"ltr\" data-placeholder=\"Oversettelse\" data-ved=\"2ahUKEwjcgaW-udeCAxXwPxAIHe-PBS4Q3ewLegQIBRAQ\"><strong><span class=\"Y2IQFc\" lang=\"no\">Beskrivelse<\/span><\/strong><\/p>\n<p class=\"tw-data-text tw-text-large tw-ta\" dir=\"ltr\" data-placeholder=\"Oversettelse\" data-ved=\"2ahUKEwjcgaW-udeCAxXwPxAIHe-PBS4Q3ewLegQIBRAQ\"><span class=\"Y2IQFc\" lang=\"no\">Ern\u00e6ringsmessig balansert premiumf\u00f4r for ciklider. <\/span><\/p>\n<ul>\n<li class=\"tw-data-text tw-text-large tw-ta\" dir=\"ltr\" data-placeholder=\"Oversettelse\" data-ved=\"2ahUKEwjcgaW-udeCAxXwPxAIHe-PBS4Q3ewLegQIBRAQ\"><span class=\"Y2IQFc\" lang=\"no\">Rik p\u00e5 proteiner av h\u00f8y kvalitet og andre n\u00e6ringsstoffer for \u00e5 dekke ciklidens ern\u00e6ringsbehov. <\/span><\/li>\n<li class=\"tw-data-text tw-text-large tw-ta\" dir=\"ltr\" data-placeholder=\"Oversettelse\" data-ved=\"2ahUKEwjcgaW-udeCAxXwPxAIHe-PBS4Q3ewLegQIBRAQ\"><span class=\"Y2IQFc\" lang=\"no\">Inneholder naturlige fargeforsterkere for en klar farging av alle r\u00f8de, oransje og gule ciklider. <\/span><\/li>\n<li class=\"tw-data-text tw-text-large tw-ta\" dir=\"ltr\" data-placeholder=\"Oversettelse\" data-ved=\"2ahUKEwjcgaW-udeCAxXwPxAIHe-PBS4Q3ewLegQIBRAQ\"><span class=\"Y2IQFc\" lang=\"no\">Spesielt egnet for altetende og planteetende ciklider. <\/span><\/li>\n<li class=\"tw-data-text tw-text-large tw-ta\" dir=\"ltr\" data-placeholder=\"Oversettelse\" data-ved=\"2ahUKEwjcgaW-udeCAxXwPxAIHe-PBS4Q3ewLegQIBRAQ\"><span class=\"Y2IQFc\" lang=\"no\">Minist\u00f8rrelse egnet for sm\u00e5 ciklider <\/span><\/li>\n<li class=\"tw-data-text tw-text-large tw-ta\" dir=\"ltr\" data-placeholder=\"Oversettelse\" data-ved=\"2ahUKEwjcgaW-udeCAxXwPxAIHe-PBS4Q3ewLegQIBRAQ\"><span class=\"Y2IQFc\" lang=\"no\">Med patentert Active Formula for et langt og sunt liv. <\/span><\/li>\n<li class=\"tw-data-text tw-text-large tw-ta\" dir=\"ltr\" data-placeholder=\"Oversettelse\" data-ved=\"2ahUKEwjcgaW-udeCAxXwPxAIHe-PBS4Q3ewLegQIBRAQ\"><span class=\"Y2IQFc\" lang=\"no\">F\u00f4ringsveiledning: Gi sm\u00e5 porsjoner flere ganger daglig. <\/span><\/li>\n<\/ul>\n<p>&nbsp;<\/p>\n<p><strong><span class=\"Y2IQFc\" lang=\"no\">Detaljer <\/span><\/strong><\/p>\n<p><span class=\"Y2IQFc\" lang=\"no\">SAMMENSETNING Korn, Vegetabilske eggehviteekstrakter, Fisk og fiskebiprodukter, Gj\u00e6r, Bl\u00f8tdyr og krepsdyr, Olje og fett, Mineraler, Alger. <\/span><\/p>\n<p><span class=\"Y2IQFc\" lang=\"no\">ANALYTISKE BESTANDDELER R\u00e5protein 43,0 %, R\u00e5fett 5,0 %, Plantefiber 2,0 %, Fuktighetsinnhold 8,0 %. <\/span><\/p>\n<p><span class=\"Y2IQFc\" lang=\"no\">TILSETNINGER (PR. KG) Vitaminer: Vitamin D3 1885 IE\/kg. Sporelementer: Mangan (mangan (II) sulfat, monohydrat) 100 mg\/kg, Sink (sinksulfat, monohydrat) 63 mg\/kg, Jern (jern (II) sulfat, monohydrat) 41 mg\/kg. Fargestoffer, konserveringsmidler, antioksidanter.<\/span><\/p>","protected":false},"excerpt":{"rendered":"<h3>Tetra Cichlid Colour Mini 500ml<\/h3>\n<p>Ern\u00e6ringsmessig balansert premiumf\u00f4r for ciklider.<\/p>\n<p>&#8211; Rik p\u00e5 protein av h\u00f8y kvalitet og andre n\u00e6ringsstoffer for \u00e5 dekke ciklidenes ern\u00e6ringsmessige behov.<br \/>\n&#8211; Inneholder naturlige fargeforsterker for en klar fargesetting av alle r\u00f8de, oransje og gule ciklider.<br \/>\n&#8211; Spesielt egnet for altetende og planteetende ciklider.<br \/>\n&#8211; Mini st\u00f8rrelse som passer for sm\u00e5 ciklider<br \/>\n&#8211; Med patentert Active Formula for et langt og sunt liv.<\/p>\n<p>F\u00f4ringsguide: Gi sm\u00e5 porsjoner flere ganger om dagen.<\/p>","protected":false},"featured_media":1978,"comment_status":"open","ping_status":"closed","template":"","meta":{"_uf_show_specific_survey":0,"_uf_disable_surveys":false},"pwb-brand":[3970],"product_brand":[],"product_cat":[3114,2292,3111,231],"product_tag":[6420],"class_list":{"0":"post-1960","1":"product","2":"type-product","3":"status-publish","4":"has-post-thumbnail","6":"pwb-brand-tetra","7":"product_cat-ciklidefor","8":"product_cat-fiskemat","9":"product_cat-granulat","10":"product_cat-tetra-fiskefor","11":"product_tag-pellets-fiskfoder","13":"first","14":"instock","15":"taxable","16":"shipping-taxable","17":"purchasable","18":"product-type-simple"},"exclude_global_add_ons":[],"addons":[],"brands":[{"id":3970,"name":"Tetra","slug":"tetra"}],"_links":{"self":[{"href":"https:\/\/pim.fuglebutikken.no\/nb\/wp-json\/wp\/v2\/product\/1960","targetHints":{"allow":["GET"]}}],"collection":[{"href":"https:\/\/pim.fuglebutikken.no\/nb\/wp-json\/wp\/v2\/product"}],"about":[{"href":"https:\/\/pim.fuglebutikken.no\/nb\/wp-json\/wp\/v2\/types\/product"}],"replies":[{"embeddable":true,"href":"https:\/\/pim.fuglebutikken.no\/nb\/wp-json\/wp\/v2\/comments?post=1960"}],"wp:featuredmedia":[{"embeddable":true,"href":"https:\/\/pim.fuglebutikken.no\/nb\/wp-json\/wp\/v2\/media\/1978"}],"wp:attachment":[{"href":"https:\/\/pim.fuglebutikken.no\/nb\/wp-json\/wp\/v2\/media?parent=1960"}],"wp:term":[{"taxonomy":"pwb-brand","embeddable":true,"href":"https:\/\/pim.fuglebutikken.no\/nb\/wp-json\/wp\/v2\/pwb-brand?post=1960"},{"taxonomy":"product_brand","embeddable":true,"href":"https:\/\/pim.fuglebutikken.no\/nb\/wp-json\/wp\/v2\/product_brand?post=1960"},{"taxonomy":"product_cat","embeddable":true,"href":"https:\/\/pim.fuglebutikken.no\/nb\/wp-json\/wp\/v2\/product_cat?post=1960"},{"taxonomy":"product_tag","embeddable":true,"href":"https:\/\/pim.fuglebutikken.no\/nb\/wp-json\/wp\/v2\/product_tag?post=1960"}],"curies":[{"name":"wp","href":"https:\/\/api.w.org\/{rel}","templated":true}]}}