{"id":1943,"date":"2020-03-01T14:58:39","date_gmt":"2020-03-01T13:58:39","guid":{"rendered":"https:\/\/274105-www.web.tornado-node.net\/product\/import-placeholder-for-187\/"},"modified":"2023-12-01T18:40:12","modified_gmt":"2023-12-01T17:40:12","slug":"tetraphyll","status":"publish","type":"product","link":"https:\/\/pim.fuglebutikken.no\/nb\/produkt\/tetraphyll\/","title":{"rendered":"Tetraphyll"},"content":{"rendered":"<p>TetraPhyll kan fint brukes til for eksempel sl\u00f8rhaler, sverddrager, platy, neontetra og guppy.<br \/>\nPasser ogs\u00e5 bra til algespisene Malawi chichlider.<br \/>\nN\u00e5r flakene faller til bunnen, spises de av algespisere som otocinclus, ancistrus og andre maller.<\/p>","protected":false},"excerpt":{"rendered":"<p>Tetraphyll er et bra flakf\u00f4r til de aller fleste planteetende fiskearter. F\u00f4ret er vegetabilsk, og er best til fiskearter som ikke er kj\u00f8ttetere.<\/p>","protected":false},"featured_media":1968,"comment_status":"open","ping_status":"closed","template":"","meta":{"_uf_show_specific_survey":0,"_uf_disable_surveys":false},"pwb-brand":[3970],"product_brand":[],"product_cat":[2292,3110,231],"product_tag":[],"class_list":{"0":"post-1943","1":"product","2":"type-product","3":"status-publish","4":"has-post-thumbnail","6":"pwb-brand-tetra","7":"product_cat-fiskemat","8":"product_cat-flakfor","9":"product_cat-tetra-fiskefor","11":"first","12":"instock","13":"taxable","14":"shipping-taxable","15":"purchasable","16":"product-type-variable","17":"has-default-attributes"},"exclude_global_add_ons":[],"addons":[],"brands":[{"id":3970,"name":"Tetra","slug":"tetra"}],"_links":{"self":[{"href":"https:\/\/pim.fuglebutikken.no\/nb\/wp-json\/wp\/v2\/product\/1943","targetHints":{"allow":["GET"]}}],"collection":[{"href":"https:\/\/pim.fuglebutikken.no\/nb\/wp-json\/wp\/v2\/product"}],"about":[{"href":"https:\/\/pim.fuglebutikken.no\/nb\/wp-json\/wp\/v2\/types\/product"}],"replies":[{"embeddable":true,"href":"https:\/\/pim.fuglebutikken.no\/nb\/wp-json\/wp\/v2\/comments?post=1943"}],"wp:featuredmedia":[{"embeddable":true,"href":"https:\/\/pim.fuglebutikken.no\/nb\/wp-json\/wp\/v2\/media\/1968"}],"wp:attachment":[{"href":"https:\/\/pim.fuglebutikken.no\/nb\/wp-json\/wp\/v2\/media?parent=1943"}],"wp:term":[{"taxonomy":"pwb-brand","embeddable":true,"href":"https:\/\/pim.fuglebutikken.no\/nb\/wp-json\/wp\/v2\/pwb-brand?post=1943"},{"taxonomy":"product_brand","embeddable":true,"href":"https:\/\/pim.fuglebutikken.no\/nb\/wp-json\/wp\/v2\/product_brand?post=1943"},{"taxonomy":"product_cat","embeddable":true,"href":"https:\/\/pim.fuglebutikken.no\/nb\/wp-json\/wp\/v2\/product_cat?post=1943"},{"taxonomy":"product_tag","embeddable":true,"href":"https:\/\/pim.fuglebutikken.no\/nb\/wp-json\/wp\/v2\/product_tag?post=1943"}],"curies":[{"name":"wp","href":"https:\/\/api.w.org\/{rel}","templated":true}]}}