{"id":1906,"date":"2020-03-01T14:58:30","date_gmt":"2020-03-01T13:58:30","guid":{"rendered":"https:\/\/274105-www.web.tornado-node.net\/product\/import-placeholder-for-156\/"},"modified":"2023-08-10T00:31:28","modified_gmt":"2023-08-09T22:31:28","slug":"tetrapro-menu","status":"publish","type":"product","link":"https:\/\/pim.fuglebutikken.no\/nb\/produkt\/tetrapro-menu\/","title":{"rendered":"Tetrapro Menu 250ml"},"content":{"rendered":"<h2>Tetrapro Menu 250ml<\/h2>\n<p>TetraPRO-menyen kombinerer alle fordelene med de forskjellige multi-chipsene:<\/p>\n<p>Selv om det ekstra energikonsentratet i Energy Multi-Crisps forbedrer vitaliteten, f\u00e5r Color Multi-Crisps frem fiskens naturlige farge. Alger Multi-Crisps fremmer motstand og Growth Multi-Crisps oppmuntrer til vekst. Den innovative 2-fargeteknologien representerer visuelt de ekstra fordelene med de forskjellige multi-chipsene. De smuldrer ogs\u00e5 betydelig mindre enn normale flak, noe som reduserer mengden matst\u00f8v i beholderne betydelig. Prebiotika av h\u00f8y kvalitet stimulerer spesifikt vekst og metabolisme av helsefremmende bakterier i tarmkanalen ved \u00e5 fungere som en foretrukket matkilde for nyttige bakterier. Dette minimerer vannforurensning.<\/p>\n<p>TetraPRO har definert en ny standard innen fiskeern\u00e6ring. Et komplett f\u00f4r i en f\u00f8rsteklasses meny med utmerket n\u00e6ringsverdi takket v\u00e6re den sk\u00e5nsomme produksjonsprosessen med lav varme. Fire forskjellige spr\u00f8 mat gir et variert kosthold: Alger Multi-Crisps for \u00f8kt motstand, Color Multi-Crisps for bedre farger, Energy Multi-Crisps for bedre energi og Growth Multi-Crisps for sunn vekst. TetraPRO inneholder ogs\u00e5 prebiotika av h\u00f8y kvalitet som fremmer ford\u00f8yelsen, som igjen gir bedre f\u00f4rutnyttelse og klart vann.<\/p>\n<p>Fisk og fiskebiprodukter, Korn, Vegetabilske eggehviteekstrakter, Gj\u00e6r, Olje og fett, Bl\u00f8tdyr og krepsdyr, Alger, Mineraler R\u00e5protein 46,0 %, R\u00e5olje og r\u00e5fett 12,0 %, Plantefiber 3,0 %, Fuktighetsinnhold 8,0 % .Vitaminer, provitaminer og kjemisk veldefinerte stoffer med lignende effekt: vitamin A 29780 IE\/kg, vitamin D3 1860 IE\/kg, L-karnitin 138 mg\/kg. Forbindelser av sporstoffer: E5 Mangan 67 mg\/kg, E6 Sink 40 mg\/kg, E1 Jern 26 mg\/kg. Fargestoffer, konserveringsmidler, antioksidanter.<\/p>","protected":false},"excerpt":{"rendered":"<h3>Tetrapro Menu 250ml<\/h3>\n<p>Tetrapro Menu 250ml er et f\u00f8rsteklasses f\u00f4r av h\u00f8y kvalitet med 4 forskjellige chips for f\u00f4ring av alle tropiske fisker. Innovativt Crisp-format for minimalt avfall og vannforurensning. TetraPro Menu inneholder energi, farge, vekst og alger Multi Crisps.<\/p>\n<div class=\"jhH5U\">\n<div id=\"tw-ob\" class=\"tw-src-ltr\">\n<div class=\"oSioSc\">\n<div id=\"tw-target\">\n<div id=\"kAz1tf\" class=\"g9WsWb\">\n<div id=\"tw-target-text-container\" class=\"tw-ta-container hide-focus-ring tw-nfl\">\n<p class=\"tw-data-text tw-text-large XcVN5d tw-ta\" dir=\"ltr\" data-placeholder=\"Oversettelse\"><span lang=\"no\">Den spesielle produksjonsmetoden gir TetraPRO Menu Multi-Crisps en veldig h\u00f8y n\u00e6ringsverdi. Multi-chipsene absorberer ogs\u00e5 mindre vann enn vanlig flakmat. Dette \u00f8ker n\u00e6ringsinnholdet per volum. Alle TetraPRO-matvarer tilbyr ogs\u00e5 et optimalisert protein-fettforhold. Dette sikrer at fisken bruker fettet til bevegelse og proteinet spesielt for \u00e5 bygge muskler.<\/span><\/p>\n<ul>\n<li dir=\"ltr\" data-placeholder=\"Oversettelse\">Inneholder fire forskjellige spr\u00f8 f\u00f4r for et variert kosthold<\/li>\n<li dir=\"ltr\" data-placeholder=\"Oversettelse\">Alger Multi-Crisps for \u00f8kt spenst<\/li>\n<li dir=\"ltr\" data-placeholder=\"Oversettelse\">Color Multi-Crisps for bedre farger<\/li>\n<li dir=\"ltr\" data-placeholder=\"Oversettelse\">Energy Multi-Crisps for bedre energi<\/li>\n<li dir=\"ltr\" data-placeholder=\"Oversettelse\">Growth Multi-Crisps for sunn vekst<\/li>\n<\/ul>\n<p dir=\"ltr\" data-placeholder=\"Oversettelse\">\n<\/div>\n<\/div>\n<\/div>\n<\/div>\n<\/div>\n<\/div>","protected":false},"featured_media":1927,"comment_status":"open","ping_status":"closed","template":"","meta":{"_uf_show_specific_survey":0,"_uf_disable_surveys":false},"pwb-brand":[3970],"product_brand":[],"product_cat":[4092,2292,3110,231],"product_tag":[6416],"class_list":{"0":"post-1906","1":"product","2":"type-product","3":"status-publish","4":"has-post-thumbnail","6":"pwb-brand-tetra","7":"product_cat-akvaristikk","8":"product_cat-fiskemat","9":"product_cat-flakfor","10":"product_cat-tetra-fiskefor","11":"product_tag-flingor-fiskfoder","13":"first","14":"instock","15":"taxable","16":"shipping-taxable","17":"purchasable","18":"product-type-simple"},"exclude_global_add_ons":[],"addons":[],"brands":[{"id":3970,"name":"Tetra","slug":"tetra"}],"_links":{"self":[{"href":"https:\/\/pim.fuglebutikken.no\/nb\/wp-json\/wp\/v2\/product\/1906","targetHints":{"allow":["GET"]}}],"collection":[{"href":"https:\/\/pim.fuglebutikken.no\/nb\/wp-json\/wp\/v2\/product"}],"about":[{"href":"https:\/\/pim.fuglebutikken.no\/nb\/wp-json\/wp\/v2\/types\/product"}],"replies":[{"embeddable":true,"href":"https:\/\/pim.fuglebutikken.no\/nb\/wp-json\/wp\/v2\/comments?post=1906"}],"wp:featuredmedia":[{"embeddable":true,"href":"https:\/\/pim.fuglebutikken.no\/nb\/wp-json\/wp\/v2\/media\/1927"}],"wp:attachment":[{"href":"https:\/\/pim.fuglebutikken.no\/nb\/wp-json\/wp\/v2\/media?parent=1906"}],"wp:term":[{"taxonomy":"pwb-brand","embeddable":true,"href":"https:\/\/pim.fuglebutikken.no\/nb\/wp-json\/wp\/v2\/pwb-brand?post=1906"},{"taxonomy":"product_brand","embeddable":true,"href":"https:\/\/pim.fuglebutikken.no\/nb\/wp-json\/wp\/v2\/product_brand?post=1906"},{"taxonomy":"product_cat","embeddable":true,"href":"https:\/\/pim.fuglebutikken.no\/nb\/wp-json\/wp\/v2\/product_cat?post=1906"},{"taxonomy":"product_tag","embeddable":true,"href":"https:\/\/pim.fuglebutikken.no\/nb\/wp-json\/wp\/v2\/product_tag?post=1906"}],"curies":[{"name":"wp","href":"https:\/\/api.w.org\/{rel}","templated":true}]}}