{"id":1899,"date":"2020-03-01T14:58:29","date_gmt":"2020-03-01T13:58:29","guid":{"rendered":"https:\/\/274105-www.web.tornado-node.net\/product\/import-placeholder-for-149\/"},"modified":"2024-06-13T23:06:30","modified_gmt":"2024-06-13T21:06:30","slug":"tetramin-crisps","status":"publish","type":"product","link":"https:\/\/pim.fuglebutikken.no\/nb\/produkt\/tetramin-crisps\/","title":{"rendered":"Tetramin Crisps"},"content":{"rendered":"<h2>Tetramin Crisps<\/h2>\n<p id=\"tw-target-text\" class=\"tw-data-text tw-text-large tw-ta\" dir=\"ltr\" data-placeholder=\"Oversettelse\" data-ved=\"2ahUKEwjcgaW-udeCAxXwPxAIHe-PBS4Q3ewLegQIBRAQ\"><strong><span class=\"Y2IQFc\" lang=\"no\">Detaljer <\/span><\/strong><\/p>\n<p class=\"tw-data-text tw-text-large tw-ta\" dir=\"ltr\" data-placeholder=\"Oversettelse\" data-ved=\"2ahUKEwjcgaW-udeCAxXwPxAIHe-PBS4Q3ewLegQIBRAQ\"><span class=\"Y2IQFc\" lang=\"no\">SAMMENSETNING Fisk og fiskebiprodukter, Vegetabilske eggehviteekstrakter, Korn, Gj\u00e6r, Olje og fett, Bl\u00f8tdyr og krepsdyr, Sukker (Oligofruktose 1%), Alger. <\/span><\/p>\n<p class=\"tw-data-text tw-text-large tw-ta\" dir=\"ltr\" data-placeholder=\"Oversettelse\" data-ved=\"2ahUKEwjcgaW-udeCAxXwPxAIHe-PBS4Q3ewLegQIBRAQ\"><span class=\"Y2IQFc\" lang=\"no\">ANALYTISKE BESTANDDELER R\u00e5protein 46,0 %, R\u00e5olje og r\u00e5fett 12,0 %, Plantefiber 3,0 %, Fuktighetsinnhold 8,0 %. <\/span><\/p>\n<p class=\"tw-data-text tw-text-large tw-ta\" dir=\"ltr\" data-placeholder=\"Oversettelse\" data-ved=\"2ahUKEwjcgaW-udeCAxXwPxAIHe-PBS4Q3ewLegQIBRAQ\"><span class=\"Y2IQFc\" lang=\"no\">TILSETNINGER (PER KG) Vitaminer, provitaminer og kjemisk veldefinerte stoffer med lignende effekt: vitamin A 30650 IE\/kg, vitamin D3 1915 IE\/kg, L-karnitin 125 mg\/kg. Forbindelser av sporstoffer: Mangan (mangan (II) sulfat, monohydrat) 69 mg\/kg, Sink (sinksulfat, monohydrat) 41 mg\/kg, Jern (jern (II) sulfat, monohydrat) 27 mg\/kg. Fargestoffer, konserveringsmidler, antioksidanter.<\/span><\/p>","protected":false},"excerpt":{"rendered":"<h3>Tetramin Crisps<\/h3>\n<p>er basisf\u00f4r til all dekorativ fisk &#8211; h\u00f8y n\u00e6ringsverdi p\u00e5 grunn av Tetras milde produksjonsprosess. Ideal skarp blanding for all prydfisk produsert ved hjelp av den unike produksjonsprosessen med lav varme. Viktige n\u00e6ringsstoffer bevares det optimerte protein-fettforholdet muliggj\u00f8r bedre bruk av n\u00e6ringsstoffer. Det sikrer bedre utnyttelse av maten\u00a0 regelmessig f\u00f4ring f\u00f8rer til en reduksjon i vannforurensning, en reduksjon av nitratniv\u00e5er og gir bedre vannkvalitet.<\/p>","protected":false},"featured_media":1925,"comment_status":"open","ping_status":"closed","template":"","meta":{"_uf_show_specific_survey":0,"_uf_disable_surveys":false},"pwb-brand":[3970],"product_brand":[],"product_cat":[4092,2292,3110,231,7264],"product_tag":[],"class_list":{"0":"post-1899","1":"product","2":"type-product","3":"status-publish","4":"has-post-thumbnail","6":"pwb-brand-tetra","7":"product_cat-akvaristikk","8":"product_cat-fiskemat","9":"product_cat-flakfor","10":"product_cat-tetra-fiskefor","11":"product_cat-tetramin","13":"first","14":"instock","15":"taxable","16":"shipping-taxable","17":"purchasable","18":"product-type-variable","19":"has-default-attributes"},"exclude_global_add_ons":[],"addons":[],"brands":[{"id":3970,"name":"Tetra","slug":"tetra"}],"_links":{"self":[{"href":"https:\/\/pim.fuglebutikken.no\/nb\/wp-json\/wp\/v2\/product\/1899","targetHints":{"allow":["GET"]}}],"collection":[{"href":"https:\/\/pim.fuglebutikken.no\/nb\/wp-json\/wp\/v2\/product"}],"about":[{"href":"https:\/\/pim.fuglebutikken.no\/nb\/wp-json\/wp\/v2\/types\/product"}],"replies":[{"embeddable":true,"href":"https:\/\/pim.fuglebutikken.no\/nb\/wp-json\/wp\/v2\/comments?post=1899"}],"wp:featuredmedia":[{"embeddable":true,"href":"https:\/\/pim.fuglebutikken.no\/nb\/wp-json\/wp\/v2\/media\/1925"}],"wp:attachment":[{"href":"https:\/\/pim.fuglebutikken.no\/nb\/wp-json\/wp\/v2\/media?parent=1899"}],"wp:term":[{"taxonomy":"pwb-brand","embeddable":true,"href":"https:\/\/pim.fuglebutikken.no\/nb\/wp-json\/wp\/v2\/pwb-brand?post=1899"},{"taxonomy":"product_brand","embeddable":true,"href":"https:\/\/pim.fuglebutikken.no\/nb\/wp-json\/wp\/v2\/product_brand?post=1899"},{"taxonomy":"product_cat","embeddable":true,"href":"https:\/\/pim.fuglebutikken.no\/nb\/wp-json\/wp\/v2\/product_cat?post=1899"},{"taxonomy":"product_tag","embeddable":true,"href":"https:\/\/pim.fuglebutikken.no\/nb\/wp-json\/wp\/v2\/product_tag?post=1899"}],"curies":[{"name":"wp","href":"https:\/\/api.w.org\/{rel}","templated":true}]}}