{"id":185,"date":"2020-02-22T18:09:38","date_gmt":"2020-02-22T17:09:38","guid":{"rendered":"https:\/\/274105-www.web.tornado-node.net\/product\/import-placeholder-for-420\/"},"modified":"2024-03-09T11:16:37","modified_gmt":"2024-03-09T10:16:37","slug":"dueblanding","status":"publish","type":"product","link":"https:\/\/pim.fuglebutikken.no\/nb\/produkt\/dueblanding\/","title":{"rendered":"Dueblanding"},"content":{"rendered":"<p>Dueblanding<\/p>","protected":false},"excerpt":{"rendered":"<p>Dueblanding<\/p>\n<p>Sammensetning: Popcornmais, hvete, r\u00f8d sorrel, gr\u00f8nne erter, gule erter, saflerfr\u00f8, gul hirse, hvit sorrel, r\u00f8d sorrel, bygg.<\/p>","protected":false},"featured_media":208,"comment_status":"closed","ping_status":"closed","template":"","meta":{"_uf_show_specific_survey":0,"_uf_disable_surveys":false},"pwb-brand":[3903],"product_brand":[],"product_cat":[16,68,4063,23,4064,4034,30],"product_tag":[],"class_list":{"0":"post-185","1":"product","2":"type-product","3":"status-publish","4":"has-post-thumbnail","6":"pwb-brand-bello","7":"product_cat-fugl","8":"product_cat-fuglemat","9":"product_cat-smadyr","10":"product_cat-spise","11":"product_cat-utedyr","12":"product_cat-utefugl","13":"product_cat-utefugl-mat","15":"first","16":"instock","17":"taxable","18":"shipping-taxable","19":"purchasable","20":"product-type-variable","21":"has-default-attributes"},"exclude_global_add_ons":[],"addons":[],"brands":[{"id":3903,"name":"Bello","slug":"bello"}],"_links":{"self":[{"href":"https:\/\/pim.fuglebutikken.no\/nb\/wp-json\/wp\/v2\/product\/185","targetHints":{"allow":["GET"]}}],"collection":[{"href":"https:\/\/pim.fuglebutikken.no\/nb\/wp-json\/wp\/v2\/product"}],"about":[{"href":"https:\/\/pim.fuglebutikken.no\/nb\/wp-json\/wp\/v2\/types\/product"}],"replies":[{"embeddable":true,"href":"https:\/\/pim.fuglebutikken.no\/nb\/wp-json\/wp\/v2\/comments?post=185"}],"wp:featuredmedia":[{"embeddable":true,"href":"https:\/\/pim.fuglebutikken.no\/nb\/wp-json\/wp\/v2\/media\/208"}],"wp:attachment":[{"href":"https:\/\/pim.fuglebutikken.no\/nb\/wp-json\/wp\/v2\/media?parent=185"}],"wp:term":[{"taxonomy":"pwb-brand","embeddable":true,"href":"https:\/\/pim.fuglebutikken.no\/nb\/wp-json\/wp\/v2\/pwb-brand?post=185"},{"taxonomy":"product_brand","embeddable":true,"href":"https:\/\/pim.fuglebutikken.no\/nb\/wp-json\/wp\/v2\/product_brand?post=185"},{"taxonomy":"product_cat","embeddable":true,"href":"https:\/\/pim.fuglebutikken.no\/nb\/wp-json\/wp\/v2\/product_cat?post=185"},{"taxonomy":"product_tag","embeddable":true,"href":"https:\/\/pim.fuglebutikken.no\/nb\/wp-json\/wp\/v2\/product_tag?post=185"}],"curies":[{"name":"wp","href":"https:\/\/api.w.org\/{rel}","templated":true}]}}