{"id":15459,"date":"2020-05-11T18:19:13","date_gmt":"2020-05-11T16:19:13","guid":{"rendered":"https:\/\/274105-www.web.tornado-node.net\/?post_type=product&#038;p=15459"},"modified":"2023-03-20T22:39:45","modified_gmt":"2023-03-20T21:39:45","slug":"elegance-trolley-44x40x30-cm","status":"publish","type":"product","link":"https:\/\/pim.fuglebutikken.no\/nb\/produkt\/elegance-trolley-44x40x30-cm\/","title":{"rendered":"Elegance Trolley 44x40x30 cm"},"content":{"rendered":"<div class=\"jhH5U\">\n<div id=\"tw-ob\" class=\"tw-src-ltr\">\n<div class=\"oSioSc\">\n<div id=\"tw-target\">\n<div id=\"kAz1tf\" class=\"g9WsWb\">\n<div id=\"tw-target-text-container\" class=\"tw-ta-container hide-focus-ring tw-nfl\">\n<p id=\"tw-target-text\" class=\"tw-data-text tw-text-large XcVN5d tw-ta\" dir=\"ltr\" data-placeholder=\"Oversettelse\"><span class=\"Y2IQFc\" lang=\"no\">For \u00e5 transportere katten din enten til veterin\u00e6ren eller p\u00e5 tur, tilbyr vi et stort utvalg av poser, ryggsekker, traller eller transportkasser. P\u00e5 den m\u00e5ten er katten din godt sikret og reiser komfortabelt. Hvis du reiser med offentlig transport, er det best \u00e5 sp\u00f8rre transportselskapet hvordan en katt best kan transporteres. Har bunnplate som kan tas ut \u00e5 vaskes.<\/span><\/p>\n<\/div>\n<\/div>\n<\/div>\n<\/div>\n<\/div>\n<div>\n<div><\/div>\n<\/div>\n<\/div>\n<p>&nbsp;<\/p>\n<p>&nbsp;<\/p>","protected":false},"excerpt":{"rendered":"<p>Elegance Trolley 44x40x30 cm er perfekt for transport av hund\/katt opptil 10 kg. Slitesterk nylon, med nettinsats for god ventilasjon. Hjul og h\u00e5ndtak for trilling. H\u00e5ndtak for b\u00e6ring. Kan \u00e5pnes b\u00e5de i topp og foran. Integrert line forhindrer at dyret hopper ut. Ekstra lomme til drikkeflaske, godbiter eller lignende.<\/p>","protected":false},"featured_media":15460,"comment_status":"open","ping_status":"closed","template":"","meta":{"_uf_show_specific_survey":0,"_uf_disable_surveys":false},"pwb-brand":[3899],"product_brand":[],"product_cat":[969,1316,1049,665,731,732,1082],"product_tag":[3900,6894,3030,6895,3034,907],"class_list":{"0":"post-15459","1":"product","2":"type-product","3":"status-publish","4":"has-post-thumbnail","6":"pwb-brand-trixie","7":"product_cat-hund","8":"product_cat-baere-og-trille","9":"product_cat-bur-og-sikkerhet","10":"product_cat-katt","11":"product_cat-katteutstilling","12":"product_cat-reiseutstyr-og-bur","13":"product_cat-stoffbur","14":"product_tag-baereveske","15":"product_tag-hundebur-og-transportvesker","16":"product_tag-hundesekk","17":"product_tag-hundevesker-og-ryggsekker","18":"product_tag-ryggsekk","19":"product_tag-transportveske","21":"first","22":"instock","23":"taxable","24":"shipping-taxable","25":"purchasable","26":"product-type-simple"},"exclude_global_add_ons":[],"addons":[],"brands":[{"id":3899,"name":"Trixie","slug":"trixie"}],"_links":{"self":[{"href":"https:\/\/pim.fuglebutikken.no\/nb\/wp-json\/wp\/v2\/product\/15459","targetHints":{"allow":["GET"]}}],"collection":[{"href":"https:\/\/pim.fuglebutikken.no\/nb\/wp-json\/wp\/v2\/product"}],"about":[{"href":"https:\/\/pim.fuglebutikken.no\/nb\/wp-json\/wp\/v2\/types\/product"}],"replies":[{"embeddable":true,"href":"https:\/\/pim.fuglebutikken.no\/nb\/wp-json\/wp\/v2\/comments?post=15459"}],"wp:featuredmedia":[{"embeddable":true,"href":"https:\/\/pim.fuglebutikken.no\/nb\/wp-json\/wp\/v2\/media\/15460"}],"wp:attachment":[{"href":"https:\/\/pim.fuglebutikken.no\/nb\/wp-json\/wp\/v2\/media?parent=15459"}],"wp:term":[{"taxonomy":"pwb-brand","embeddable":true,"href":"https:\/\/pim.fuglebutikken.no\/nb\/wp-json\/wp\/v2\/pwb-brand?post=15459"},{"taxonomy":"product_brand","embeddable":true,"href":"https:\/\/pim.fuglebutikken.no\/nb\/wp-json\/wp\/v2\/product_brand?post=15459"},{"taxonomy":"product_cat","embeddable":true,"href":"https:\/\/pim.fuglebutikken.no\/nb\/wp-json\/wp\/v2\/product_cat?post=15459"},{"taxonomy":"product_tag","embeddable":true,"href":"https:\/\/pim.fuglebutikken.no\/nb\/wp-json\/wp\/v2\/product_tag?post=15459"}],"curies":[{"name":"wp","href":"https:\/\/api.w.org\/{rel}","templated":true}]}}