{"id":14565,"date":"2020-04-29T20:56:59","date_gmt":"2020-04-29T18:56:59","guid":{"rendered":"https:\/\/274105-www.web.tornado-node.net\/?post_type=product&#038;p=14565"},"modified":"2023-08-08T22:14:11","modified_gmt":"2023-08-08T20:14:11","slug":"led-lampe-3-5w","status":"publish","type":"product","link":"https:\/\/pim.fuglebutikken.no\/nb\/produkt\/led-lampe-3-5w\/","title":{"rendered":"LED- lampe 3.5W"},"content":{"rendered":"","protected":false},"excerpt":{"rendered":"<p>LED- lampe 3.5W,<br \/>\nLiten LED-lampe som passer fint til sm\u00e5 akvarium eller glassboller.<\/p>\n<p>Skaftet kan b\u00f8yes, s\u00e5 justeres lett etter eget \u00f8nske.<\/p>\n<p>Festes til glasskant med stammes skrue p\u00e5 festepunktet.<\/p>","protected":false},"featured_media":14559,"comment_status":"open","ping_status":"closed","template":"","meta":{"_uf_show_specific_survey":0,"_uf_disable_surveys":false},"pwb-brand":[],"product_brand":[],"product_cat":[353,268,3706],"product_tag":[654,2156,1788,2154],"class_list":{"0":"post-14565","1":"product","2":"type-product","3":"status-publish","4":"has-post-thumbnail","6":"product_cat-akvarium-som-hobby","7":"product_cat-akvarium-lys-og-varme","8":"product_cat-led-belysning","9":"product_tag-akvarium","10":"product_tag-led-lys","11":"product_tag-nano","12":"product_tag-nano-led","14":"first","15":"instock","16":"taxable","17":"shipping-taxable","18":"purchasable","19":"product-type-simple"},"exclude_global_add_ons":[],"addons":[],"brands":[],"_links":{"self":[{"href":"https:\/\/pim.fuglebutikken.no\/nb\/wp-json\/wp\/v2\/product\/14565","targetHints":{"allow":["GET"]}}],"collection":[{"href":"https:\/\/pim.fuglebutikken.no\/nb\/wp-json\/wp\/v2\/product"}],"about":[{"href":"https:\/\/pim.fuglebutikken.no\/nb\/wp-json\/wp\/v2\/types\/product"}],"replies":[{"embeddable":true,"href":"https:\/\/pim.fuglebutikken.no\/nb\/wp-json\/wp\/v2\/comments?post=14565"}],"wp:featuredmedia":[{"embeddable":true,"href":"https:\/\/pim.fuglebutikken.no\/nb\/wp-json\/wp\/v2\/media\/14559"}],"wp:attachment":[{"href":"https:\/\/pim.fuglebutikken.no\/nb\/wp-json\/wp\/v2\/media?parent=14565"}],"wp:term":[{"taxonomy":"pwb-brand","embeddable":true,"href":"https:\/\/pim.fuglebutikken.no\/nb\/wp-json\/wp\/v2\/pwb-brand?post=14565"},{"taxonomy":"product_brand","embeddable":true,"href":"https:\/\/pim.fuglebutikken.no\/nb\/wp-json\/wp\/v2\/product_brand?post=14565"},{"taxonomy":"product_cat","embeddable":true,"href":"https:\/\/pim.fuglebutikken.no\/nb\/wp-json\/wp\/v2\/product_cat?post=14565"},{"taxonomy":"product_tag","embeddable":true,"href":"https:\/\/pim.fuglebutikken.no\/nb\/wp-json\/wp\/v2\/product_tag?post=14565"}],"curies":[{"name":"wp","href":"https:\/\/api.w.org\/{rel}","templated":true}]}}