{"id":13824,"date":"2020-04-13T16:10:21","date_gmt":"2020-04-13T14:10:21","guid":{"rendered":"https:\/\/274105-www.web.tornado-node.net\/?post_type=product&#038;p=13824"},"modified":"2022-11-07T13:27:29","modified_gmt":"2022-11-07T12:27:29","slug":"spratts-kam-nr-67","status":"publish","type":"product","link":"https:\/\/pim.fuglebutikken.no\/nb\/produkt\/spratts-kam-nr-67\/","title":{"rendered":"Spratts Kam Nr. 67"},"content":{"rendered":"<h2>Spratts Kam Nr. 67<\/h2>","protected":false},"excerpt":{"rendered":"<h3>Spratts Kam Nr. 67<\/h3>\n<p>Solid st\u00e5l kam som sliter pelsen minimalt. De grove taggene ytterst gj\u00f8r det lett \u00e5 n\u00f8ste opp i floker, mens de tette innerst drar med seg godt med pels.<\/p>\n<p>Passer til b\u00e5de hunder og katter.<\/p>","protected":false},"featured_media":13825,"comment_status":"open","ping_status":"closed","template":"","meta":{"_uf_show_specific_survey":0,"_uf_disable_surveys":false},"pwb-brand":[5980],"product_brand":[],"product_cat":[969,1278,1007,724,726,665,1468,1009,725],"product_tag":[2027,2029,2030,2028],"class_list":{"0":"post-13824","1":"product","2":"type-product","3":"status-publish","4":"has-post-thumbnail","6":"pwb-brand-spratts","7":"product_cat-hund","8":"product_cat-borster_kammer_karder","9":"product_cat-hygiene-hund","10":"product_cat-hygiene-og-pels","11":"product_cat-kammer","12":"product_cat-katt","13":"product_cat-katt-som-hobby","14":"product_cat-pelsverktoy-hund","15":"product_cat-pelsverktoy_katt","16":"product_tag-kam","17":"product_tag-pelsverktoy","18":"product_tag-spratts","19":"product_tag-stalkam","21":"first","22":"instock","23":"taxable","24":"shipping-taxable","25":"purchasable","26":"product-type-simple"},"exclude_global_add_ons":[],"addons":[],"brands":[{"id":5980,"name":"Spratts","slug":"spratts"}],"_links":{"self":[{"href":"https:\/\/pim.fuglebutikken.no\/nb\/wp-json\/wp\/v2\/product\/13824","targetHints":{"allow":["GET"]}}],"collection":[{"href":"https:\/\/pim.fuglebutikken.no\/nb\/wp-json\/wp\/v2\/product"}],"about":[{"href":"https:\/\/pim.fuglebutikken.no\/nb\/wp-json\/wp\/v2\/types\/product"}],"replies":[{"embeddable":true,"href":"https:\/\/pim.fuglebutikken.no\/nb\/wp-json\/wp\/v2\/comments?post=13824"}],"wp:featuredmedia":[{"embeddable":true,"href":"https:\/\/pim.fuglebutikken.no\/nb\/wp-json\/wp\/v2\/media\/13825"}],"wp:attachment":[{"href":"https:\/\/pim.fuglebutikken.no\/nb\/wp-json\/wp\/v2\/media?parent=13824"}],"wp:term":[{"taxonomy":"pwb-brand","embeddable":true,"href":"https:\/\/pim.fuglebutikken.no\/nb\/wp-json\/wp\/v2\/pwb-brand?post=13824"},{"taxonomy":"product_brand","embeddable":true,"href":"https:\/\/pim.fuglebutikken.no\/nb\/wp-json\/wp\/v2\/product_brand?post=13824"},{"taxonomy":"product_cat","embeddable":true,"href":"https:\/\/pim.fuglebutikken.no\/nb\/wp-json\/wp\/v2\/product_cat?post=13824"},{"taxonomy":"product_tag","embeddable":true,"href":"https:\/\/pim.fuglebutikken.no\/nb\/wp-json\/wp\/v2\/product_tag?post=13824"}],"curies":[{"name":"wp","href":"https:\/\/api.w.org\/{rel}","templated":true}]}}