{"id":1356,"date":"2020-03-01T14:40:26","date_gmt":"2020-03-01T13:40:26","guid":{"rendered":"https:\/\/274105-www.web.tornado-node.net\/product\/import-placeholder-for-3119\/"},"modified":"2022-10-21T10:18:02","modified_gmt":"2022-10-21T08:18:02","slug":"treblokk-til-hamster","status":"publish","type":"product","link":"https:\/\/pim.fuglebutikken.no\/nb\/produkt\/treblokk-til-hamster\/","title":{"rendered":"Treblokk til hamster 7&#215;10 cm"},"content":{"rendered":"<h2>Treblokk til hamster 7&#215;10 cm<\/h2>\n<p>Dersom man har anledning er det smart \u00e5 bruke naturlig og ugiftige produkter i bur til b\u00e5de dyr og fugler. Hamster, rotter, mus og andre kj\u00e6ledyr trenger \u00e5 aktivisere seg. Har du bur med flere niv\u00e5er kan det v\u00e6re morsomt \u00e5 bruke flere slike trehyller \u00e5 lage en stige til dine kj\u00e6ledyr. Undulater, parakitter og papeg\u00f8yer trives ogs\u00e5 med slike trehyller og du kan med fordel montere flere slike i ditt bur. Hva med \u00e5 bruke slike trehyller ved siden av mat og drikkeplasser for dine fugler?<\/p>","protected":false},"excerpt":{"rendered":"<h3>Treblokk til hamster 7&#215;10 cm fra Trixie<\/h3>\n<ul>\n<li>Trehylle med skruefeste<\/li>\n<li>Brukes ogs\u00e5 til fugler og reptiler<\/li>\n<li>Egnet som klatrehjelp\/stige, kj\u00f8p flere og bruk de som stige oppover<\/li>\n<\/ul>\n<p>tre med bark<br \/>\nHelsen til dyret ditt er viktig for oss. Det er derfor v\u00e5re Natural Living-artikler er laget av bartre uten harpikskanaler, fordi harpiks kan v\u00e6re giftig for noen dyr og fugler. Treverket som bearbeides avgir ikke harpiks og gjennomg\u00e5r en grundig t\u00f8rkeprosess f\u00f8r bearbeiding. Limet som bearbeides er ogs\u00e5 ikke giftig for dyrene og best\u00e5r av gummi el celluloseblanding.<\/p>\n<p><img loading=\"lazy\" decoding=\"async\" class=\"alignnone size-full wp-image-62908\" src=\"https:\/\/fuglebutikken.no\/wp-content\/uploads\/2020\/03\/10489_naturalliving_XrbMkrM.png\" alt=\"\" width=\"170\" height=\"85\" srcset=\"\/wp-content\/uploads\/2020\/03\/10489_naturalliving_XrbMkrM.png 170w, \/wp-content\/uploads\/2020\/03\/10489_naturalliving_XrbMkrM-64x32.png 64w\" sizes=\"auto, (max-width: 170px) 100vw, 170px\" \/><\/p>","protected":false},"featured_media":62910,"comment_status":"open","ping_status":"closed","template":"","meta":{"_uf_show_specific_survey":0,"_uf_disable_surveys":false},"pwb-brand":[3899],"product_brand":[],"product_cat":[18,166,16,26,168,423,430,5644,4063,2073],"product_tag":[20],"class_list":{"0":"post-1356","1":"product","2":"type-product","3":"status-publish","4":"has-post-thumbnail","6":"pwb-brand-trixie","7":"product_cat-bur-tilbehor","8":"product_cat-burinventar","9":"product_cat-fugl","10":"product_cat-fugleleker-og-aktivitet","11":"product_cat-leke-og-aktivitet","12":"product_cat-reptil","13":"product_cat-reptildekor","14":"product_cat-sittepinner","15":"product_cat-smadyr","16":"product_cat-tilbehor-til-smadyr-bur","17":"product_tag-undulat","19":"first","20":"instock","21":"taxable","22":"shipping-taxable","23":"purchasable","24":"product-type-simple"},"exclude_global_add_ons":[],"addons":[],"brands":[{"id":3899,"name":"Trixie","slug":"trixie"}],"_links":{"self":[{"href":"https:\/\/pim.fuglebutikken.no\/nb\/wp-json\/wp\/v2\/product\/1356","targetHints":{"allow":["GET"]}}],"collection":[{"href":"https:\/\/pim.fuglebutikken.no\/nb\/wp-json\/wp\/v2\/product"}],"about":[{"href":"https:\/\/pim.fuglebutikken.no\/nb\/wp-json\/wp\/v2\/types\/product"}],"replies":[{"embeddable":true,"href":"https:\/\/pim.fuglebutikken.no\/nb\/wp-json\/wp\/v2\/comments?post=1356"}],"wp:featuredmedia":[{"embeddable":true,"href":"https:\/\/pim.fuglebutikken.no\/nb\/wp-json\/wp\/v2\/media\/62910"}],"wp:attachment":[{"href":"https:\/\/pim.fuglebutikken.no\/nb\/wp-json\/wp\/v2\/media?parent=1356"}],"wp:term":[{"taxonomy":"pwb-brand","embeddable":true,"href":"https:\/\/pim.fuglebutikken.no\/nb\/wp-json\/wp\/v2\/pwb-brand?post=1356"},{"taxonomy":"product_brand","embeddable":true,"href":"https:\/\/pim.fuglebutikken.no\/nb\/wp-json\/wp\/v2\/product_brand?post=1356"},{"taxonomy":"product_cat","embeddable":true,"href":"https:\/\/pim.fuglebutikken.no\/nb\/wp-json\/wp\/v2\/product_cat?post=1356"},{"taxonomy":"product_tag","embeddable":true,"href":"https:\/\/pim.fuglebutikken.no\/nb\/wp-json\/wp\/v2\/product_tag?post=1356"}],"curies":[{"name":"wp","href":"https:\/\/api.w.org\/{rel}","templated":true}]}}