{"id":1237,"date":"2020-03-01T14:39:47","date_gmt":"2020-03-01T13:39:47","guid":{"rendered":"https:\/\/274105-www.web.tornado-node.net\/product\/import-placeholder-for-2912\/"},"modified":"2023-11-10T14:36:38","modified_gmt":"2023-11-10T13:36:38","slug":"fp-mini-duna-multi-mix-55x39x27-cm","status":"publish","type":"product","link":"https:\/\/pim.fuglebutikken.no\/nb\/produkt\/fp-mini-duna-multi-mix-55x39x27-cm\/","title":{"rendered":"FP Mini duna multi mix 55x39x27 cm"},"content":{"rendered":"<div class=\"jhH5U\">\n<div id=\"tw-ob\" class=\"tw-src-ltr\">\n<div class=\"oSioSc\">\n<div id=\"tw-target\">\n<div id=\"kAz1tf\" class=\"g9WsWb\">\n<div id=\"tw-target-text-container\" class=\"tw-ta-container hide-focus-ring tw-nfl\">\n<p id=\"tw-target-text\" class=\"tw-data-text tw-text-large XcVN5d tw-ta\" dir=\"ltr\" data-placeholder=\"Oversettelse\"><span class=\"Y2IQFc\" lang=\"no\">Mini Duna Hamster er et solid hamsterbur av plast med et gjennomsiktig tak og et nett som er designet for \u00e5 sikre luftsirkulasjon og kan \u00e5pnes helt for rengj\u00f8ring. Dette habitatet har en spesiell intern hylle i gjennomsiktig bl\u00e5 plast, slik at du kan se kj\u00e6ledyret ditt perfekt. I tillegg til de innvendige beslagene, har dette buret annet tilbeh\u00f8r, inkludert et lite hus, en matesk\u00e5l av plast, en drikkeflaske festet med en sugepute, en stige og et hjul.<\/span><\/p>\n<\/div>\n<\/div>\n<\/div>\n<\/div>\n<\/div>\n<div class=\"dURPtb\"><\/div>\n<div>\n<div><\/div>\n<\/div>\n<\/div>","protected":false},"excerpt":{"rendered":"<p>FP Mini duna multi mix 55x39x27 cm<\/p>\n<ul>\n<li>Plast gjennomsiktig tak.<\/li>\n<li>Ledningsnett for \u00e5 sikre ventilasjon innvendig.<\/li>\n<li>Avtakbart underlag for enkel rengj\u00f8ring.<\/li>\n<\/ul>\n<p>Buret er uten tilbeh\u00f8r. Ass farger<\/p>","protected":false},"featured_media":32495,"comment_status":"open","ping_status":"closed","template":"","meta":{"_uf_show_specific_survey":0,"_uf_disable_surveys":false},"pwb-brand":[3861],"product_brand":[],"product_cat":[160,161,4063],"product_tag":[],"class_list":{"0":"post-1237","1":"product","2":"type-product","3":"status-publish","4":"has-post-thumbnail","6":"pwb-brand-ferplast","7":"product_cat-dyr-bur","8":"product_cat-hamster-og-musebur","9":"product_cat-smadyr","11":"first","12":"instock","13":"taxable","14":"shipping-taxable","15":"purchasable","16":"product-type-simple"},"exclude_global_add_ons":[],"addons":[],"brands":[{"id":3861,"name":"Ferplast","slug":"ferplast"}],"_links":{"self":[{"href":"https:\/\/pim.fuglebutikken.no\/nb\/wp-json\/wp\/v2\/product\/1237","targetHints":{"allow":["GET"]}}],"collection":[{"href":"https:\/\/pim.fuglebutikken.no\/nb\/wp-json\/wp\/v2\/product"}],"about":[{"href":"https:\/\/pim.fuglebutikken.no\/nb\/wp-json\/wp\/v2\/types\/product"}],"replies":[{"embeddable":true,"href":"https:\/\/pim.fuglebutikken.no\/nb\/wp-json\/wp\/v2\/comments?post=1237"}],"wp:featuredmedia":[{"embeddable":true,"href":"https:\/\/pim.fuglebutikken.no\/nb\/wp-json\/wp\/v2\/media\/32495"}],"wp:attachment":[{"href":"https:\/\/pim.fuglebutikken.no\/nb\/wp-json\/wp\/v2\/media?parent=1237"}],"wp:term":[{"taxonomy":"pwb-brand","embeddable":true,"href":"https:\/\/pim.fuglebutikken.no\/nb\/wp-json\/wp\/v2\/pwb-brand?post=1237"},{"taxonomy":"product_brand","embeddable":true,"href":"https:\/\/pim.fuglebutikken.no\/nb\/wp-json\/wp\/v2\/product_brand?post=1237"},{"taxonomy":"product_cat","embeddable":true,"href":"https:\/\/pim.fuglebutikken.no\/nb\/wp-json\/wp\/v2\/product_cat?post=1237"},{"taxonomy":"product_tag","embeddable":true,"href":"https:\/\/pim.fuglebutikken.no\/nb\/wp-json\/wp\/v2\/product_tag?post=1237"}],"curies":[{"name":"wp","href":"https:\/\/api.w.org\/{rel}","templated":true}]}}