{"id":1232,"date":"2020-03-01T14:39:47","date_gmt":"2020-03-01T13:39:47","guid":{"rendered":"https:\/\/274105-www.web.tornado-node.net\/product\/import-placeholder-for-2903\/"},"modified":"2023-09-21T11:08:35","modified_gmt":"2023-09-21T09:08:35","slug":"hamsterbur-ferplast-criceti","status":"publish","type":"product","link":"https:\/\/pim.fuglebutikken.no\/nb\/produkt\/hamsterbur-ferplast-criceti\/","title":{"rendered":"Hamsterbur Ferplast Criceti 100 hvit-gr\u00e5 95x57x50cm"},"content":{"rendered":"<h2 id=\"tw-target-text\" class=\"tw-data-text tw-text-large XcVN5d tw-ta\" dir=\"ltr\" data-placeholder=\"Oversettelse\"><span lang=\"no\">Hamsterbur Ferplast Criceti 100 hvit-gr\u00e5 95x57x50cm<\/span><\/h2>\n<p class=\"tw-data-text tw-text-large XcVN5d tw-ta\" dir=\"ltr\" data-placeholder=\"Oversettelse\"><span lang=\"no\">ferplast hamsterbur, i samsvar med de strengeste europeiske standardene for burets dimensjon, s\u00f8rger Criceti 100 for god plass og komfort for din lille venn. Habitatet er delt i tre etasjer, med trapper for \u00e5 skape forskjellige omr\u00e5der for bruk gjennom dagen. Takket v\u00e6re den romslige bunnen inneholder \\ f\u00f8rste etasje kullsanden effektivt, slik at den ikke s\u00f8ler ut og lar hamsteren gjemme seg og ha det g\u00f8y \u00e5 grave rundt. I de \u00f8verste etasjene kan hamsteren spise, drikke, leke eller hvile med det uunnv\u00e6rlige tilbeh\u00f8ret som f\u00f8lger med: boller, vannplass, hjul og rede. Tilbeh\u00f8ret kan plasseres i henhold til hamsterens preferanser.<\/span><\/p>\n<p id=\"tw-target-text\" class=\"tw-data-text tw-text-large XcVN5d tw-ta\" dir=\"ltr\" data-placeholder=\"Oversettelse\"><span lang=\"no\">Criceti 100 er et hamsterbur bygget av h\u00f8ykvalitets materialer: metallnettet er lakkert, mens strukturen har plasts\u00f8yler og rammer for ekstra soliditet og stabilitet. Den \u00f8vre delen har et \u00e5pningsbart, bredt og praktisk rutenett for enkel tilgang til den indre delen n\u00e5r det gjelder vedlikehold. Sikkert for kj\u00e6ledyret ditt, gitteret kan enkelt l\u00e5ses takket v\u00e6re de roterende sikkerhetskrokene. Den nederste delen, den \u00f8verste delen og gitteret kan enkelt l\u00f8snes for \u00e5 gj\u00f8re rengj\u00f8ringen enklere. Criceti 100 er klar til \u00e5 kobles til andre levende moduler, r\u00f8r eller annet gnagertilbeh\u00f8r.<\/span><\/p>","protected":false},"excerpt":{"rendered":"<h3>Hamsterbur Ferplast Criceti 100 hvit-gr\u00e5 95x57x50cm<\/h3>\n<p id=\"tw-target-text\" class=\"tw-data-text tw-text-large XcVN5d tw-ta\" dir=\"ltr\" data-placeholder=\"Oversettelse\"><span lang=\"no\">Tre-etasjers modulbur for hamstere, sikrer maksimal komfort og store boliger.<\/span><\/p>\n<ul>\n<li class=\"tw-data-text tw-text-large XcVN5d tw-ta\" data-placeholder=\"Oversettelse\"><span lang=\"no\">Tre-etasjers modul\u00e6rt stort bur til hamster.<\/span><\/li>\n<li class=\"tw-data-text tw-text-large XcVN5d tw-ta\" data-placeholder=\"Oversettelse\"><span lang=\"no\">Robust bunn av inneslutning av plast.<\/span><\/li>\n<li class=\"tw-data-text tw-text-large XcVN5d tw-ta\" data-placeholder=\"Oversettelse\"><span lang=\"no\">Lakkert metallnett med forsterkede hj\u00f8rnebeskyttere og kanter.<\/span><\/li>\n<li class=\"tw-data-text tw-text-large XcVN5d tw-ta\" data-placeholder=\"Oversettelse\"><span lang=\"no\"> Helt avtakbar toppdel, l\u00e5st p\u00e5 plass med praktiske kroker.<\/span><\/li>\n<li class=\"tw-data-text tw-text-large XcVN5d tw-ta\" data-placeholder=\"Oversettelse\"><span lang=\"no\"> Bunn, rutenett og toppdel er lett avtakbar for rengj\u00f8ring Inkludert tilbeh\u00f8r: 2 matsk\u00e5ler (store og sm\u00e5), 1 tut, 1 reir hus, 1 hamsterhjul, 2 etasjer, 2 sett med trapper.<\/span><\/li>\n<li class=\"tw-data-text tw-text-large XcVN5d tw-ta\" data-placeholder=\"Oversettelse\"><span lang=\"no\"> Kan festes til andre bur eller levende moduler for hamstere.<\/span><\/li>\n<\/ul>","protected":false},"featured_media":17531,"comment_status":"open","ping_status":"closed","template":"","meta":{"_uf_show_specific_survey":0,"_uf_disable_surveys":false},"pwb-brand":[3861],"product_brand":[],"product_cat":[160,161,4063],"product_tag":[2813,3198],"class_list":{"0":"post-1232","1":"product","2":"type-product","3":"status-publish","4":"has-post-thumbnail","6":"pwb-brand-ferplast","7":"product_cat-dyr-bur","8":"product_cat-hamster-og-musebur","9":"product_cat-smadyr","10":"product_tag-hamster","11":"product_tag-hamsterbur","13":"first","14":"instock","15":"downloadable","16":"taxable","17":"shipping-taxable","18":"purchasable","19":"product-type-simple"},"exclude_global_add_ons":[],"addons":[],"brands":[{"id":3861,"name":"Ferplast","slug":"ferplast"}],"_links":{"self":[{"href":"https:\/\/pim.fuglebutikken.no\/nb\/wp-json\/wp\/v2\/product\/1232","targetHints":{"allow":["GET"]}}],"collection":[{"href":"https:\/\/pim.fuglebutikken.no\/nb\/wp-json\/wp\/v2\/product"}],"about":[{"href":"https:\/\/pim.fuglebutikken.no\/nb\/wp-json\/wp\/v2\/types\/product"}],"replies":[{"embeddable":true,"href":"https:\/\/pim.fuglebutikken.no\/nb\/wp-json\/wp\/v2\/comments?post=1232"}],"wp:featuredmedia":[{"embeddable":true,"href":"https:\/\/pim.fuglebutikken.no\/nb\/wp-json\/wp\/v2\/media\/17531"}],"wp:attachment":[{"href":"https:\/\/pim.fuglebutikken.no\/nb\/wp-json\/wp\/v2\/media?parent=1232"}],"wp:term":[{"taxonomy":"pwb-brand","embeddable":true,"href":"https:\/\/pim.fuglebutikken.no\/nb\/wp-json\/wp\/v2\/pwb-brand?post=1232"},{"taxonomy":"product_brand","embeddable":true,"href":"https:\/\/pim.fuglebutikken.no\/nb\/wp-json\/wp\/v2\/product_brand?post=1232"},{"taxonomy":"product_cat","embeddable":true,"href":"https:\/\/pim.fuglebutikken.no\/nb\/wp-json\/wp\/v2\/product_cat?post=1232"},{"taxonomy":"product_tag","embeddable":true,"href":"https:\/\/pim.fuglebutikken.no\/nb\/wp-json\/wp\/v2\/product_tag?post=1232"}],"curies":[{"name":"wp","href":"https:\/\/api.w.org\/{rel}","templated":true}]}}