{"id":11938,"date":"2020-03-28T13:07:22","date_gmt":"2020-03-28T12:07:22","guid":{"rendered":"https:\/\/274105-www.web.tornado-node.net\/?post_type=product&#038;p=11938"},"modified":"2023-10-04T15:16:44","modified_gmt":"2023-10-04T13:16:44","slug":"tiki-vannfontene","status":"publish","type":"product","link":"https:\/\/pim.fuglebutikken.no\/nb\/produkt\/tiki-vannfontene\/","title":{"rendered":"Tiki vannfontene"},"content":{"rendered":"<h1>Tiki vannfontene<\/h1>\n<p><iframe loading=\"lazy\" title=\"Exo Terra New Tiki Waterfall 2018\" width=\"800\" height=\"450\" src=\"https:\/\/www.youtube.com\/embed\/yVg2IE3XpIE?feature=oembed\" frameborder=\"0\" allow=\"accelerometer; autoplay; clipboard-write; encrypted-media; gyroscope; picture-in-picture; web-share\" referrerpolicy=\"strict-origin-when-cross-origin\" allowfullscreen><\/iframe><\/p>","protected":false},"excerpt":{"rendered":"<p>Tiki vannfontene<br \/>\nExo Terra Tiki vannfontene er unike ornamenter i hawaiisk \/ polynesisk Tiki-stil.<\/p>\n<p>Stammekarakteren skapper ethvert terrarium til et Tiki-terrarium. Disse fossefallene brukes av reptiler og amfibier for \u00e5 drikke\/skappe fuktighet, men ogs\u00e5 funksjonelle og dekorative til fugl og sm\u00e5dyr eller dekorasjon i akvariet.. Det fossende vannet stimulerer den naturlige drikkeoppf\u00f8rselen til flere reppriler, som bl.a kameleoner, anoler, vanndrager osv.<\/p>\n<p>Rengj\u00f8ring er enkelt, ettersom fossen kan demonteres i to deler. En pumpe er inkludert for \u00e5 gi vannsirkulasjon.<\/p>","protected":false},"featured_media":11943,"comment_status":"open","ping_status":"closed","template":"","meta":{"_uf_show_specific_survey":0,"_uf_disable_surveys":false},"pwb-brand":[3912],"product_brand":[],"product_cat":[423,256,396,353,160,166,16,17,33,451,178,432,434,430,4063,444],"product_tag":[],"class_list":{"0":"post-11938","1":"product","2":"type-product","3":"status-publish","4":"has-post-thumbnail","6":"pwb-brand-exoterra","7":"product_cat-reptil","8":"product_cat-grus-og-dekor","9":"product_cat-akvariedekor","10":"product_cat-akvarium-som-hobby","11":"product_cat-dyr-bur","12":"product_cat-burinventar","13":"product_cat-fugl","14":"product_cat-fugl-bur","15":"product_cat-fugleskaler-og-automater","16":"product_cat-grotter-huler","17":"product_cat-matskaler","18":"product_cat-planter-dekorasjoner","19":"product_cat-pumper-filter","20":"product_cat-reptildekor","21":"product_cat-smadyr","22":"product_cat-vann-og-forskal","24":"first","25":"instock","26":"taxable","27":"shipping-taxable","28":"purchasable","29":"product-type-variable","30":"has-default-attributes"},"exclude_global_add_ons":[],"addons":[],"brands":[{"id":3912,"name":"Exoterra","slug":"exoterra"}],"_links":{"self":[{"href":"https:\/\/pim.fuglebutikken.no\/nb\/wp-json\/wp\/v2\/product\/11938","targetHints":{"allow":["GET"]}}],"collection":[{"href":"https:\/\/pim.fuglebutikken.no\/nb\/wp-json\/wp\/v2\/product"}],"about":[{"href":"https:\/\/pim.fuglebutikken.no\/nb\/wp-json\/wp\/v2\/types\/product"}],"replies":[{"embeddable":true,"href":"https:\/\/pim.fuglebutikken.no\/nb\/wp-json\/wp\/v2\/comments?post=11938"}],"wp:featuredmedia":[{"embeddable":true,"href":"https:\/\/pim.fuglebutikken.no\/nb\/wp-json\/wp\/v2\/media\/11943"}],"wp:attachment":[{"href":"https:\/\/pim.fuglebutikken.no\/nb\/wp-json\/wp\/v2\/media?parent=11938"}],"wp:term":[{"taxonomy":"pwb-brand","embeddable":true,"href":"https:\/\/pim.fuglebutikken.no\/nb\/wp-json\/wp\/v2\/pwb-brand?post=11938"},{"taxonomy":"product_brand","embeddable":true,"href":"https:\/\/pim.fuglebutikken.no\/nb\/wp-json\/wp\/v2\/product_brand?post=11938"},{"taxonomy":"product_cat","embeddable":true,"href":"https:\/\/pim.fuglebutikken.no\/nb\/wp-json\/wp\/v2\/product_cat?post=11938"},{"taxonomy":"product_tag","embeddable":true,"href":"https:\/\/pim.fuglebutikken.no\/nb\/wp-json\/wp\/v2\/product_tag?post=11938"}],"curies":[{"name":"wp","href":"https:\/\/api.w.org\/{rel}","templated":true}]}}