{"id":10385,"date":"2020-03-22T13:05:23","date_gmt":"2020-03-22T12:05:23","guid":{"rendered":"https:\/\/274105-www.web.tornado-node.net\/?post_type=product&#038;p=10385"},"modified":"2023-03-31T10:52:22","modified_gmt":"2023-03-31T08:52:22","slug":"robur-senior","status":"publish","type":"product","link":"https:\/\/pim.fuglebutikken.no\/nb\/produkt\/robur-senior\/","title":{"rendered":"Robur senior"},"content":{"rendered":"<div id=\"prodinfoleft\">\n<p>F\u00f6r hundar &gt; 1 \u00e5r | 23% protein, 12% fett<\/p>\n<p>&nbsp;<\/p>\n<p>Detta helfoder, lagat p\u00e5 ett vetefritt recept, \u00e4r naturligt optimerat f\u00f6r vuxna och \u00e4ldre hundar. Tillsatt taurin som fr\u00e4mjar ett v\u00e4lm\u00e5ende hj\u00e4rta och v\u00e5rt specialdesignade paket f\u00f6r ledh\u00e4lsa ger ett foder med<br \/>\nmaximal omtanke. Det inneh\u00e5ller \u00e4ven f\u00e4rsk svensk kyckling med h\u00f6g sm\u00e4ltbarhet.<\/p>\n<p>&nbsp;<\/p>\n<p><strong>Sammans\u00e4ttning<\/strong>: Kyckling 30% (torkad kyckling 20%, f\u00e4rsk svensk kyckling* 10%), majs*, ris*, majsgroddar\/majskimer*, benfett*, torkad potatis\/kartoffel*, torkad betmassa\/roepulp* (avsockrad\/afsukret), hydrolyserad kyckling, mineral\u00e4mnen\/mineraler, linfr\u00f6\/h\u00f8rfro*, cikoriainulin* (FOS 0,63%), j\u00e4st\/g\u00e6r* (varav \u00df-1,3\/1,6- glukaner 0,05%), glukosamin* (0,05%), MSM* (0,03%), torkad gr\u00f6nl\u00e4ppad mussla\/gr\u00f8nnleppemusling* (0,01%), kondroitinsulfat* (0,004%).<br \/>\n*Naturliga r\u00e5varor.<\/p>\n<p>&nbsp;<\/p>\n<p><strong>Tillsatser (per kg):<\/strong>\u00a0N\u00e4ringstillsatser\/tils\u00e6tningstoffer med ern\u00e6ringsm\u00e6ssige egenskaber: Vitamin A 15000IE, vitamin D3 1000IE, vitamin E 200mg (all-rac-\u03b1-tokoferylacetat), vitamin C 400mg, taurin 1000mg, koppar(II)sulfat, pentahydrat 23mg; mangan(II)oxid\/mangan(III)oxid 10mg; zinksulfat, monohydrat 113mg; kalciumjodat, anhydrat 20mg; selenj\u00e4st\/seleng\u00e6r 50mg. Tekniska tillsatser\/teknologiske tils\u00e6tningsstoffer: Antioxidanter (naturliga).<\/p>\n<p>&nbsp;<\/p>\n<p><strong>Analytiska best\u00e5ndsdelar:<\/strong>\u00a0Protein 23%, fettinneh\u00e5ll 12%, kolhydrater\/karbohydrater (NFE) 45%, v\u00e4xttr\u00e5d\/r\u00e5fiber 3,5%, r\u00e5aska (mineraler) 6% (varav kalcium 1,2% och fosfor 1,0%), vatten\/vand 10%. Oms\u00e4ttbar\/oms\u00e6ttelig energi 1420kJ\/100g<\/p>\n<\/div>","protected":false},"excerpt":{"rendered":"<p>Robur senior<br \/>\nHelf\u00f4r til voksne og senior hunder med normalt aktivitetsniv\u00e5.<\/p>","protected":false},"featured_media":10389,"comment_status":"open","ping_status":"closed","template":"","meta":{"_uf_show_specific_survey":0,"_uf_disable_surveys":false},"pwb-brand":[3991,3964],"product_brand":[],"product_cat":[969,1076,1559,3343,1119],"product_tag":[],"class_list":{"0":"post-10385","1":"product","2":"type-product","3":"status-publish","4":"has-post-thumbnail","6":"pwb-brand-robur","7":"pwb-brand-robur-bozita","8":"product_cat-hund","9":"product_cat-hundemat-og-kosttilskudd","10":"product_cat-robur-bozita","11":"product_cat-seniorfor-hund","12":"product_cat-torrfor-hundemat-og-kosttilskudd","14":"first","15":"instock","16":"taxable","17":"shipping-taxable","18":"purchasable","19":"product-type-variable","20":"has-default-attributes"},"exclude_global_add_ons":[],"addons":[],"brands":[{"id":3991,"name":"Robur","slug":"robur"},{"id":3964,"name":"Robur Bozita","slug":"robur-bozita"}],"_links":{"self":[{"href":"https:\/\/pim.fuglebutikken.no\/nb\/wp-json\/wp\/v2\/product\/10385","targetHints":{"allow":["GET"]}}],"collection":[{"href":"https:\/\/pim.fuglebutikken.no\/nb\/wp-json\/wp\/v2\/product"}],"about":[{"href":"https:\/\/pim.fuglebutikken.no\/nb\/wp-json\/wp\/v2\/types\/product"}],"replies":[{"embeddable":true,"href":"https:\/\/pim.fuglebutikken.no\/nb\/wp-json\/wp\/v2\/comments?post=10385"}],"wp:featuredmedia":[{"embeddable":true,"href":"https:\/\/pim.fuglebutikken.no\/nb\/wp-json\/wp\/v2\/media\/10389"}],"wp:attachment":[{"href":"https:\/\/pim.fuglebutikken.no\/nb\/wp-json\/wp\/v2\/media?parent=10385"}],"wp:term":[{"taxonomy":"pwb-brand","embeddable":true,"href":"https:\/\/pim.fuglebutikken.no\/nb\/wp-json\/wp\/v2\/pwb-brand?post=10385"},{"taxonomy":"product_brand","embeddable":true,"href":"https:\/\/pim.fuglebutikken.no\/nb\/wp-json\/wp\/v2\/product_brand?post=10385"},{"taxonomy":"product_cat","embeddable":true,"href":"https:\/\/pim.fuglebutikken.no\/nb\/wp-json\/wp\/v2\/product_cat?post=10385"},{"taxonomy":"product_tag","embeddable":true,"href":"https:\/\/pim.fuglebutikken.no\/nb\/wp-json\/wp\/v2\/product_tag?post=10385"}],"curies":[{"name":"wp","href":"https:\/\/api.w.org\/{rel}","templated":true}]}}